{"id":1035,"date":"2025-02-25T20:23:02","date_gmt":"2025-02-25T20:23:02","guid":{"rendered":"https:\/\/www.hcac.pt\/wordpress\/?page_id=1035"},"modified":"2025-07-22T19:47:00","modified_gmt":"2025-07-22T19:47:00","slug":"areas-ocupacionais","status":"publish","type":"page","link":"https:\/\/www.coop-acasa.pt\/index.php\/areas-ocupacionais\/","title":{"rendered":"\u00c1reas Ocupacionais"},"content":{"rendered":"<div class=\"anterior\">\n<form>\n <input type=\"button\" value=\"&#8249; P\u00e1gina anterior\" onclick=\"history.back()\"><br \/>\n<\/form>\n<\/div>\n<div style=\"display: flex; flex-wrap: wrap;\">\n<div class=\"designbox\" style=\"width: 22%; padding: 0px; text-align: center; min-width:170px; margin-top:20px;\">\n<div style=\"height: 130px; margin-bottom:20px\"><img style=\"height: 100%; width: 100%;  object-fit: cover\" src=\"https:\/\/www.coop-acasa.pt\/wp-content\/uploads\/2025\/02\/ocupacionais.jpg\" class=\"neve-site-logo skip-lazy\" alt=\"\" data-variant=\"logo\" decoding=\"async\"><br \/><span style=\"padding:20px\"><\/div>\n<h5>Exerc\u00edcio F\u00edsico<\/h5>\n<p>Plano  integrado.<\/div>\n<div class=\"designbox\" style=\"width: 22%; padding: 0px; text-align: center; min-width:170px; margin-top:20px;\">\n<div style=\"height: 130px; margin-bottom:20px\"><img style=\"height: 100%; width: 100%;  object-fit: cover\" src=\"https:\/\/www.coop-acasa.pt\/wp-content\/uploads\/2025\/02\/ocupacionais2.jpg\" class=\"neve-site-logo skip-lazy\" alt=\"\" data-variant=\"logo\" decoding=\"async\"><\/div>\n<h5>Sala de Culto<\/h5>\n<p>Multireligiosa.<\/div>\n<div class=\"designbox\" style=\"width: 22%; padding: 0px; text-align: center; min-width:170px; margin-top:20px;\">\n<div style=\"height: 130px; margin-bottom:20px\"><img style=\"height: 100%; width: 100%;  object-fit: cover\" src=\"https:\/\/www.coop-acasa.pt\/wp-content\/uploads\/2025\/02\/ocupacionais3.jpg\" class=\"neve-site-logo skip-lazy\" alt=\"\" data-variant=\"logo\" decoding=\"async\"><\/div>\n<h5>Salas Ocupacionais<\/h5>\n<p> Est\u00e3o previstas 6 salas, carpintaria, eletr\u00f3nica, pintura, escrita, etc.\n<\/div>\n<div class=\"designbox\" style=\"width: 22%; padding: 0px; text-align: center; min-width:170px; margin-top:20px;\">\n<div style=\"height: 130px; margin-bottom:20px\"><img style=\"height: 100%; width: 100%;  object-fit: cover\" src=\"https:\/\/www.coop-acasa.pt\/wp-content\/uploads\/2025\/02\/ocupacionais4.png\" class=\"neve-site-logo skip-lazy\" alt=\"\" data-variant=\"logo\" decoding=\"async\"><\/div>\n<h5>Gest\u00e3o Cooperativa<\/h5>\n<p>Ser\u00e1  profissionalizada, mas haver\u00e1 muito espa\u00e7o para cooperadores.\n<\/div>\n<\/div>\n<p style=\"height:10px\">\n","protected":false},"excerpt":{"rendered":"<p>Exerc\u00edcio F\u00edsico Plano integrado. Sala de Culto Multireligiosa. Salas Ocupacionais Est\u00e3o previstas 6 salas, carpintaria, eletr\u00f3nica, pintura, escrita, etc. Gest\u00e3o Cooperativa Ser\u00e1 profissionalizada, mas haver\u00e1 muito espa\u00e7o para cooperadores.<\/p>\n","protected":false},"author":1,"featured_media":0,"parent":0,"menu_order":0,"comment_status":"closed","ping_status":"closed","template":"","meta":{"footnotes":""},"class_list":["post-1035","page","type-page","status-publish","hentry"],"blocksy_meta":[],"yoast_head":"<!-- This site is optimized with the Yoast SEO plugin v25.5 - https:\/\/yoast.com\/wordpress\/plugins\/seo\/ -->\n<title>\u00c1reas Ocupacionais - A Casa<\/title>\n<meta name=\"description\" content=\"cooperativas de habita\u00e7\u00e3o cohousing cooperativas de habita\u00e7\u00e3o envelhecimento ativo coop acasa portugal lisboa\" \/>\n<meta name=\"robots\" content=\"index, follow, max-snippet:-1, max-image-preview:large, max-video-preview:-1\" \/>\n<link rel=\"canonical\" href=\"https:\/\/www.coop-acasa.pt\/index.php\/areas-ocupacionais\/\" \/>\n<script type=\"application\/ld+json\" class=\"yoast-schema-graph\">{\"@context\":\"https:\/\/schema.org\",\"@graph\":[{\"@type\":\"WebPage\",\"@id\":\"https:\/\/www.coop-acasa.pt\/index.php\/areas-ocupacionais\/\",\"url\":\"https:\/\/www.coop-acasa.pt\/index.php\/areas-ocupacionais\/\",\"name\":\"\u00c1reas Ocupacionais - A Casa\",\"isPartOf\":{\"@id\":\"https:\/\/www.coop-acasa.pt\/#website\"},\"primaryImageOfPage\":{\"@id\":\"https:\/\/www.coop-acasa.pt\/index.php\/areas-ocupacionais\/#primaryimage\"},\"image\":{\"@id\":\"https:\/\/www.coop-acasa.pt\/index.php\/areas-ocupacionais\/#primaryimage\"},\"thumbnailUrl\":\"https:\/\/www.coop-acasa.pt\/wp-content\/uploads\/2025\/02\/ocupacionais.jpg\",\"datePublished\":\"2025-02-25T20:23:02+00:00\",\"dateModified\":\"2025-07-22T19:47:00+00:00\",\"description\":\"cooperativas de habita\u00e7\u00e3o cohousing cooperativas de habita\u00e7\u00e3o envelhecimento ativo coop acasa portugal lisboa\",\"breadcrumb\":{\"@id\":\"https:\/\/www.coop-acasa.pt\/index.php\/areas-ocupacionais\/#breadcrumb\"},\"inLanguage\":\"pt-PT\",\"potentialAction\":[{\"@type\":\"ReadAction\",\"target\":[\"https:\/\/www.coop-acasa.pt\/index.php\/areas-ocupacionais\/\"]}]},{\"@type\":\"ImageObject\",\"inLanguage\":\"pt-PT\",\"@id\":\"https:\/\/www.coop-acasa.pt\/index.php\/areas-ocupacionais\/#primaryimage\",\"url\":\"https:\/\/www.coop-acasa.pt\/wp-content\/uploads\/2025\/02\/ocupacionais.jpg\",\"contentUrl\":\"https:\/\/www.coop-acasa.pt\/wp-content\/uploads\/2025\/02\/ocupacionais.jpg\"},{\"@type\":\"BreadcrumbList\",\"@id\":\"https:\/\/www.coop-acasa.pt\/index.php\/areas-ocupacionais\/#breadcrumb\",\"itemListElement\":[{\"@type\":\"ListItem\",\"position\":1,\"name\":\"In\u00edcio\",\"item\":\"https:\/\/www.coop-acasa.pt\/\"},{\"@type\":\"ListItem\",\"position\":2,\"name\":\"\u00c1reas Ocupacionais\"}]},{\"@type\":\"WebSite\",\"@id\":\"https:\/\/www.coop-acasa.pt\/#website\",\"url\":\"https:\/\/www.coop-acasa.pt\/\",\"name\":\"HCAC\",\"description\":\"Habita\u00e7\u00e3o Colaborativa\",\"publisher\":{\"@id\":\"https:\/\/www.coop-acasa.pt\/#organization\"},\"potentialAction\":[{\"@type\":\"SearchAction\",\"target\":{\"@type\":\"EntryPoint\",\"urlTemplate\":\"https:\/\/www.coop-acasa.pt\/?s={search_term_string}\"},\"query-input\":{\"@type\":\"PropertyValueSpecification\",\"valueRequired\":true,\"valueName\":\"search_term_string\"}}],\"inLanguage\":\"pt-PT\"},{\"@type\":\"Organization\",\"@id\":\"https:\/\/www.coop-acasa.pt\/#organization\",\"name\":\"HCAC\",\"url\":\"https:\/\/www.coop-acasa.pt\/\",\"logo\":{\"@type\":\"ImageObject\",\"inLanguage\":\"pt-PT\",\"@id\":\"https:\/\/www.coop-acasa.pt\/#\/schema\/logo\/image\/\",\"url\":\"http:\/\/www.coop-acasa.pt\/wp-content\/uploads\/2024\/02\/cropped-logotipo-1.jpg\",\"contentUrl\":\"http:\/\/www.coop-acasa.pt\/wp-content\/uploads\/2024\/02\/cropped-logotipo-1.jpg\",\"width\":512,\"height\":512,\"caption\":\"HCAC\"},\"image\":{\"@id\":\"https:\/\/www.coop-acasa.pt\/#\/schema\/logo\/image\/\"}}]}<\/script>\n<!-- \/ Yoast SEO plugin. -->","yoast_head_json":{"title":"\u00c1reas Ocupacionais - A Casa","description":"cooperativas de habita\u00e7\u00e3o cohousing cooperativas de habita\u00e7\u00e3o envelhecimento ativo coop acasa portugal lisboa","robots":{"index":"index","follow":"follow","max-snippet":"max-snippet:-1","max-image-preview":"max-image-preview:large","max-video-preview":"max-video-preview:-1"},"canonical":"https:\/\/www.coop-acasa.pt\/index.php\/areas-ocupacionais\/","schema":{"@context":"https:\/\/schema.org","@graph":[{"@type":"WebPage","@id":"https:\/\/www.coop-acasa.pt\/index.php\/areas-ocupacionais\/","url":"https:\/\/www.coop-acasa.pt\/index.php\/areas-ocupacionais\/","name":"\u00c1reas Ocupacionais - A Casa","isPartOf":{"@id":"https:\/\/www.coop-acasa.pt\/#website"},"primaryImageOfPage":{"@id":"https:\/\/www.coop-acasa.pt\/index.php\/areas-ocupacionais\/#primaryimage"},"image":{"@id":"https:\/\/www.coop-acasa.pt\/index.php\/areas-ocupacionais\/#primaryimage"},"thumbnailUrl":"https:\/\/www.coop-acasa.pt\/wp-content\/uploads\/2025\/02\/ocupacionais.jpg","datePublished":"2025-02-25T20:23:02+00:00","dateModified":"2025-07-22T19:47:00+00:00","description":"cooperativas de habita\u00e7\u00e3o cohousing cooperativas de habita\u00e7\u00e3o envelhecimento ativo coop acasa portugal lisboa","breadcrumb":{"@id":"https:\/\/www.coop-acasa.pt\/index.php\/areas-ocupacionais\/#breadcrumb"},"inLanguage":"pt-PT","potentialAction":[{"@type":"ReadAction","target":["https:\/\/www.coop-acasa.pt\/index.php\/areas-ocupacionais\/"]}]},{"@type":"ImageObject","inLanguage":"pt-PT","@id":"https:\/\/www.coop-acasa.pt\/index.php\/areas-ocupacionais\/#primaryimage","url":"https:\/\/www.coop-acasa.pt\/wp-content\/uploads\/2025\/02\/ocupacionais.jpg","contentUrl":"https:\/\/www.coop-acasa.pt\/wp-content\/uploads\/2025\/02\/ocupacionais.jpg"},{"@type":"BreadcrumbList","@id":"https:\/\/www.coop-acasa.pt\/index.php\/areas-ocupacionais\/#breadcrumb","itemListElement":[{"@type":"ListItem","position":1,"name":"In\u00edcio","item":"https:\/\/www.coop-acasa.pt\/"},{"@type":"ListItem","position":2,"name":"\u00c1reas Ocupacionais"}]},{"@type":"WebSite","@id":"https:\/\/www.coop-acasa.pt\/#website","url":"https:\/\/www.coop-acasa.pt\/","name":"HCAC","description":"Habita\u00e7\u00e3o Colaborativa","publisher":{"@id":"https:\/\/www.coop-acasa.pt\/#organization"},"potentialAction":[{"@type":"SearchAction","target":{"@type":"EntryPoint","urlTemplate":"https:\/\/www.coop-acasa.pt\/?s={search_term_string}"},"query-input":{"@type":"PropertyValueSpecification","valueRequired":true,"valueName":"search_term_string"}}],"inLanguage":"pt-PT"},{"@type":"Organization","@id":"https:\/\/www.coop-acasa.pt\/#organization","name":"HCAC","url":"https:\/\/www.coop-acasa.pt\/","logo":{"@type":"ImageObject","inLanguage":"pt-PT","@id":"https:\/\/www.coop-acasa.pt\/#\/schema\/logo\/image\/","url":"http:\/\/www.coop-acasa.pt\/wp-content\/uploads\/2024\/02\/cropped-logotipo-1.jpg","contentUrl":"http:\/\/www.coop-acasa.pt\/wp-content\/uploads\/2024\/02\/cropped-logotipo-1.jpg","width":512,"height":512,"caption":"HCAC"},"image":{"@id":"https:\/\/www.coop-acasa.pt\/#\/schema\/logo\/image\/"}}]}},"_links":{"self":[{"href":"https:\/\/www.coop-acasa.pt\/index.php\/wp-json\/wp\/v2\/pages\/1035","targetHints":{"allow":["GET"]}}],"collection":[{"href":"https:\/\/www.coop-acasa.pt\/index.php\/wp-json\/wp\/v2\/pages"}],"about":[{"href":"https:\/\/www.coop-acasa.pt\/index.php\/wp-json\/wp\/v2\/types\/page"}],"author":[{"embeddable":true,"href":"https:\/\/www.coop-acasa.pt\/index.php\/wp-json\/wp\/v2\/users\/1"}],"replies":[{"embeddable":true,"href":"https:\/\/www.coop-acasa.pt\/index.php\/wp-json\/wp\/v2\/comments?post=1035"}],"version-history":[{"count":5,"href":"https:\/\/www.coop-acasa.pt\/index.php\/wp-json\/wp\/v2\/pages\/1035\/revisions"}],"predecessor-version":[{"id":1357,"href":"https:\/\/www.coop-acasa.pt\/index.php\/wp-json\/wp\/v2\/pages\/1035\/revisions\/1357"}],"wp:attachment":[{"href":"https:\/\/www.coop-acasa.pt\/index.php\/wp-json\/wp\/v2\/media?parent=1035"}],"curies":[{"name":"wp","href":"https:\/\/api.w.org\/{rel}","templated":true}]}}