{"id":1047,"date":"2025-02-25T21:22:34","date_gmt":"2025-02-25T21:22:34","guid":{"rendered":"https:\/\/www.hcac.pt\/wordpress\/?page_id=1047"},"modified":"2026-02-22T13:30:20","modified_gmt":"2026-02-22T13:30:20","slug":"macro-plano-do-projeto-a-casa","status":"publish","type":"page","link":"https:\/\/www.coop-acasa.pt\/index.php\/macro-plano-do-projeto-a-casa\/","title":{"rendered":"Macro Plano do Projeto \u201cA Casa\u201d"},"content":{"rendered":"<div class=\"anterior\">\n<form>\n <input type=\"button\" value=\"&#8249; P\u00e1gina anterior\" onclick=\"history.back()\"><br \/>\n<\/form>\n<\/div>\n<div style=\"text-align: center; background-color: #516a43; color: white; flex-wrap: wrap; display:flex\">\n<p style=\"height:20px\">\n<div style=\"width: 16%; padding:30px; color: white; min-width:170px\">\n<p style=\"font-size:22px\">2023<\/p>\n<hr>\n<p>Nascimento da Ideia. Registo da Cooperativa.<\/p><\/div>\n<div style=\"width: 16%; padding:30px; color: white; min-width:170px\">\n<p style=\"font-size:22px\">2024<\/p>\n<hr>\n<p> Terreno e PIP. Primeiros 50 cooperadores.<\/p><\/div>\n<div style=\"width: 16%; padding:30px; color: white; min-width:170px\">\n<p style=\"font-size:22px\">2025<\/p>\n<hr>\n<p> Projeto de Arquitetura.<\/p><\/div>\n<div style=\"width: 16%; padding:30px; color: white; min-width:170px\">\n<p style=\"font-size:22px\">2026<\/p>\n<hr>\n<p> Obten\u00e7\u00e3o da licen\u00e7as e contratualiza\u00e7\u00e3o dos fornecedores e dos mecanismos de financiamento.<\/p><\/div>\n<div style=\"width: 16%; padding:30px; color: white; min-width:170px\">\n<p style=\"font-size:22px\">2027<\/p>\n<hr>\n<p> Constru\u00e7\u00e3o e arranque.<\/p><\/div>\n<div style=\"width: 16%; padding:30px; color: white; min-width:170px\">\n<p style=\"font-size:22px\">2028<\/p>\n<hr>\n<p> Opera\u00e7\u00e3o.<\/p><\/div>\n<\/div>\n<p><!--\n\n\n<div style=\"display: flex; flex-wrap: wrap;\">\n\n\n<div class=\"designbox\" style=\"text-align: center; width: 200px; margin-top: 20px; border-radius: 50%; margin-bottom:120px; height: 200px;\">\n\n<h5>2023<\/h5>\n\nNascimento da Ideia. Registo da Cooperativa.<\/div>\n\n\n\n\n<div class=\"designbox\" style=\" text-align: center; width: 200px; margin-top: 120px; border-radius: 50%; height: 200px;\">\n\n<h5>2024<\/h5>\n\nTerreno e PIP. Primeiros 50 cooperadores.<\/div>\n\n\n\n\n<div class=\"designbox\" style=\"text-align: center; width: 200px; margin-top: 20px; border-radius: 50%; margin-bottom:120px; height: 200px;\">\n\n<h5>2025<\/h5>\n\nProjetos\/Licen\u00e7as. Sele\u00e7\u00e3o tecnologia. Projeto Agr\u00edcola integrado.<\/div>\n\n\n\n\n<div class=\"designbox\" style=\"text-align: center; width: 200px; margin-top: 120px; border-radius: 50%; height: 200px;\">\n\n<h5>2026<\/h5>\n\nConstru\u00e7\u00e3o. Projeto Agr\u00edcola integrado. Comunidade.<\/div>\n\n\n\n\n<div class=\"designbox\" style=\"width: 20%; text-align: center; width: 200px; margin-top: 20px; border-radius: 50%; margin-bottom:120px; height: 200px;\">\n\n<h5>2027<\/h5>\n\nConstru\u00e7\u00e3o. Arranque atividade.<\/div>\n\n\n<\/div>\n\n--><\/p>\n<p style=\"margin-top:25px;\">\n","protected":false},"excerpt":{"rendered":"<p>2023 Nascimento da Ideia. Registo da Cooperativa. 2024 Terreno e PIP. Primeiros 50 cooperadores. 2025 Projeto de Arquitetura. 2026 Obten\u00e7\u00e3o da licen\u00e7as e contratualiza\u00e7\u00e3o dos fornecedores e dos mecanismos de financiamento. 2027 Constru\u00e7\u00e3o e arranque. 2028 Opera\u00e7\u00e3o.<\/p>\n","protected":false},"author":1,"featured_media":0,"parent":0,"menu_order":0,"comment_status":"closed","ping_status":"closed","template":"","meta":{"footnotes":""},"class_list":["post-1047","page","type-page","status-publish","hentry"],"blocksy_meta":[],"yoast_head":"<!-- This site is optimized with the Yoast SEO plugin v25.5 - https:\/\/yoast.com\/wordpress\/plugins\/seo\/ -->\n<title>Macro Plano do Projeto \u201cA Casa\u201d - A Casa<\/title>\n<meta name=\"description\" content=\"cooperativas de habita\u00e7\u00e3o cohousing cooperativas de habita\u00e7\u00e3o envelhecimento ativo coop acasa portugal lisboa\" \/>\n<meta name=\"robots\" content=\"index, follow, max-snippet:-1, max-image-preview:large, max-video-preview:-1\" \/>\n<link rel=\"canonical\" href=\"https:\/\/www.coop-acasa.pt\/index.php\/macro-plano-do-projeto-a-casa\/\" \/>\n<script type=\"application\/ld+json\" class=\"yoast-schema-graph\">{\"@context\":\"https:\/\/schema.org\",\"@graph\":[{\"@type\":\"WebPage\",\"@id\":\"https:\/\/www.coop-acasa.pt\/index.php\/macro-plano-do-projeto-a-casa\/\",\"url\":\"https:\/\/www.coop-acasa.pt\/index.php\/macro-plano-do-projeto-a-casa\/\",\"name\":\"Macro Plano do Projeto \u201cA Casa\u201d - A Casa\",\"isPartOf\":{\"@id\":\"https:\/\/www.coop-acasa.pt\/#website\"},\"datePublished\":\"2025-02-25T21:22:34+00:00\",\"dateModified\":\"2026-02-22T13:30:20+00:00\",\"description\":\"cooperativas de habita\u00e7\u00e3o cohousing cooperativas de habita\u00e7\u00e3o envelhecimento ativo coop acasa portugal lisboa\",\"breadcrumb\":{\"@id\":\"https:\/\/www.coop-acasa.pt\/index.php\/macro-plano-do-projeto-a-casa\/#breadcrumb\"},\"inLanguage\":\"pt-PT\",\"potentialAction\":[{\"@type\":\"ReadAction\",\"target\":[\"https:\/\/www.coop-acasa.pt\/index.php\/macro-plano-do-projeto-a-casa\/\"]}]},{\"@type\":\"BreadcrumbList\",\"@id\":\"https:\/\/www.coop-acasa.pt\/index.php\/macro-plano-do-projeto-a-casa\/#breadcrumb\",\"itemListElement\":[{\"@type\":\"ListItem\",\"position\":1,\"name\":\"In\u00edcio\",\"item\":\"https:\/\/www.coop-acasa.pt\/\"},{\"@type\":\"ListItem\",\"position\":2,\"name\":\"Macro Plano do Projeto \u201cA Casa\u201d\"}]},{\"@type\":\"WebSite\",\"@id\":\"https:\/\/www.coop-acasa.pt\/#website\",\"url\":\"https:\/\/www.coop-acasa.pt\/\",\"name\":\"HCAC\",\"description\":\"Habita\u00e7\u00e3o Colaborativa\",\"publisher\":{\"@id\":\"https:\/\/www.coop-acasa.pt\/#organization\"},\"potentialAction\":[{\"@type\":\"SearchAction\",\"target\":{\"@type\":\"EntryPoint\",\"urlTemplate\":\"https:\/\/www.coop-acasa.pt\/?s={search_term_string}\"},\"query-input\":{\"@type\":\"PropertyValueSpecification\",\"valueRequired\":true,\"valueName\":\"search_term_string\"}}],\"inLanguage\":\"pt-PT\"},{\"@type\":\"Organization\",\"@id\":\"https:\/\/www.coop-acasa.pt\/#organization\",\"name\":\"HCAC\",\"url\":\"https:\/\/www.coop-acasa.pt\/\",\"logo\":{\"@type\":\"ImageObject\",\"inLanguage\":\"pt-PT\",\"@id\":\"https:\/\/www.coop-acasa.pt\/#\/schema\/logo\/image\/\",\"url\":\"http:\/\/www.coop-acasa.pt\/wp-content\/uploads\/2024\/02\/cropped-logotipo-1.jpg\",\"contentUrl\":\"http:\/\/www.coop-acasa.pt\/wp-content\/uploads\/2024\/02\/cropped-logotipo-1.jpg\",\"width\":512,\"height\":512,\"caption\":\"HCAC\"},\"image\":{\"@id\":\"https:\/\/www.coop-acasa.pt\/#\/schema\/logo\/image\/\"}}]}<\/script>\n<!-- \/ Yoast SEO plugin. -->","yoast_head_json":{"title":"Macro Plano do Projeto \u201cA Casa\u201d - A Casa","description":"cooperativas de habita\u00e7\u00e3o cohousing cooperativas de habita\u00e7\u00e3o envelhecimento ativo coop acasa portugal lisboa","robots":{"index":"index","follow":"follow","max-snippet":"max-snippet:-1","max-image-preview":"max-image-preview:large","max-video-preview":"max-video-preview:-1"},"canonical":"https:\/\/www.coop-acasa.pt\/index.php\/macro-plano-do-projeto-a-casa\/","schema":{"@context":"https:\/\/schema.org","@graph":[{"@type":"WebPage","@id":"https:\/\/www.coop-acasa.pt\/index.php\/macro-plano-do-projeto-a-casa\/","url":"https:\/\/www.coop-acasa.pt\/index.php\/macro-plano-do-projeto-a-casa\/","name":"Macro Plano do Projeto \u201cA Casa\u201d - A Casa","isPartOf":{"@id":"https:\/\/www.coop-acasa.pt\/#website"},"datePublished":"2025-02-25T21:22:34+00:00","dateModified":"2026-02-22T13:30:20+00:00","description":"cooperativas de habita\u00e7\u00e3o cohousing cooperativas de habita\u00e7\u00e3o envelhecimento ativo coop acasa portugal lisboa","breadcrumb":{"@id":"https:\/\/www.coop-acasa.pt\/index.php\/macro-plano-do-projeto-a-casa\/#breadcrumb"},"inLanguage":"pt-PT","potentialAction":[{"@type":"ReadAction","target":["https:\/\/www.coop-acasa.pt\/index.php\/macro-plano-do-projeto-a-casa\/"]}]},{"@type":"BreadcrumbList","@id":"https:\/\/www.coop-acasa.pt\/index.php\/macro-plano-do-projeto-a-casa\/#breadcrumb","itemListElement":[{"@type":"ListItem","position":1,"name":"In\u00edcio","item":"https:\/\/www.coop-acasa.pt\/"},{"@type":"ListItem","position":2,"name":"Macro Plano do Projeto \u201cA Casa\u201d"}]},{"@type":"WebSite","@id":"https:\/\/www.coop-acasa.pt\/#website","url":"https:\/\/www.coop-acasa.pt\/","name":"HCAC","description":"Habita\u00e7\u00e3o Colaborativa","publisher":{"@id":"https:\/\/www.coop-acasa.pt\/#organization"},"potentialAction":[{"@type":"SearchAction","target":{"@type":"EntryPoint","urlTemplate":"https:\/\/www.coop-acasa.pt\/?s={search_term_string}"},"query-input":{"@type":"PropertyValueSpecification","valueRequired":true,"valueName":"search_term_string"}}],"inLanguage":"pt-PT"},{"@type":"Organization","@id":"https:\/\/www.coop-acasa.pt\/#organization","name":"HCAC","url":"https:\/\/www.coop-acasa.pt\/","logo":{"@type":"ImageObject","inLanguage":"pt-PT","@id":"https:\/\/www.coop-acasa.pt\/#\/schema\/logo\/image\/","url":"http:\/\/www.coop-acasa.pt\/wp-content\/uploads\/2024\/02\/cropped-logotipo-1.jpg","contentUrl":"http:\/\/www.coop-acasa.pt\/wp-content\/uploads\/2024\/02\/cropped-logotipo-1.jpg","width":512,"height":512,"caption":"HCAC"},"image":{"@id":"https:\/\/www.coop-acasa.pt\/#\/schema\/logo\/image\/"}}]}},"_links":{"self":[{"href":"https:\/\/www.coop-acasa.pt\/index.php\/wp-json\/wp\/v2\/pages\/1047","targetHints":{"allow":["GET"]}}],"collection":[{"href":"https:\/\/www.coop-acasa.pt\/index.php\/wp-json\/wp\/v2\/pages"}],"about":[{"href":"https:\/\/www.coop-acasa.pt\/index.php\/wp-json\/wp\/v2\/types\/page"}],"author":[{"embeddable":true,"href":"https:\/\/www.coop-acasa.pt\/index.php\/wp-json\/wp\/v2\/users\/1"}],"replies":[{"embeddable":true,"href":"https:\/\/www.coop-acasa.pt\/index.php\/wp-json\/wp\/v2\/comments?post=1047"}],"version-history":[{"count":17,"href":"https:\/\/www.coop-acasa.pt\/index.php\/wp-json\/wp\/v2\/pages\/1047\/revisions"}],"predecessor-version":[{"id":2295,"href":"https:\/\/www.coop-acasa.pt\/index.php\/wp-json\/wp\/v2\/pages\/1047\/revisions\/2295"}],"wp:attachment":[{"href":"https:\/\/www.coop-acasa.pt\/index.php\/wp-json\/wp\/v2\/media?parent=1047"}],"curies":[{"name":"wp","href":"https:\/\/api.w.org\/{rel}","templated":true}]}}