{"id":1085,"date":"2025-02-25T21:33:36","date_gmt":"2025-02-25T21:33:36","guid":{"rendered":"https:\/\/www.hcac.pt\/wordpress\/?page_id=1085"},"modified":"2026-03-03T18:56:00","modified_gmt":"2026-03-03T18:56:00","slug":"porque-aderir-ja-ao-projeto","status":"publish","type":"page","link":"https:\/\/www.coop-acasa.pt\/index.php\/porque-aderir-ja-ao-projeto\/","title":{"rendered":"Porque aderir j\u00e1 ao projeto?"},"content":{"rendered":"<div class=\"anterior\">\n<form>\n <input type=\"button\" value=\"&#8249; P\u00e1gina anterior\" onclick=\"history.back()\"><br \/>\n<\/form>\n<\/div>\n<div class=\"typewriter-container\">\n<div style=\"display:flex; width: 100%; background-color: #516a43; border-radius: 60px; text-align: center;\">\n<div style=\"background-color:white; width: 60px; min-width: 60px; height: 60px; border-radius: 30px; margin-top: auto; margin-bottom: auto; margin-left: 20px;\">\n<h2 style=\"color: #516a43;\"><\/h2>\n<\/div>\n<div style=\"color:white\">\n<h4 class=\"type phrase1\" style=\"padding: 10px;color:white;\">Menor custo global<\/h4>\n<p class=\"type phrase2\" style=\"font-size:16px\">Aderir cedo ao projeto permite reduzir o custo global, atrav\u00e9s de uma entrada mais faseada e maior previsibilidade financeira.<\/p>\n<\/div>\n<\/div>\n<div style=\"margin-top:20px; display:flex; width: 100%; background-color: #516a43; border-radius: 60px; text-align: center;\">\n<div style=\"background-color:white; width: 60px; min-width: 60px; height: 60px; border-radius: 30px; margin-top: auto; margin-bottom: auto; margin-left: 20px;\">\n<h2 style=\"color: #516a43;\"><\/h2>\n<\/div>\n<div style=\"padding: 10px; color:white\">\n<h4 class=\"type phrase3\" style=\"color:white\">Participa\u00e7\u00e3o ativa no desenho do projeto<\/h4>\n<p class=\"type phrase4\" style=\"font-size:16px\">Participar desde o in\u00edcio significa poder contribuir para o desenho e a constru\u00e7\u00e3o do projeto, garantindo que este reflete as necessidades do grupo.<\/p>\n<\/div>\n<\/div>\n<div style=\"margin-top:20px; display:flex; background-color: #516a43; border-radius: 60px; text-align: center;\">\n<div style=\"background-color:white; width: 60px; min-width: 60px; height: 60px; border-radius: 30px; margin-top: auto; margin-bottom: auto; margin-left: 20px;\">\n<h2 style=\"color: #516a43;\"><\/h2>\n<\/div>\n<div style=\"padding: 10px; color:white\">\n<h4 class=\"type phrase5\" style=\"color:white\">Garantia de habita\u00e7\u00e3o e prioridade na escolha<\/h4>\n<p class=\"type phrase6\">Quem adere mais cedo assegura o acesso \u00e0 habita\u00e7\u00e3o e beneficia de melhor posi\u00e7\u00e3o no processo de escolha da unidade habitacional.<\/p>\n<\/div>\n<\/div>\n<div style=\"margin-top:20px; display:flex; background-color: #516a43; border-radius: 60px; text-align: center;\">\n<div style=\"background-color:white; width: 60px; min-width: 60px; height: 60px; border-radius: 30px; margin-top: auto; margin-bottom: auto; margin-left: 20px;\">\n<h2 style=\"color: #516a43;\"><\/h2>\n<\/div>\n<div style=\"padding: 10px; color:white\">\n<h4 class=\"type phrase7\" style=\"color:white\">Integra\u00e7\u00e3o no coletivo<\/h4>\n<p class=\"type phrase8\">A ades\u00e3o precoce facilita a integra\u00e7\u00e3o no grupo que ir\u00e1 habitar o espa\u00e7o, permitindo criar la\u00e7os e confirmar que \u00e9 a decis\u00e3o certa.<\/p>\n<\/div>\n<\/div>\n<div style=\"margin-top:20px; display:flex; background-color: #516a43; border-radius: 60px; text-align: center;\">\n<div style=\"background-color:white; width: 60px; min-width: 60px; height: 60px; border-radius: 30px; margin-top: auto; margin-bottom: auto; margin-left: 20px;\">\n<h2 style=\"color: #516a43;\"><\/h2>\n<\/div>\n<div style=\"padding: 10px; color:white\">\n<h4 class=\"type phrase9\" style=\"color:white\">Forma de envelhecimento ativo centrada no futuro<\/h4>\n<p class=\"type phrase10\">Participar neste projeto \u00e9 tamb\u00e9m investir numa forma de envelhecimento ativo, com foco no bem-estar coletivo e na sustentabilidade.<\/p>\n<\/div>\n<\/div>\n<\/div>\n<p class=\"closing\" style=\"text-align:center; font-size:18px; font-weight: 700;\">\n    Aderir j\u00e1, \u00e9 participar na constru\u00e7\u00e3o de um futuro comum.\n  <\/p>\n<p><!--\n\n<button id=\"botao2\" class=\"botaomais\" onclick=\"myFunction()\">Desejo saber mais vantagens<\/button>\n\n<script>\nfunction myFunction() {\n  document.getElementById(\"ponto2\").style.display = \"flex\";\ndocument.getElementById(\"botao2\").style.display = \"none\";\ndocument.getElementById(\"botao3\").style.display = \"block\";\n}\nfunction myFunction2() {\n  document.getElementById(\"ponto3\").style.display = \"flex\";\ndocument.getElementById(\"botao3\").style.display = \"none\";\ndocument.getElementById(\"botao4\").style.display = \"block\";\n}\nfunction myFunction3() {\n  document.getElementById(\"ponto4\").style.display = \"flex\";\ndocument.getElementById(\"botao4\").style.display = \"none\";\ndocument.getElementById(\"botao5\").style.display = \"block\";\n}\nfunction myFunction4() {\n  document.getElementById(\"ponto5\").style.display = \"flex\";\ndocument.getElementById(\"botao5\").style.display = \"none\";\n}\n<\/script>\n\n\n\n<div id=\"ponto2\" style=\"display:none; background-color: #516a43; border-radius: 60px; text-align: center;\">\n\n<div style=\"background-color:white; width: 60px; min-width: 60px; height: 60px; border-radius: 30px; margin-top: auto; margin-bottom: auto; margin-left: 20px;\">\n\n<h2 style=\"color: #516a43;\">2<\/h2>\n\n<\/div>\n\n\n\n<div style=\"margin-left: 30px; color:white\">\n\n<h4 style=\"color:white\">Participa\u00e7\u00e3o ativa no desenho do projeto<\/h4>\n\n\n      \n\n<p>Participar desde o in\u00edcio significa poder contribuir para o desenho e a constru\u00e7\u00e3o do projeto, garantindo que este reflete as necessidades do grupo.<\/p>\n\n<\/div>\n\n<\/div>\n\n\n<button id=\"botao3\" class=\"botaomais\" style=\"display:none\" onclick=\"myFunction2()\">Desejo saber mais vantagens<\/button>\n\n\n\n<div id=\"ponto3\" style=\"display:none; background-color: #516a43; border-radius: 60px; text-align: center;\">\n\n<div style=\"background-color:white; width: 60px; min-width: 60px; height: 60px; border-radius: 30px; margin-top: auto; margin-bottom: auto; margin-left: 20px;\">\n\n<h2 style=\"color: #516a43;\">3<\/h2>\n\n<\/div>\n\n\n\n<div style=\"margin-left: 30px; color:white\">\n\n<h4 style=\"color:white\">Garantia de habita\u00e7\u00e3o e prioridade na escolha<\/h4>\n\n\n      \n\n<p>Quem adere mais cedo assegura o acesso \u00e0 habita\u00e7\u00e3o e beneficia de melhor posi\u00e7\u00e3o no processo de escolha da unidade habitacional.<\/p>\n\n<\/div>\n\n<\/div>\n\n\n<button id=\"botao4\" class=\"botaomais\" style=\"display:none\" onclick=\"myFunction3()\">Desejo saber mais vantagens<\/button>\n\n\n\n<div id=\"ponto4\" style=\"display:none; background-color: #516a43; border-radius: 60px; text-align: center;\">\n\n<div style=\"background-color:white; width: 60px; min-width: 60px; height: 60px; border-radius: 30px; margin-top: auto; margin-bottom: auto; margin-left: 20px;\">\n\n<h2 style=\"color: #516a43;\">4<\/h2>\n\n<\/div>\n\n\n\n<div style=\"margin-left: 30px; color:white\">\n\n<h4 style=\"color:white\">Integra\u00e7\u00e3o no coletivo<\/h4>\n\n\n      \n\n<p>A ades\u00e3o precoce facilita a integra\u00e7\u00e3o no grupo que ir\u00e1 habitar o espa\u00e7o, permitindo criar la\u00e7os e confirmar que \u00e9 a decis\u00e3o certa.<\/p>\n\n<\/div>\n\n<\/div>\n\n\n<button id=\"botao5\" class=\"botaomais\" style=\"display:none\" onclick=\"myFunction4()\">Desejo saber mais vantagens<\/button>\n\n\n\n<div id=\"ponto5\" style=\"display:none; background-color: #516a43; border-radius: 60px; text-align: center;\">\n\n<div style=\"background-color:white; width: 60px; min-width: 60px; height: 60px; border-radius: 30px; margin-top: auto; margin-bottom: auto; margin-left: 20px;\">\n\n<h2 style=\"color: #516a43;\">5<\/h2>\n\n<\/div>\n\n\n\n<div style=\"margin-left: 30px; color:white\">\n\n<h4 style=\"color:white\">Forma de envelhecimento ativo centrada no futuro<\/h4>\n\n\n      \n\n<p>Participar neste projeto \u00e9 tamb\u00e9m investir numa forma de envelhecimento ativo, com foco no bem-estar coletivo e na sustentabilidade.<\/p>\n\n<\/div>\n\n<\/div>\n\n\n\n  \n\n<p class=\"closing\" style=\"text-align:center; font-size:18px; font-weight: 700;\">\n    Aderir j\u00e1 \u00e9 participar na constru\u00e7\u00e3o de um futuro comum.  \n  <\/p>\n\n\n\n\n\n\n\n<div style=\"text-align: center; background-color: #516a43; color: white; padding:30px; border-radius: 30px;\">\n1. Porque aderir mais cedo reduz os custos e torna a entrada de dinheiro mais faseada. \n\n<hr style=\"width: 30%;\">\n2. Porque desta forma se participa no projeto influenciando o seu desenho e constru\u00e7\u00e3o. \n\n<hr style=\"width: 30%;\">\n3. Porque garante a existencia de habita\u00e7\u00e3o e melhor posi\u00e7\u00e3o no processo de escolha da casa. \n\n<hr style=\"width: 30%;\">\n4. Porque facilita a integra\u00e7\u00e3o no colectivo que ir\u00e1 para l\u00e1 viver, forjando novos amigos e garantindo que \u00e9 a\ndecis\u00e3o acertada. \n\n<hr style=\"width: 30%;\">\n5. Porque \u00e9 uma forma de envelhecimento ativo centrada no nosso futuro.<\/div>\n\n --><\/p>\n<p style=\"height:30px\">\n","protected":false},"excerpt":{"rendered":"<p>Menor custo global Aderir cedo ao projeto permite reduzir o custo global, atrav\u00e9s de uma entrada mais faseada e maior previsibilidade financeira. Participa\u00e7\u00e3o ativa no desenho do projeto Participar desde o in\u00edcio significa poder contribuir para o desenho e a constru\u00e7\u00e3o do projeto, garantindo que este reflete as necessidades do grupo. Garantia de habita\u00e7\u00e3o e [&hellip;]<\/p>\n","protected":false},"author":1,"featured_media":0,"parent":0,"menu_order":0,"comment_status":"closed","ping_status":"closed","template":"","meta":{"footnotes":""},"class_list":["post-1085","page","type-page","status-publish","hentry"],"blocksy_meta":[],"yoast_head":"<!-- This site is optimized with the Yoast SEO plugin v25.5 - https:\/\/yoast.com\/wordpress\/plugins\/seo\/ -->\n<title>Porque aderir j\u00e1 ao projeto? - A Casa<\/title>\n<meta name=\"description\" content=\"cooperativas de habita\u00e7\u00e3o cohousing cooperativas de habita\u00e7\u00e3o envelhecimento ativo coop acasa portugal lisboa\" \/>\n<meta name=\"robots\" content=\"index, follow, max-snippet:-1, max-image-preview:large, max-video-preview:-1\" \/>\n<link rel=\"canonical\" href=\"https:\/\/www.coop-acasa.pt\/index.php\/porque-aderir-ja-ao-projeto\/\" \/>\n<script type=\"application\/ld+json\" class=\"yoast-schema-graph\">{\"@context\":\"https:\/\/schema.org\",\"@graph\":[{\"@type\":\"WebPage\",\"@id\":\"https:\/\/www.coop-acasa.pt\/index.php\/porque-aderir-ja-ao-projeto\/\",\"url\":\"https:\/\/www.coop-acasa.pt\/index.php\/porque-aderir-ja-ao-projeto\/\",\"name\":\"Porque aderir j\u00e1 ao projeto? - A Casa\",\"isPartOf\":{\"@id\":\"https:\/\/www.coop-acasa.pt\/#website\"},\"datePublished\":\"2025-02-25T21:33:36+00:00\",\"dateModified\":\"2026-03-03T18:56:00+00:00\",\"description\":\"cooperativas de habita\u00e7\u00e3o cohousing cooperativas de habita\u00e7\u00e3o envelhecimento ativo coop acasa portugal lisboa\",\"breadcrumb\":{\"@id\":\"https:\/\/www.coop-acasa.pt\/index.php\/porque-aderir-ja-ao-projeto\/#breadcrumb\"},\"inLanguage\":\"pt-PT\",\"potentialAction\":[{\"@type\":\"ReadAction\",\"target\":[\"https:\/\/www.coop-acasa.pt\/index.php\/porque-aderir-ja-ao-projeto\/\"]}]},{\"@type\":\"BreadcrumbList\",\"@id\":\"https:\/\/www.coop-acasa.pt\/index.php\/porque-aderir-ja-ao-projeto\/#breadcrumb\",\"itemListElement\":[{\"@type\":\"ListItem\",\"position\":1,\"name\":\"In\u00edcio\",\"item\":\"https:\/\/www.coop-acasa.pt\/\"},{\"@type\":\"ListItem\",\"position\":2,\"name\":\"Porque aderir j\u00e1 ao projeto?\"}]},{\"@type\":\"WebSite\",\"@id\":\"https:\/\/www.coop-acasa.pt\/#website\",\"url\":\"https:\/\/www.coop-acasa.pt\/\",\"name\":\"HCAC\",\"description\":\"Habita\u00e7\u00e3o Colaborativa\",\"publisher\":{\"@id\":\"https:\/\/www.coop-acasa.pt\/#organization\"},\"potentialAction\":[{\"@type\":\"SearchAction\",\"target\":{\"@type\":\"EntryPoint\",\"urlTemplate\":\"https:\/\/www.coop-acasa.pt\/?s={search_term_string}\"},\"query-input\":{\"@type\":\"PropertyValueSpecification\",\"valueRequired\":true,\"valueName\":\"search_term_string\"}}],\"inLanguage\":\"pt-PT\"},{\"@type\":\"Organization\",\"@id\":\"https:\/\/www.coop-acasa.pt\/#organization\",\"name\":\"HCAC\",\"url\":\"https:\/\/www.coop-acasa.pt\/\",\"logo\":{\"@type\":\"ImageObject\",\"inLanguage\":\"pt-PT\",\"@id\":\"https:\/\/www.coop-acasa.pt\/#\/schema\/logo\/image\/\",\"url\":\"http:\/\/www.coop-acasa.pt\/wp-content\/uploads\/2024\/02\/cropped-logotipo-1.jpg\",\"contentUrl\":\"http:\/\/www.coop-acasa.pt\/wp-content\/uploads\/2024\/02\/cropped-logotipo-1.jpg\",\"width\":512,\"height\":512,\"caption\":\"HCAC\"},\"image\":{\"@id\":\"https:\/\/www.coop-acasa.pt\/#\/schema\/logo\/image\/\"}}]}<\/script>\n<!-- \/ Yoast SEO plugin. -->","yoast_head_json":{"title":"Porque aderir j\u00e1 ao projeto? - A Casa","description":"cooperativas de habita\u00e7\u00e3o cohousing cooperativas de habita\u00e7\u00e3o envelhecimento ativo coop acasa portugal lisboa","robots":{"index":"index","follow":"follow","max-snippet":"max-snippet:-1","max-image-preview":"max-image-preview:large","max-video-preview":"max-video-preview:-1"},"canonical":"https:\/\/www.coop-acasa.pt\/index.php\/porque-aderir-ja-ao-projeto\/","schema":{"@context":"https:\/\/schema.org","@graph":[{"@type":"WebPage","@id":"https:\/\/www.coop-acasa.pt\/index.php\/porque-aderir-ja-ao-projeto\/","url":"https:\/\/www.coop-acasa.pt\/index.php\/porque-aderir-ja-ao-projeto\/","name":"Porque aderir j\u00e1 ao projeto? - A Casa","isPartOf":{"@id":"https:\/\/www.coop-acasa.pt\/#website"},"datePublished":"2025-02-25T21:33:36+00:00","dateModified":"2026-03-03T18:56:00+00:00","description":"cooperativas de habita\u00e7\u00e3o cohousing cooperativas de habita\u00e7\u00e3o envelhecimento ativo coop acasa portugal lisboa","breadcrumb":{"@id":"https:\/\/www.coop-acasa.pt\/index.php\/porque-aderir-ja-ao-projeto\/#breadcrumb"},"inLanguage":"pt-PT","potentialAction":[{"@type":"ReadAction","target":["https:\/\/www.coop-acasa.pt\/index.php\/porque-aderir-ja-ao-projeto\/"]}]},{"@type":"BreadcrumbList","@id":"https:\/\/www.coop-acasa.pt\/index.php\/porque-aderir-ja-ao-projeto\/#breadcrumb","itemListElement":[{"@type":"ListItem","position":1,"name":"In\u00edcio","item":"https:\/\/www.coop-acasa.pt\/"},{"@type":"ListItem","position":2,"name":"Porque aderir j\u00e1 ao projeto?"}]},{"@type":"WebSite","@id":"https:\/\/www.coop-acasa.pt\/#website","url":"https:\/\/www.coop-acasa.pt\/","name":"HCAC","description":"Habita\u00e7\u00e3o Colaborativa","publisher":{"@id":"https:\/\/www.coop-acasa.pt\/#organization"},"potentialAction":[{"@type":"SearchAction","target":{"@type":"EntryPoint","urlTemplate":"https:\/\/www.coop-acasa.pt\/?s={search_term_string}"},"query-input":{"@type":"PropertyValueSpecification","valueRequired":true,"valueName":"search_term_string"}}],"inLanguage":"pt-PT"},{"@type":"Organization","@id":"https:\/\/www.coop-acasa.pt\/#organization","name":"HCAC","url":"https:\/\/www.coop-acasa.pt\/","logo":{"@type":"ImageObject","inLanguage":"pt-PT","@id":"https:\/\/www.coop-acasa.pt\/#\/schema\/logo\/image\/","url":"http:\/\/www.coop-acasa.pt\/wp-content\/uploads\/2024\/02\/cropped-logotipo-1.jpg","contentUrl":"http:\/\/www.coop-acasa.pt\/wp-content\/uploads\/2024\/02\/cropped-logotipo-1.jpg","width":512,"height":512,"caption":"HCAC"},"image":{"@id":"https:\/\/www.coop-acasa.pt\/#\/schema\/logo\/image\/"}}]}},"_links":{"self":[{"href":"https:\/\/www.coop-acasa.pt\/index.php\/wp-json\/wp\/v2\/pages\/1085","targetHints":{"allow":["GET"]}}],"collection":[{"href":"https:\/\/www.coop-acasa.pt\/index.php\/wp-json\/wp\/v2\/pages"}],"about":[{"href":"https:\/\/www.coop-acasa.pt\/index.php\/wp-json\/wp\/v2\/types\/page"}],"author":[{"embeddable":true,"href":"https:\/\/www.coop-acasa.pt\/index.php\/wp-json\/wp\/v2\/users\/1"}],"replies":[{"embeddable":true,"href":"https:\/\/www.coop-acasa.pt\/index.php\/wp-json\/wp\/v2\/comments?post=1085"}],"version-history":[{"count":105,"href":"https:\/\/www.coop-acasa.pt\/index.php\/wp-json\/wp\/v2\/pages\/1085\/revisions"}],"predecessor-version":[{"id":2325,"href":"https:\/\/www.coop-acasa.pt\/index.php\/wp-json\/wp\/v2\/pages\/1085\/revisions\/2325"}],"wp:attachment":[{"href":"https:\/\/www.coop-acasa.pt\/index.php\/wp-json\/wp\/v2\/media?parent=1085"}],"curies":[{"name":"wp","href":"https:\/\/api.w.org\/{rel}","templated":true}]}}