{"id":1154,"date":"2025-02-27T17:03:37","date_gmt":"2025-02-27T17:03:37","guid":{"rendered":"https:\/\/www.hcac.pt\/wordpress\/?page_id=1154"},"modified":"2026-04-11T20:18:36","modified_gmt":"2026-04-11T20:18:36","slug":"faqs","status":"publish","type":"page","link":"https:\/\/www.coop-acasa.pt\/index.php\/faqs\/","title":{"rendered":"FAQ\u00b4s"},"content":{"rendered":"<div class=\"anterior\">\n<form>\n <input type=\"button\" value=\"&#8249; P\u00e1gina anterior\" onclick=\"history.back()\"><br \/>\n<\/form>\n<\/div>\n<table style=\"border-radius: 20px; overflow: hidden;\">\n<tr>\n<td class=\"aderirhover\" style=\"font-size:18px; background-color: #516a43; color: white;\">A casa que vou habitar \u00e9 minha propriedade\u200b?<\/td>\n<td id=\"linha1\" style=\" font-size:18px;\">Tratando-se de propriedade coletiva o que o Cooperador disp\u00f5e \u00e9 de um Direito de Uso, reconhecido legalmente e regulado pelo c\u00f3digo cooperativo, sobre a sua Resid\u00eancia e sobre as \u00e1reas comuns da Habita\u00e7\u00e3o Colaborativa. Esse direito \u00e9 transmiss\u00edvel. Nesta circunstancia, quem sair, recebe os seus t\u00edtulos de investimento, ou seja, o capital que investiu.<\/td>\n<\/tr>\n<tr>\n<td class=\"aderirhover\" style=\"font-size:18px; background-color: #516a43; color: white;\">E se eu falecer, os meus herdeiros v\u00e3o receber o qu\u00ea?<\/td>\n<td id=\"linha2\" style=\"font-size:18px;\">O Capital com que o Cooperador entrou para a Cooperativa. Poder\u00e1 viver na \u201cA Casa\u201d se for Cooperador. Se n\u00e3o o for, por qualquer raz\u00e3o, receber\u00e1 o capital investido. As eventuais mais ou menos valias do projeto, revertem em qualquer circunstancia, para a cooperativa.<\/td>\n<\/tr>\n<tr>\n<td class=\"aderirhover\" style=\"font-size:18px; background-color: #516a43; color: white;\" >Se eu n\u00e3o viver na minha habita\u00e7\u00e3o em perman\u00eancia, poderei alugar a casa?<\/td>\n<td id=\"linha3\" style=\"font-size:18px;\">Sim, mas sempre atrav\u00e9s da Cooperativa. Esta decis\u00e3o \u00e9 sempre do Cooperador e requer a sua autoriza\u00e7\u00e3o previa. O Regulamento Interno, a definir, esclarecer\u00e1 que percentagem desse aluguer ser\u00e1 retido pela Cooperativa e que percentagem retornar\u00e1 ao Cooperador, nomeadamente, eliminando os custos de condom\u00ednio, ou seja os custos permanentes de cada habita\u00e7\u00e3o.<\/td>\n<\/tr>\n<tr>\n<td class=\"aderirhover\" style=\"font-size:18px; background-color: #516a43; color: white;\">E se eu, por qualquer raz\u00e3o, n\u00e3o viver l\u00e1 durante um certo per\u00edodo?<\/td>\n<td id=\"linha4\" style=\" font-size:18px;\">A frequ\u00eancia de ocupa\u00e7\u00e3o de cada Habita\u00e7\u00e3o \u00e9 algo do foro pessoal do ou dos Cooperadores. Contudo, se por qualquer raz\u00e3o, estes l\u00e1 n\u00e3o habitam, haver\u00e1 sempre lugar ao pagamento de um valor mensal, correspondente ao gastos gerais, que designamos por \u201cCondom\u00ednio\u201d. Se o per\u00edodo for prolongado, o regulamento ir\u00e1 identificar as a\u00e7\u00f5es que devem ser seguidas pelo cooperador. O objetivo \u00e9 manter a Habita\u00e7\u00e3o Colaborativa ocupada, em beneficio de quem l\u00e1 vive.<\/td>\n<\/tr>\n<\/table>\n<p><!--\n\n\n<table style=\"border-radius: 20px; overflow: hidden;\">\n  \n\n<tr>\n    \n\n<td class=\"aderirhover\" style=\"font-size:18px; background-color: #516a43; color: white;\" onmouseover=\"bigImg(this)\" onmouseout=\"normalImg(this)\">A casa que vou habitar \u00e9 minha propriedade\u200b?<\/td>\n\n\n    \n\n<td id=\"linha1\" style=\"display:none; font-size:18px;\">Tratando-se de propriedade coletiva o que o Cooperador disp\u00f5e \u00e9 de um Direito de Uso, reconhecido legalmente e regulado pelo c\u00f3digo cooperativo, sobre a sua Resid\u00eancia e sobre as \u00e1reas comuns da Habita\u00e7\u00e3o Colaborativa. Esse direito \u00e9 transmiss\u00edvel. Nesta circunstancia, quem sair, recebe os seus t\u00edtulos de investimento, ou seja, o capital que investiu.<\/td>\n\n\n  <\/tr>\n\n\n  \n\n<tr>\n   \n\n<td class=\"aderirhover\" style=\"font-size:18px; background-color: #516a43; color: white;\" onmouseover=\"bigImg2(this)\" onmouseout=\"normalImg2(this)\">E se eu falecer, os meus herdeiros v\u00e3o receber o qu\u00ea?<\/td>\n\n\n    \n\n<td id=\"linha2\" style=\"display:none; font-size:18px;\">O Capital com que o Cooperador entrou para a Cooperativa. Poder\u00e1 viver na \u201cA Casa\u201d se for Cooperador. Se n\u00e3o o for, por qualquer raz\u00e3o, receber\u00e1 o capital investido. As eventuais mais ou menos valias do projeto, revertem em qualquer circunstancia, para a cooperativa.<\/td>\n\n\n  <\/tr>\n\n\n\n\n<tr>\n    \n\n<td class=\"aderirhover\" style=\"font-size:18px; background-color: #516a43; color: white;\" onmouseover=\"bigImg3(this)\" onmouseout=\"normalImg3(this)\">Se eu n\u00e3o viver na minha habita\u00e7\u00e3o em perman\u00eancia, poderei alugar a casa?<\/td>\n\n\n    \n\n<td id=\"linha3\" style=\"display:none; font-size:18px;\">Sim, mas sempre atrav\u00e9s da Cooperativa. Esta decis\u00e3o \u00e9 sempre do Cooperador e requer a sua autoriza\u00e7\u00e3o previa. O Regulamento Interno, a definir, esclarecer\u00e1 que percentagem desse aluguer ser\u00e1 retido pela Cooperativa e que percentagem retornar\u00e1 ao Cooperador, nomeadamente, eliminando os custos de condom\u00ednio, ou seja os custos permanentes de cada habita\u00e7\u00e3o.<\/td>\n\n\n  <\/tr>\n\n\n  \n\n<tr>\n    \n\n<td class=\"aderirhover\" style=\"font-size:18px; background-color: #516a43; color: white;\" onmouseover=\"bigImg4(this)\" onmouseout=\"normalImg4(this)\">E se eu, por qualquer raz\u00e3o, n\u00e3o viver l\u00e1 durante um certo per\u00edodo?<\/td>\n\n\n    \n\n<td id=\"linha4\" style=\"display:none; font-size:18px;\">A frequ\u00eancia de ocupa\u00e7\u00e3o de cada Habita\u00e7\u00e3o \u00e9 algo do foro pessoal do ou dos Cooperadores. Contudo, se por qualquer raz\u00e3o, estes l\u00e1 n\u00e3o habitam, haver\u00e1 sempre lugar ao pagamento de um valor mensal, correspondente ao gastos gerais, que designamos por \u201cCondom\u00ednio\u201d. Se o per\u00edodo for prolongado, o regulamento ir\u00e1 identificar as a\u00e7\u00f5es que devem ser seguidas pelo cooperador. O objetivo \u00e9 manter a Habita\u00e7\u00e3o Colaborativa ocupada, em beneficio de quem l\u00e1 vive.<\/td>\n\n\n  <\/tr>\n\n\n<\/table>\n\n\n\n<script>\nfunction bigImg(x) {\n  document.getElementById(\"linha1\").style.display = \"block\";\n}\nfunction normalImg(x) {\n  document.getElementById(\"linha1\").style.display = \"none\";\n}\nfunction bigImg2(x) {\n  document.getElementById(\"linha2\").style.display = \"block\";\n}\nfunction normalImg2(x) {\n  document.getElementById(\"linha2\").style.display = \"none\";\n}\nfunction bigImg3(x) {\n  document.getElementById(\"linha3\").style.display = \"block\";\n}\nfunction normalImg3(x) {\n  document.getElementById(\"linha3\").style.display = \"none\";\n}\nfunction bigImg4(x) {\n  document.getElementById(\"linha4\").style.display = \"block\";\n}\nfunction normalImg4(x) {\n  document.getElementById(\"linha4\").style.display = \"none\";\n}\n<\/script>\n\n<!--\n\n\n<div class=\"designbox\" style=\"width: 100%; display: flex; flex-wrap: wrap; text-align:center; padding: 0px; text-align: center;\">\n\n<div style=\"width:20%; margin:auto; padding: 5px;\">A casa que vou habitar \u00e9 minha propriedade\u200b?<\/div>\n\n\n\n<div style=\"width:80%; padding: 5px;\">Tratando-se de propriedade coletiva o que o Cooperador disp\u00f5e \u00e9 de um Direito de Uso, reconhecido legalmente e regulado pelo c\u00f3digo cooperativo, sobre a sua Resid\u00eancia e sobre as \u00e1reas comuns da Habita\u00e7\u00e3o Colaborativa. Esse direito \u00e9 transmiss\u00edvel. Nesta circunstancia, quem sair, recebe os seus t\u00edtulos de investimento, ou seja, o capital que investiu.<\/div>\n\n<\/div>\n\n\n\n\n<div class=\"designbox\" style=\"width: 100%; display: flex; flex-wrap: wrap; text-align:center; padding: 0px; text-align: center; margin-top:40px;\">\n\n<div style=\"width:20%; margin:auto; padding: 5px;\">E se eu falecer, os meus herdeiros v\u00e3o receber o qu\u00ea?<\/div>\n\n\n\n<div style=\"width:80%; padding: 5px;\">O Capital com que o Cooperador entrou para a Cooperativa. Poder\u00e1 viver na \u201cA Casa\u201d se for Cooperador. Se n\u00e3o o for, por qualquer raz\u00e3o, receber\u00e1 o capital investido. As eventuais mais ou menos valias do projeto, revertem em qualquer circunstancia, para a cooperativa.<\/div>\n\n<\/div>\n\n\n\n\n<div class=\"designbox\" style=\"width: 100%; display: flex; flex-wrap: wrap; text-align:center; padding: 0px; text-align: center; margin-top:40px;\">\n\n<div style=\"width:20%; margin:auto; padding: 5px;\">Se eu n\u00e3o viver na minha habita\u00e7\u00e3o em perman\u00eancia, poderei alugar a casa?<\/div>\n\n\n\n<div style=\"width:80%; padding: 5px;\">Sim, mas sempre atrav\u00e9s da Cooperativa. Esta decis\u00e3o \u00e9 sempre do Cooperador e requer a sua autoriza\u00e7\u00e3o previa. O Regulamento Interno, a definir, esclarecer\u00e1 que percentagem desse aluguer ser\u00e1 retido pela Cooperativa e que percentagem retornar\u00e1 ao Cooperador, nomeadamente, eliminando os custos de condom\u00ednio, ou seja os custos permanentes de cada habita\u00e7\u00e3o.<\/div>\n\n<\/div>\n\n\n\n\n<div class=\"designbox\" style=\"width: 100%; display: flex; flex-wrap: wrap; text-align:center; padding: 0px; text-align: center; margin-top:40px;\">\n\n<div style=\"width:20%; margin:auto; padding: 5px;\">E se eu, por qualquer raz\u00e3o, n\u00e3o viver l\u00e1 durante um certo per\u00edodo?<\/div>\n\n\n\n<div style=\"width:80%; padding: 5px;\">A frequ\u00eancia de ocupa\u00e7\u00e3o de cada Habita\u00e7\u00e3o \u00e9 algo do foro pessoal do ou dos Cooperadores. Contudo, se por qualquer raz\u00e3o, estes l\u00e1 n\u00e3o habitam, haver\u00e1 sempre lugar ao pagamento de um valor mensal, correspondente ao gastos gerais, que designamos por \u201cCondom\u00ednio\u201d. Se o per\u00edodo for prolongado, o regulamento ir\u00e1 identificar as a\u00e7\u00f5es que devem ser seguidas pelo cooperador. O objetivo \u00e9 manter a Habita\u00e7\u00e3o Colaborativa ocupada, em beneficio de quem l\u00e1 vive.<\/div>\n\n<\/div>\n\n--><\/p>\n<p style=\"height:10px\"><\/p \n\n","protected":false},"excerpt":{"rendered":"<p>A casa que vou habitar \u00e9 minha propriedade\u200b? Tratando-se de propriedade coletiva o que o Cooperador disp\u00f5e \u00e9 de um Direito de Uso, reconhecido legalmente e regulado pelo c\u00f3digo cooperativo, sobre a sua Resid\u00eancia e sobre as \u00e1reas comuns da Habita\u00e7\u00e3o Colaborativa. Esse direito \u00e9 transmiss\u00edvel. Nesta circunstancia, quem sair, recebe os seus t\u00edtulos de [&hellip;]<\/p>\n","protected":false},"author":1,"featured_media":0,"parent":0,"menu_order":0,"comment_status":"closed","ping_status":"closed","template":"","meta":{"footnotes":""},"class_list":["post-1154","page","type-page","status-publish","hentry"],"blocksy_meta":[],"yoast_head":"<!-- This site is optimized with the Yoast SEO plugin v25.5 - https:\/\/yoast.com\/wordpress\/plugins\/seo\/ -->\n<title>FAQ\u00b4s - A Casa<\/title>\n<meta name=\"description\" content=\"cooperativas de habita\u00e7\u00e3o cohousing cooperativas de habita\u00e7\u00e3o envelhecimento ativo coop acasa portugal lisboa\" \/>\n<meta name=\"robots\" content=\"index, follow, max-snippet:-1, max-image-preview:large, max-video-preview:-1\" \/>\n<link rel=\"canonical\" href=\"https:\/\/www.coop-acasa.pt\/index.php\/faqs\/\" \/>\n<script type=\"application\/ld+json\" class=\"yoast-schema-graph\">{\"@context\":\"https:\/\/schema.org\",\"@graph\":[{\"@type\":\"WebPage\",\"@id\":\"https:\/\/www.coop-acasa.pt\/index.php\/faqs\/\",\"url\":\"https:\/\/www.coop-acasa.pt\/index.php\/faqs\/\",\"name\":\"FAQ\u00b4s - A Casa\",\"isPartOf\":{\"@id\":\"https:\/\/www.coop-acasa.pt\/#website\"},\"datePublished\":\"2025-02-27T17:03:37+00:00\",\"dateModified\":\"2026-04-11T20:18:36+00:00\",\"description\":\"cooperativas de habita\u00e7\u00e3o cohousing cooperativas de habita\u00e7\u00e3o envelhecimento ativo coop acasa portugal lisboa\",\"breadcrumb\":{\"@id\":\"https:\/\/www.coop-acasa.pt\/index.php\/faqs\/#breadcrumb\"},\"inLanguage\":\"pt-PT\",\"potentialAction\":[{\"@type\":\"ReadAction\",\"target\":[\"https:\/\/www.coop-acasa.pt\/index.php\/faqs\/\"]}]},{\"@type\":\"BreadcrumbList\",\"@id\":\"https:\/\/www.coop-acasa.pt\/index.php\/faqs\/#breadcrumb\",\"itemListElement\":[{\"@type\":\"ListItem\",\"position\":1,\"name\":\"In\u00edcio\",\"item\":\"https:\/\/www.coop-acasa.pt\/\"},{\"@type\":\"ListItem\",\"position\":2,\"name\":\"FAQ\u00b4s\"}]},{\"@type\":\"WebSite\",\"@id\":\"https:\/\/www.coop-acasa.pt\/#website\",\"url\":\"https:\/\/www.coop-acasa.pt\/\",\"name\":\"HCAC\",\"description\":\"Habita\u00e7\u00e3o Colaborativa\",\"publisher\":{\"@id\":\"https:\/\/www.coop-acasa.pt\/#organization\"},\"potentialAction\":[{\"@type\":\"SearchAction\",\"target\":{\"@type\":\"EntryPoint\",\"urlTemplate\":\"https:\/\/www.coop-acasa.pt\/?s={search_term_string}\"},\"query-input\":{\"@type\":\"PropertyValueSpecification\",\"valueRequired\":true,\"valueName\":\"search_term_string\"}}],\"inLanguage\":\"pt-PT\"},{\"@type\":\"Organization\",\"@id\":\"https:\/\/www.coop-acasa.pt\/#organization\",\"name\":\"HCAC\",\"url\":\"https:\/\/www.coop-acasa.pt\/\",\"logo\":{\"@type\":\"ImageObject\",\"inLanguage\":\"pt-PT\",\"@id\":\"https:\/\/www.coop-acasa.pt\/#\/schema\/logo\/image\/\",\"url\":\"http:\/\/www.coop-acasa.pt\/wp-content\/uploads\/2024\/02\/cropped-logotipo-1.jpg\",\"contentUrl\":\"http:\/\/www.coop-acasa.pt\/wp-content\/uploads\/2024\/02\/cropped-logotipo-1.jpg\",\"width\":512,\"height\":512,\"caption\":\"HCAC\"},\"image\":{\"@id\":\"https:\/\/www.coop-acasa.pt\/#\/schema\/logo\/image\/\"}}]}<\/script>\n<!-- \/ Yoast SEO plugin. -->","yoast_head_json":{"title":"FAQ\u00b4s - A Casa","description":"cooperativas de habita\u00e7\u00e3o cohousing cooperativas de habita\u00e7\u00e3o envelhecimento ativo coop acasa portugal lisboa","robots":{"index":"index","follow":"follow","max-snippet":"max-snippet:-1","max-image-preview":"max-image-preview:large","max-video-preview":"max-video-preview:-1"},"canonical":"https:\/\/www.coop-acasa.pt\/index.php\/faqs\/","schema":{"@context":"https:\/\/schema.org","@graph":[{"@type":"WebPage","@id":"https:\/\/www.coop-acasa.pt\/index.php\/faqs\/","url":"https:\/\/www.coop-acasa.pt\/index.php\/faqs\/","name":"FAQ\u00b4s - A Casa","isPartOf":{"@id":"https:\/\/www.coop-acasa.pt\/#website"},"datePublished":"2025-02-27T17:03:37+00:00","dateModified":"2026-04-11T20:18:36+00:00","description":"cooperativas de habita\u00e7\u00e3o cohousing cooperativas de habita\u00e7\u00e3o envelhecimento ativo coop acasa portugal lisboa","breadcrumb":{"@id":"https:\/\/www.coop-acasa.pt\/index.php\/faqs\/#breadcrumb"},"inLanguage":"pt-PT","potentialAction":[{"@type":"ReadAction","target":["https:\/\/www.coop-acasa.pt\/index.php\/faqs\/"]}]},{"@type":"BreadcrumbList","@id":"https:\/\/www.coop-acasa.pt\/index.php\/faqs\/#breadcrumb","itemListElement":[{"@type":"ListItem","position":1,"name":"In\u00edcio","item":"https:\/\/www.coop-acasa.pt\/"},{"@type":"ListItem","position":2,"name":"FAQ\u00b4s"}]},{"@type":"WebSite","@id":"https:\/\/www.coop-acasa.pt\/#website","url":"https:\/\/www.coop-acasa.pt\/","name":"HCAC","description":"Habita\u00e7\u00e3o Colaborativa","publisher":{"@id":"https:\/\/www.coop-acasa.pt\/#organization"},"potentialAction":[{"@type":"SearchAction","target":{"@type":"EntryPoint","urlTemplate":"https:\/\/www.coop-acasa.pt\/?s={search_term_string}"},"query-input":{"@type":"PropertyValueSpecification","valueRequired":true,"valueName":"search_term_string"}}],"inLanguage":"pt-PT"},{"@type":"Organization","@id":"https:\/\/www.coop-acasa.pt\/#organization","name":"HCAC","url":"https:\/\/www.coop-acasa.pt\/","logo":{"@type":"ImageObject","inLanguage":"pt-PT","@id":"https:\/\/www.coop-acasa.pt\/#\/schema\/logo\/image\/","url":"http:\/\/www.coop-acasa.pt\/wp-content\/uploads\/2024\/02\/cropped-logotipo-1.jpg","contentUrl":"http:\/\/www.coop-acasa.pt\/wp-content\/uploads\/2024\/02\/cropped-logotipo-1.jpg","width":512,"height":512,"caption":"HCAC"},"image":{"@id":"https:\/\/www.coop-acasa.pt\/#\/schema\/logo\/image\/"}}]}},"_links":{"self":[{"href":"https:\/\/www.coop-acasa.pt\/index.php\/wp-json\/wp\/v2\/pages\/1154","targetHints":{"allow":["GET"]}}],"collection":[{"href":"https:\/\/www.coop-acasa.pt\/index.php\/wp-json\/wp\/v2\/pages"}],"about":[{"href":"https:\/\/www.coop-acasa.pt\/index.php\/wp-json\/wp\/v2\/types\/page"}],"author":[{"embeddable":true,"href":"https:\/\/www.coop-acasa.pt\/index.php\/wp-json\/wp\/v2\/users\/1"}],"replies":[{"embeddable":true,"href":"https:\/\/www.coop-acasa.pt\/index.php\/wp-json\/wp\/v2\/comments?post=1154"}],"version-history":[{"count":27,"href":"https:\/\/www.coop-acasa.pt\/index.php\/wp-json\/wp\/v2\/pages\/1154\/revisions"}],"predecessor-version":[{"id":2405,"href":"https:\/\/www.coop-acasa.pt\/index.php\/wp-json\/wp\/v2\/pages\/1154\/revisions\/2405"}],"wp:attachment":[{"href":"https:\/\/www.coop-acasa.pt\/index.php\/wp-json\/wp\/v2\/media?parent=1154"}],"curies":[{"name":"wp","href":"https:\/\/api.w.org\/{rel}","templated":true}]}}