{"id":1170,"date":"2025-02-27T17:14:39","date_gmt":"2025-02-27T17:14:39","guid":{"rendered":"https:\/\/www.hcac.pt\/wordpress\/?page_id=1170"},"modified":"2026-03-29T08:18:56","modified_gmt":"2026-03-29T08:18:56","slug":"as-condicoes-financeiras","status":"publish","type":"page","link":"https:\/\/www.coop-acasa.pt\/index.php\/as-condicoes-financeiras\/","title":{"rendered":"O investimento"},"content":{"rendered":"<div class=\"anterior\">\n<form>\n <input type=\"button\" value=\"&#8249; P\u00e1gina anterior\" onclick=\"history.back()\"><br \/>\n<\/form>\n<\/div>\n<div style=\"text-align:justify; display: flex; flex-wrap: wrap;\">\n<div class=\"designbox\" style=\"width:65%; min-width:300px; background-color: #516a43; border-radius: 20px; color:white; padding:15px\">\n<ul>\n<li>A presente estimativa para o investimento associado a cada habita\u00e7\u00e3o \u00e9 o seguinte:<\/li>\n<li>T0 &#8211; 180.000 \u20ac<\/li>\n<li>T1 \u2013 260.000 \u20ac<\/li>\n<li>T2 \u2013 335.000 \u20ac<\/li>\n<li>Este valor inclui n\u00e3o s\u00f3 a habita\u00e7\u00e3o, como a percentagem relativa a todas as \u00e1reas centrais do complexo<\/li>\n<li><b>Nota importante: Os valores apresentados s\u00e3o previs\u00f5es. Est\u00e3o sujeitos a altera\u00e7\u00f5es.<\/b><\/li>\n<\/ul>\n<\/div>\n<div style=\"width:30%; margin:auto\">\n<img style=\"max-height: 300px;min-width:200px;\" src=\"https:\/\/www.coop-acasa.pt\/wp-content\/uploads\/2025\/02\/esta-feito8.jpg\" class=\"neve-site-logo skip-lazy\" alt=\"\" data-variant=\"logo\" decoding=\"async\">\n<\/div>\n<\/div>\n<p style=\"height:20px\">\n","protected":false},"excerpt":{"rendered":"<p>A presente estimativa para o investimento associado a cada habita\u00e7\u00e3o \u00e9 o seguinte: T0 &#8211; 180.000 \u20ac T1 \u2013 260.000 \u20ac T2 \u2013 335.000 \u20ac Este valor inclui n\u00e3o s\u00f3 a habita\u00e7\u00e3o, como a percentagem relativa a todas as \u00e1reas centrais do complexo Nota importante: Os valores apresentados s\u00e3o previs\u00f5es. Est\u00e3o sujeitos a altera\u00e7\u00f5es.<\/p>\n","protected":false},"author":1,"featured_media":0,"parent":0,"menu_order":0,"comment_status":"closed","ping_status":"closed","template":"","meta":{"footnotes":""},"class_list":["post-1170","page","type-page","status-publish","hentry"],"blocksy_meta":[],"yoast_head":"<!-- This site is optimized with the Yoast SEO plugin v25.5 - https:\/\/yoast.com\/wordpress\/plugins\/seo\/ -->\n<title>O investimento - A Casa<\/title>\n<meta name=\"description\" content=\"cooperativas de habita\u00e7\u00e3o cohousing cooperativas de habita\u00e7\u00e3o envelhecimento ativo coop acasa portugal lisboa\" \/>\n<meta name=\"robots\" content=\"index, follow, max-snippet:-1, max-image-preview:large, max-video-preview:-1\" \/>\n<link rel=\"canonical\" href=\"https:\/\/www.coop-acasa.pt\/index.php\/as-condicoes-financeiras\/\" \/>\n<script type=\"application\/ld+json\" class=\"yoast-schema-graph\">{\"@context\":\"https:\/\/schema.org\",\"@graph\":[{\"@type\":\"WebPage\",\"@id\":\"https:\/\/www.coop-acasa.pt\/index.php\/as-condicoes-financeiras\/\",\"url\":\"https:\/\/www.coop-acasa.pt\/index.php\/as-condicoes-financeiras\/\",\"name\":\"O investimento - A Casa\",\"isPartOf\":{\"@id\":\"https:\/\/www.coop-acasa.pt\/#website\"},\"primaryImageOfPage\":{\"@id\":\"https:\/\/www.coop-acasa.pt\/index.php\/as-condicoes-financeiras\/#primaryimage\"},\"image\":{\"@id\":\"https:\/\/www.coop-acasa.pt\/index.php\/as-condicoes-financeiras\/#primaryimage\"},\"thumbnailUrl\":\"https:\/\/www.coop-acasa.pt\/wp-content\/uploads\/2025\/02\/esta-feito8.jpg\",\"datePublished\":\"2025-02-27T17:14:39+00:00\",\"dateModified\":\"2026-03-29T08:18:56+00:00\",\"description\":\"cooperativas de habita\u00e7\u00e3o cohousing cooperativas de habita\u00e7\u00e3o envelhecimento ativo coop acasa portugal lisboa\",\"breadcrumb\":{\"@id\":\"https:\/\/www.coop-acasa.pt\/index.php\/as-condicoes-financeiras\/#breadcrumb\"},\"inLanguage\":\"pt-PT\",\"potentialAction\":[{\"@type\":\"ReadAction\",\"target\":[\"https:\/\/www.coop-acasa.pt\/index.php\/as-condicoes-financeiras\/\"]}]},{\"@type\":\"ImageObject\",\"inLanguage\":\"pt-PT\",\"@id\":\"https:\/\/www.coop-acasa.pt\/index.php\/as-condicoes-financeiras\/#primaryimage\",\"url\":\"https:\/\/www.coop-acasa.pt\/wp-content\/uploads\/2025\/02\/esta-feito8.jpg\",\"contentUrl\":\"https:\/\/www.coop-acasa.pt\/wp-content\/uploads\/2025\/02\/esta-feito8.jpg\"},{\"@type\":\"BreadcrumbList\",\"@id\":\"https:\/\/www.coop-acasa.pt\/index.php\/as-condicoes-financeiras\/#breadcrumb\",\"itemListElement\":[{\"@type\":\"ListItem\",\"position\":1,\"name\":\"In\u00edcio\",\"item\":\"https:\/\/www.coop-acasa.pt\/\"},{\"@type\":\"ListItem\",\"position\":2,\"name\":\"O investimento\"}]},{\"@type\":\"WebSite\",\"@id\":\"https:\/\/www.coop-acasa.pt\/#website\",\"url\":\"https:\/\/www.coop-acasa.pt\/\",\"name\":\"HCAC\",\"description\":\"Habita\u00e7\u00e3o Colaborativa\",\"publisher\":{\"@id\":\"https:\/\/www.coop-acasa.pt\/#organization\"},\"potentialAction\":[{\"@type\":\"SearchAction\",\"target\":{\"@type\":\"EntryPoint\",\"urlTemplate\":\"https:\/\/www.coop-acasa.pt\/?s={search_term_string}\"},\"query-input\":{\"@type\":\"PropertyValueSpecification\",\"valueRequired\":true,\"valueName\":\"search_term_string\"}}],\"inLanguage\":\"pt-PT\"},{\"@type\":\"Organization\",\"@id\":\"https:\/\/www.coop-acasa.pt\/#organization\",\"name\":\"HCAC\",\"url\":\"https:\/\/www.coop-acasa.pt\/\",\"logo\":{\"@type\":\"ImageObject\",\"inLanguage\":\"pt-PT\",\"@id\":\"https:\/\/www.coop-acasa.pt\/#\/schema\/logo\/image\/\",\"url\":\"http:\/\/www.coop-acasa.pt\/wp-content\/uploads\/2024\/02\/cropped-logotipo-1.jpg\",\"contentUrl\":\"http:\/\/www.coop-acasa.pt\/wp-content\/uploads\/2024\/02\/cropped-logotipo-1.jpg\",\"width\":512,\"height\":512,\"caption\":\"HCAC\"},\"image\":{\"@id\":\"https:\/\/www.coop-acasa.pt\/#\/schema\/logo\/image\/\"}}]}<\/script>\n<!-- \/ Yoast SEO plugin. -->","yoast_head_json":{"title":"O investimento - A Casa","description":"cooperativas de habita\u00e7\u00e3o cohousing cooperativas de habita\u00e7\u00e3o envelhecimento ativo coop acasa portugal lisboa","robots":{"index":"index","follow":"follow","max-snippet":"max-snippet:-1","max-image-preview":"max-image-preview:large","max-video-preview":"max-video-preview:-1"},"canonical":"https:\/\/www.coop-acasa.pt\/index.php\/as-condicoes-financeiras\/","schema":{"@context":"https:\/\/schema.org","@graph":[{"@type":"WebPage","@id":"https:\/\/www.coop-acasa.pt\/index.php\/as-condicoes-financeiras\/","url":"https:\/\/www.coop-acasa.pt\/index.php\/as-condicoes-financeiras\/","name":"O investimento - A Casa","isPartOf":{"@id":"https:\/\/www.coop-acasa.pt\/#website"},"primaryImageOfPage":{"@id":"https:\/\/www.coop-acasa.pt\/index.php\/as-condicoes-financeiras\/#primaryimage"},"image":{"@id":"https:\/\/www.coop-acasa.pt\/index.php\/as-condicoes-financeiras\/#primaryimage"},"thumbnailUrl":"https:\/\/www.coop-acasa.pt\/wp-content\/uploads\/2025\/02\/esta-feito8.jpg","datePublished":"2025-02-27T17:14:39+00:00","dateModified":"2026-03-29T08:18:56+00:00","description":"cooperativas de habita\u00e7\u00e3o cohousing cooperativas de habita\u00e7\u00e3o envelhecimento ativo coop acasa portugal lisboa","breadcrumb":{"@id":"https:\/\/www.coop-acasa.pt\/index.php\/as-condicoes-financeiras\/#breadcrumb"},"inLanguage":"pt-PT","potentialAction":[{"@type":"ReadAction","target":["https:\/\/www.coop-acasa.pt\/index.php\/as-condicoes-financeiras\/"]}]},{"@type":"ImageObject","inLanguage":"pt-PT","@id":"https:\/\/www.coop-acasa.pt\/index.php\/as-condicoes-financeiras\/#primaryimage","url":"https:\/\/www.coop-acasa.pt\/wp-content\/uploads\/2025\/02\/esta-feito8.jpg","contentUrl":"https:\/\/www.coop-acasa.pt\/wp-content\/uploads\/2025\/02\/esta-feito8.jpg"},{"@type":"BreadcrumbList","@id":"https:\/\/www.coop-acasa.pt\/index.php\/as-condicoes-financeiras\/#breadcrumb","itemListElement":[{"@type":"ListItem","position":1,"name":"In\u00edcio","item":"https:\/\/www.coop-acasa.pt\/"},{"@type":"ListItem","position":2,"name":"O investimento"}]},{"@type":"WebSite","@id":"https:\/\/www.coop-acasa.pt\/#website","url":"https:\/\/www.coop-acasa.pt\/","name":"HCAC","description":"Habita\u00e7\u00e3o Colaborativa","publisher":{"@id":"https:\/\/www.coop-acasa.pt\/#organization"},"potentialAction":[{"@type":"SearchAction","target":{"@type":"EntryPoint","urlTemplate":"https:\/\/www.coop-acasa.pt\/?s={search_term_string}"},"query-input":{"@type":"PropertyValueSpecification","valueRequired":true,"valueName":"search_term_string"}}],"inLanguage":"pt-PT"},{"@type":"Organization","@id":"https:\/\/www.coop-acasa.pt\/#organization","name":"HCAC","url":"https:\/\/www.coop-acasa.pt\/","logo":{"@type":"ImageObject","inLanguage":"pt-PT","@id":"https:\/\/www.coop-acasa.pt\/#\/schema\/logo\/image\/","url":"http:\/\/www.coop-acasa.pt\/wp-content\/uploads\/2024\/02\/cropped-logotipo-1.jpg","contentUrl":"http:\/\/www.coop-acasa.pt\/wp-content\/uploads\/2024\/02\/cropped-logotipo-1.jpg","width":512,"height":512,"caption":"HCAC"},"image":{"@id":"https:\/\/www.coop-acasa.pt\/#\/schema\/logo\/image\/"}}]}},"_links":{"self":[{"href":"https:\/\/www.coop-acasa.pt\/index.php\/wp-json\/wp\/v2\/pages\/1170","targetHints":{"allow":["GET"]}}],"collection":[{"href":"https:\/\/www.coop-acasa.pt\/index.php\/wp-json\/wp\/v2\/pages"}],"about":[{"href":"https:\/\/www.coop-acasa.pt\/index.php\/wp-json\/wp\/v2\/types\/page"}],"author":[{"embeddable":true,"href":"https:\/\/www.coop-acasa.pt\/index.php\/wp-json\/wp\/v2\/users\/1"}],"replies":[{"embeddable":true,"href":"https:\/\/www.coop-acasa.pt\/index.php\/wp-json\/wp\/v2\/comments?post=1170"}],"version-history":[{"count":23,"href":"https:\/\/www.coop-acasa.pt\/index.php\/wp-json\/wp\/v2\/pages\/1170\/revisions"}],"predecessor-version":[{"id":2375,"href":"https:\/\/www.coop-acasa.pt\/index.php\/wp-json\/wp\/v2\/pages\/1170\/revisions\/2375"}],"wp:attachment":[{"href":"https:\/\/www.coop-acasa.pt\/index.php\/wp-json\/wp\/v2\/media?parent=1170"}],"curies":[{"name":"wp","href":"https:\/\/api.w.org\/{rel}","templated":true}]}}