{"id":1371,"date":"2025-07-04T10:03:19","date_gmt":"2025-07-04T10:03:19","guid":{"rendered":"https:\/\/www.coop-acasa.pt\/?page_id=1371"},"modified":"2025-12-13T21:14:42","modified_gmt":"2025-12-13T21:14:42","slug":"piquenique-2025-em-pegoes","status":"publish","type":"page","link":"https:\/\/www.coop-acasa.pt\/index.php\/piquenique-2025-em-pegoes\/","title":{"rendered":"Piquenique no solst\u00edcio de ver\u00e3o 2025 no nosso terreno em Santo Isidro de Peg\u00f5es"},"content":{"rendered":"<div class=\"anterior\">\n<form>\n <input type=\"button\" value=\"&#8249; P\u00e1gina anterior\" onclick=\"history.back()\"><br \/>\n<\/form>\n<\/div>\n<div style=\"display: flex; flex-wrap: wrap;\">\n<div class=\"designbox\" style=\"width: 28%; padding: 0px; text-align: center; min-width:170px; margin-top:50px;\">\n<div style=\"height: 300px\"><img style=\"height: 100%; width: 100%;  object-fit: cover\" src=\"http:\/\/www.coop-acasa.pt\/wp-content\/uploads\/2025\/07\/IMG-20250621-WA0035.jpg\" class=\"neve-site-logo skip-lazy\" alt=\"\" data-variant=\"logo\" decoding=\"async\"><\/div>\n<\/div>\n<div class=\"designbox\" style=\"width: 28%; padding: 0px; text-align: center; min-width:170px; margin-top:50px;\">\n<div style=\"height: 300px\"><img style=\"height: 100%; width: 100%;  object-fit: cover\" src=\"http:\/\/www.coop-acasa.pt\/wp-content\/uploads\/2025\/07\/IMG-20250621-WA0011.jpg\" class=\"neve-site-logo skip-lazy\" alt=\"\" data-variant=\"logo\" decoding=\"async\"><\/div>\n<\/div>\n<div class=\"designbox\" style=\"width: 28%; padding: 0px; text-align: center; min-width:170px; margin-top:50px;\">\n<div style=\"height: 300px\"><img style=\"height: 100%; width: 100%;  object-fit: cover\" src=\"http:\/\/www.coop-acasa.pt\/wp-content\/uploads\/2025\/07\/IMG-20250621-WA0040.jpg\" class=\"neve-site-logo skip-lazy\" alt=\"\" data-variant=\"logo\" decoding=\"async\"><\/div>\n<\/div>\n<div class=\"designbox\" style=\"width: 28%; padding: 0px; text-align: center; min-width:170px; margin-top:50px;\">\n<div style=\"height: 300px\"><img style=\"height: 100%; width: 100%;  object-fit: cover\" src=\"http:\/\/www.coop-acasa.pt\/wp-content\/uploads\/2025\/07\/IMG-20250621-WA0021.jpg\" class=\"neve-site-logo skip-lazy\" alt=\"\" data-variant=\"logo\" decoding=\"async\"><\/div>\n<\/div>\n<div class=\"designbox\" style=\"width: 28%; padding: 0px; text-align: center; min-width:170px; margin-top:50px;\">\n<div style=\"height: 300px\"><img style=\"height: 100%; width: 100%;  object-fit: cover\" src=\"http:\/\/www.coop-acasa.pt\/wp-content\/uploads\/2025\/07\/IMG-20250621-WA0029.jpg\" class=\"neve-site-logo skip-lazy\" alt=\"\" data-variant=\"logo\" decoding=\"async\"><\/div>\n<\/div>\n<\/div>\n<p style=\"margin-top:55px;\">\n","protected":false},"excerpt":{"rendered":"","protected":false},"author":1,"featured_media":0,"parent":0,"menu_order":0,"comment_status":"closed","ping_status":"closed","template":"","meta":{"footnotes":""},"class_list":["post-1371","page","type-page","status-publish","hentry"],"blocksy_meta":[],"yoast_head":"<!-- This site is optimized with the Yoast SEO plugin v25.5 - https:\/\/yoast.com\/wordpress\/plugins\/seo\/ -->\n<title>Piquenique no solst\u00edcio de ver\u00e3o 2025 no nosso terreno em Santo Isidro de Peg\u00f5es - A Casa<\/title>\n<meta name=\"description\" content=\"cooperativas de habita\u00e7\u00e3o cohousing cooperativas de habita\u00e7\u00e3o envelhecimento ativo coop acasa portugal lisboa\" \/>\n<meta name=\"robots\" content=\"index, follow, max-snippet:-1, max-image-preview:large, max-video-preview:-1\" \/>\n<link rel=\"canonical\" href=\"https:\/\/www.coop-acasa.pt\/index.php\/piquenique-2025-em-pegoes\/\" \/>\n<script type=\"application\/ld+json\" class=\"yoast-schema-graph\">{\"@context\":\"https:\/\/schema.org\",\"@graph\":[{\"@type\":\"WebPage\",\"@id\":\"https:\/\/www.coop-acasa.pt\/index.php\/piquenique-2025-em-pegoes\/\",\"url\":\"https:\/\/www.coop-acasa.pt\/index.php\/piquenique-2025-em-pegoes\/\",\"name\":\"Piquenique no solst\u00edcio de ver\u00e3o 2025 no nosso terreno em Santo Isidro de Peg\u00f5es - A Casa\",\"isPartOf\":{\"@id\":\"https:\/\/www.coop-acasa.pt\/#website\"},\"primaryImageOfPage\":{\"@id\":\"https:\/\/www.coop-acasa.pt\/index.php\/piquenique-2025-em-pegoes\/#primaryimage\"},\"image\":{\"@id\":\"https:\/\/www.coop-acasa.pt\/index.php\/piquenique-2025-em-pegoes\/#primaryimage\"},\"thumbnailUrl\":\"http:\/\/www.coop-acasa.pt\/wp-content\/uploads\/2025\/07\/IMG-20250621-WA0035.jpg\",\"datePublished\":\"2025-07-04T10:03:19+00:00\",\"dateModified\":\"2025-12-13T21:14:42+00:00\",\"description\":\"cooperativas de habita\u00e7\u00e3o cohousing cooperativas de habita\u00e7\u00e3o envelhecimento ativo coop acasa portugal lisboa\",\"breadcrumb\":{\"@id\":\"https:\/\/www.coop-acasa.pt\/index.php\/piquenique-2025-em-pegoes\/#breadcrumb\"},\"inLanguage\":\"pt-PT\",\"potentialAction\":[{\"@type\":\"ReadAction\",\"target\":[\"https:\/\/www.coop-acasa.pt\/index.php\/piquenique-2025-em-pegoes\/\"]}]},{\"@type\":\"ImageObject\",\"inLanguage\":\"pt-PT\",\"@id\":\"https:\/\/www.coop-acasa.pt\/index.php\/piquenique-2025-em-pegoes\/#primaryimage\",\"url\":\"http:\/\/www.coop-acasa.pt\/wp-content\/uploads\/2025\/07\/IMG-20250621-WA0035.jpg\",\"contentUrl\":\"http:\/\/www.coop-acasa.pt\/wp-content\/uploads\/2025\/07\/IMG-20250621-WA0035.jpg\"},{\"@type\":\"BreadcrumbList\",\"@id\":\"https:\/\/www.coop-acasa.pt\/index.php\/piquenique-2025-em-pegoes\/#breadcrumb\",\"itemListElement\":[{\"@type\":\"ListItem\",\"position\":1,\"name\":\"In\u00edcio\",\"item\":\"https:\/\/www.coop-acasa.pt\/\"},{\"@type\":\"ListItem\",\"position\":2,\"name\":\"Piquenique no solst\u00edcio de ver\u00e3o 2025 no nosso terreno em Santo Isidro de Peg\u00f5es\"}]},{\"@type\":\"WebSite\",\"@id\":\"https:\/\/www.coop-acasa.pt\/#website\",\"url\":\"https:\/\/www.coop-acasa.pt\/\",\"name\":\"HCAC\",\"description\":\"Habita\u00e7\u00e3o Colaborativa\",\"publisher\":{\"@id\":\"https:\/\/www.coop-acasa.pt\/#organization\"},\"potentialAction\":[{\"@type\":\"SearchAction\",\"target\":{\"@type\":\"EntryPoint\",\"urlTemplate\":\"https:\/\/www.coop-acasa.pt\/?s={search_term_string}\"},\"query-input\":{\"@type\":\"PropertyValueSpecification\",\"valueRequired\":true,\"valueName\":\"search_term_string\"}}],\"inLanguage\":\"pt-PT\"},{\"@type\":\"Organization\",\"@id\":\"https:\/\/www.coop-acasa.pt\/#organization\",\"name\":\"HCAC\",\"url\":\"https:\/\/www.coop-acasa.pt\/\",\"logo\":{\"@type\":\"ImageObject\",\"inLanguage\":\"pt-PT\",\"@id\":\"https:\/\/www.coop-acasa.pt\/#\/schema\/logo\/image\/\",\"url\":\"http:\/\/www.coop-acasa.pt\/wp-content\/uploads\/2024\/02\/cropped-logotipo-1.jpg\",\"contentUrl\":\"http:\/\/www.coop-acasa.pt\/wp-content\/uploads\/2024\/02\/cropped-logotipo-1.jpg\",\"width\":512,\"height\":512,\"caption\":\"HCAC\"},\"image\":{\"@id\":\"https:\/\/www.coop-acasa.pt\/#\/schema\/logo\/image\/\"}}]}<\/script>\n<!-- \/ Yoast SEO plugin. -->","yoast_head_json":{"title":"Piquenique no solst\u00edcio de ver\u00e3o 2025 no nosso terreno em Santo Isidro de Peg\u00f5es - A Casa","description":"cooperativas de habita\u00e7\u00e3o cohousing cooperativas de habita\u00e7\u00e3o envelhecimento ativo coop acasa portugal lisboa","robots":{"index":"index","follow":"follow","max-snippet":"max-snippet:-1","max-image-preview":"max-image-preview:large","max-video-preview":"max-video-preview:-1"},"canonical":"https:\/\/www.coop-acasa.pt\/index.php\/piquenique-2025-em-pegoes\/","schema":{"@context":"https:\/\/schema.org","@graph":[{"@type":"WebPage","@id":"https:\/\/www.coop-acasa.pt\/index.php\/piquenique-2025-em-pegoes\/","url":"https:\/\/www.coop-acasa.pt\/index.php\/piquenique-2025-em-pegoes\/","name":"Piquenique no solst\u00edcio de ver\u00e3o 2025 no nosso terreno em Santo Isidro de Peg\u00f5es - A Casa","isPartOf":{"@id":"https:\/\/www.coop-acasa.pt\/#website"},"primaryImageOfPage":{"@id":"https:\/\/www.coop-acasa.pt\/index.php\/piquenique-2025-em-pegoes\/#primaryimage"},"image":{"@id":"https:\/\/www.coop-acasa.pt\/index.php\/piquenique-2025-em-pegoes\/#primaryimage"},"thumbnailUrl":"http:\/\/www.coop-acasa.pt\/wp-content\/uploads\/2025\/07\/IMG-20250621-WA0035.jpg","datePublished":"2025-07-04T10:03:19+00:00","dateModified":"2025-12-13T21:14:42+00:00","description":"cooperativas de habita\u00e7\u00e3o cohousing cooperativas de habita\u00e7\u00e3o envelhecimento ativo coop acasa portugal lisboa","breadcrumb":{"@id":"https:\/\/www.coop-acasa.pt\/index.php\/piquenique-2025-em-pegoes\/#breadcrumb"},"inLanguage":"pt-PT","potentialAction":[{"@type":"ReadAction","target":["https:\/\/www.coop-acasa.pt\/index.php\/piquenique-2025-em-pegoes\/"]}]},{"@type":"ImageObject","inLanguage":"pt-PT","@id":"https:\/\/www.coop-acasa.pt\/index.php\/piquenique-2025-em-pegoes\/#primaryimage","url":"http:\/\/www.coop-acasa.pt\/wp-content\/uploads\/2025\/07\/IMG-20250621-WA0035.jpg","contentUrl":"http:\/\/www.coop-acasa.pt\/wp-content\/uploads\/2025\/07\/IMG-20250621-WA0035.jpg"},{"@type":"BreadcrumbList","@id":"https:\/\/www.coop-acasa.pt\/index.php\/piquenique-2025-em-pegoes\/#breadcrumb","itemListElement":[{"@type":"ListItem","position":1,"name":"In\u00edcio","item":"https:\/\/www.coop-acasa.pt\/"},{"@type":"ListItem","position":2,"name":"Piquenique no solst\u00edcio de ver\u00e3o 2025 no nosso terreno em Santo Isidro de Peg\u00f5es"}]},{"@type":"WebSite","@id":"https:\/\/www.coop-acasa.pt\/#website","url":"https:\/\/www.coop-acasa.pt\/","name":"HCAC","description":"Habita\u00e7\u00e3o Colaborativa","publisher":{"@id":"https:\/\/www.coop-acasa.pt\/#organization"},"potentialAction":[{"@type":"SearchAction","target":{"@type":"EntryPoint","urlTemplate":"https:\/\/www.coop-acasa.pt\/?s={search_term_string}"},"query-input":{"@type":"PropertyValueSpecification","valueRequired":true,"valueName":"search_term_string"}}],"inLanguage":"pt-PT"},{"@type":"Organization","@id":"https:\/\/www.coop-acasa.pt\/#organization","name":"HCAC","url":"https:\/\/www.coop-acasa.pt\/","logo":{"@type":"ImageObject","inLanguage":"pt-PT","@id":"https:\/\/www.coop-acasa.pt\/#\/schema\/logo\/image\/","url":"http:\/\/www.coop-acasa.pt\/wp-content\/uploads\/2024\/02\/cropped-logotipo-1.jpg","contentUrl":"http:\/\/www.coop-acasa.pt\/wp-content\/uploads\/2024\/02\/cropped-logotipo-1.jpg","width":512,"height":512,"caption":"HCAC"},"image":{"@id":"https:\/\/www.coop-acasa.pt\/#\/schema\/logo\/image\/"}}]}},"_links":{"self":[{"href":"https:\/\/www.coop-acasa.pt\/index.php\/wp-json\/wp\/v2\/pages\/1371","targetHints":{"allow":["GET"]}}],"collection":[{"href":"https:\/\/www.coop-acasa.pt\/index.php\/wp-json\/wp\/v2\/pages"}],"about":[{"href":"https:\/\/www.coop-acasa.pt\/index.php\/wp-json\/wp\/v2\/types\/page"}],"author":[{"embeddable":true,"href":"https:\/\/www.coop-acasa.pt\/index.php\/wp-json\/wp\/v2\/users\/1"}],"replies":[{"embeddable":true,"href":"https:\/\/www.coop-acasa.pt\/index.php\/wp-json\/wp\/v2\/comments?post=1371"}],"version-history":[{"count":16,"href":"https:\/\/www.coop-acasa.pt\/index.php\/wp-json\/wp\/v2\/pages\/1371\/revisions"}],"predecessor-version":[{"id":2265,"href":"https:\/\/www.coop-acasa.pt\/index.php\/wp-json\/wp\/v2\/pages\/1371\/revisions\/2265"}],"wp:attachment":[{"href":"https:\/\/www.coop-acasa.pt\/index.php\/wp-json\/wp\/v2\/media?parent=1371"}],"curies":[{"name":"wp","href":"https:\/\/api.w.org\/{rel}","templated":true}]}}