{"id":1610,"date":"2025-10-01T11:45:41","date_gmt":"2025-10-01T11:45:41","guid":{"rendered":"https:\/\/www.coop-acasa.pt\/?page_id=1610"},"modified":"2026-04-08T09:38:58","modified_gmt":"2026-04-08T09:38:58","slug":"projeto-de-arquitetura","status":"publish","type":"page","link":"https:\/\/www.coop-acasa.pt\/index.php\/projeto-de-arquitetura\/","title":{"rendered":"Projeto de Arquitetura"},"content":{"rendered":"<h6>O projecto de arquitetura foi aprovado por unanimidade na Assembleia Geral do dia 26 de outubro de 2025<\/h6>\n<div style=\"text-align:center\">\n<h5 style=\"text-align:justify\">46 Habita\u00e7\u00f5es:<br \/>\n12 &#8211; T0<br \/>\n22 &#8211; T1<br \/>\n12 &#8211; T2 <\/h5>\n<div style=\"display:flex\">\n<div style=\"max-width:33.33%\">\n<h5>Tipologia T0<\/h5>\n<p><a href=\"#img1\"><img decoding=\"async\" style=\"max-height: 400px;\" src=\"http:\/\/www.coop-acasa.pt\/wp-content\/uploads\/2025\/10\/091_EP_Tipologia-T0_page-0001.jpg\" alt=\"Imagem\" class=\"thumbnail\"><\/a><\/p>\n<div id=\"img1\" class=\"overlay\"><a href=\"javascript:void(0)\" class=\"close\" onclick=\"history.back();\">&times;<\/a><img decoding=\"async\" src=\"http:\/\/www.coop-acasa.pt\/wp-content\/uploads\/2025\/10\/091_EP_Tipologia-T0_page-0001.jpg\"><\/div>\n<\/div>\n<div style=\"max-width:33.33%\">\n<h5>Tipologia T1<\/h5>\n<p><a href=\"#img2\"><img decoding=\"async\" style=\"max-height: 400px;\" src=\"http:\/\/www.coop-acasa.pt\/wp-content\/uploads\/2025\/10\/091_EP_Tipologia-T1_page-0001.jpg\" alt=\"Imagem\" class=\"thumbnail\"><\/a><\/p>\n<div id=\"img2\" class=\"overlay\"><a href=\"javascript:void(0)\" class=\"close\" onclick=\"history.back();\">&times;<\/a><img decoding=\"async\" src=\"http:\/\/www.coop-acasa.pt\/wp-content\/uploads\/2025\/10\/091_EP_Tipologia-T1_page-0001.jpg\"><\/div>\n<\/div>\n<div style=\"max-width:33.33%\">\n<h5>Tipologia T2<\/h5>\n<p><a href=\"#img3\"><img decoding=\"async\" style=\"max-height: 400px;\" src=\"http:\/\/www.coop-acasa.pt\/wp-content\/uploads\/2025\/10\/091_EP_Tipologia-T2_page-0001.jpg\" alt=\"Imagem\" class=\"thumbnail\"><\/a><\/p>\n<div id=\"img3\" class=\"overlay\"><a href=\"javascript:void(0)\" class=\"close\" onclick=\"history.back();\">&times;<\/a><img decoding=\"async\" src=\"http:\/\/www.coop-acasa.pt\/wp-content\/uploads\/2025\/10\/091_EP_Tipologia-T2_page-0001.jpg\"><\/div>\n<\/div>\n<\/div>\n<h5>Implanta\u00e7\u00e3o no terreno \/ \u00e1reas exteriores<\/h5>\n<div style=\"display:flex; justify-content: center;  align-items: center;\">\n<div style=\"max-width:50%\">\n<a href=\"#img4\"><img decoding=\"async\" style=\"max-height: 300px;\" src=\"http:\/\/www.coop-acasa.pt\/wp-content\/uploads\/2025\/11\/091_EP_PAINEL-1-scaled.jpg\" alt=\"Imagem\" class=\"thumbnail\"><\/a><\/p>\n<div id=\"img4\" class=\"overlay\"><a href=\"javascript:void(0)\" class=\"close\" onclick=\"history.back();\">&times;<\/a><img decoding=\"async\" src=\"http:\/\/www.coop-acasa.pt\/wp-content\/uploads\/2025\/11\/091_EP_PAINEL-1-scaled.jpg\"><\/div>\n<\/div>\n<div style=\"max-width:50%\">\n<a href=\"#img5\"><img decoding=\"async\" style=\"max-height: 300px;\" src=\"http:\/\/www.coop-acasa.pt\/wp-content\/uploads\/2025\/11\/091_EP_PAINEL-7-scaled.jpg\" alt=\"Imagem\" class=\"thumbnail\"><\/a><\/p>\n<div id=\"img5\" class=\"overlay\"><a href=\"javascript:void(0)\" class=\"close\" onclick=\"history.back();\">&times;<\/a><img decoding=\"async\" src=\"http:\/\/www.coop-acasa.pt\/wp-content\/uploads\/2025\/11\/091_EP_PAINEL-7-scaled.jpg\"><\/div>\n<\/div>\n<\/div>\n<h5 style=\"text-align:justify\">Plantas do edif\u00edcio:<br \/>\nPiso -1<br \/>\nPiso 0<br \/>\nPiso 1<\/h5>\n<div style=\"display:flex\">\n<div style=\"max-width:33.33%\">\n<h5>Piso -1<\/h5>\n<p><a href=\"#img6\"><img decoding=\"async\" style=\"max-height: 400px;\" src=\"http:\/\/www.coop-acasa.pt\/wp-content\/uploads\/2025\/11\/091_EP_PAINEL-2-scaled-1.jpg\" alt=\"Imagem\" class=\"thumbnail\"><\/a>\u00c1rea de hidroterapia, zona t\u00e9cnica, salas ocupacionais e arrecada\u00e7\u00f5es<\/p>\n<div id=\"img6\" class=\"overlay\"><a href=\"javascript:void(0)\" class=\"close\" onclick=\"history.back();\">&times;<\/a><img decoding=\"async\" src=\"http:\/\/www.coop-acasa.pt\/wp-content\/uploads\/2025\/11\/091_EP_PAINEL-2-scaled-1.jpg\"><\/div>\n<\/div>\n<div style=\"max-width:33.33%\">\n<h5>Piso 0<\/h5>\n<p><a href=\"#img7\"><img decoding=\"async\" style=\"max-height: 400px;\" src=\"http:\/\/www.coop-acasa.pt\/wp-content\/uploads\/2025\/11\/091_EP_PAINEL-3-scaled-1.jpg\" alt=\"Imagem\" class=\"thumbnail\"><\/a>Restaurante, \u00e1rea de fisioterapia e gin\u00e1sio<\/p>\n<div id=\"img7\" class=\"overlay\"><a href=\"javascript:void(0)\" class=\"close\" onclick=\"history.back();\">&times;<\/a><img decoding=\"async\" src=\"http:\/\/www.coop-acasa.pt\/wp-content\/uploads\/2025\/11\/091_EP_PAINEL-3-scaled-1.jpg\"><\/div>\n<\/div>\n<div style=\"max-width:33.33%\">\n<h5>Piso 1<\/h5>\n<p><a href=\"#img8\"><img decoding=\"async\" style=\"max-height: 400px;\" src=\"http:\/\/www.coop-acasa.pt\/wp-content\/uploads\/2025\/11\/091_EP_PAINEL-4-scaled-1.jpg\" alt=\"Imagem\" class=\"thumbnail\"><\/a>\u00c1rea de sa\u00fade, gabinete m\u00e9dico e de enfermagem, quartos<\/p>\n<div id=\"img8\" class=\"overlay\"><a href=\"javascript:void(0)\" class=\"close\" onclick=\"history.back();\">&times;<\/a><img decoding=\"async\" src=\"http:\/\/www.coop-acasa.pt\/wp-content\/uploads\/2025\/11\/091_EP_PAINEL-4-scaled-1.jpg\"><\/div>\n<\/div>\n<\/div>\n<p><\/p>\n<h5>Al\u00e7ado Tipo Habita\u00e7\u00e3o<\/h5>\n<p><a href=\"#img9\"><img decoding=\"async\" style=\"max-height: 1000px;\" src=\"http:\/\/www.coop-acasa.pt\/wp-content\/uploads\/2025\/11\/fachada.png\" alt=\"Imagem\" class=\"thumbnail\"><\/a><\/p>\n<div id=\"img9\" class=\"overlay\"><a href=\"javascript:void(0)\" class=\"close\" onclick=\"history.back();\">&times;<\/a><img decoding=\"async\" src=\"http:\/\/www.coop-acasa.pt\/wp-content\/uploads\/2025\/11\/fachada.png\"><\/p>\n","protected":false},"excerpt":{"rendered":"<p>O projecto de arquitetura foi aprovado por unanimidade na Assembleia Geral do dia 26 de outubro de 2025 46 Habita\u00e7\u00f5es: 12 &#8211; T0 22 &#8211; T1 12 &#8211; T2 Tipologia T0 &times; Tipologia T1 &times; Tipologia T2 &times; Implanta\u00e7\u00e3o no terreno \/ \u00e1reas exteriores &times; &times; Plantas do edif\u00edcio: Piso -1 Piso 0 Piso 1 [&hellip;]<\/p>\n","protected":false},"author":1,"featured_media":0,"parent":0,"menu_order":0,"comment_status":"closed","ping_status":"closed","template":"","meta":{"footnotes":""},"class_list":["post-1610","page","type-page","status-publish","hentry"],"blocksy_meta":[],"yoast_head":"<!-- This site is optimized with the Yoast SEO plugin v25.5 - https:\/\/yoast.com\/wordpress\/plugins\/seo\/ -->\n<title>Projeto de Arquitetura - A Casa<\/title>\n<meta name=\"robots\" content=\"index, follow, max-snippet:-1, max-image-preview:large, max-video-preview:-1\" \/>\n<link rel=\"canonical\" href=\"https:\/\/www.coop-acasa.pt\/index.php\/projeto-de-arquitetura\/\" \/>\n<script type=\"application\/ld+json\" class=\"yoast-schema-graph\">{\"@context\":\"https:\/\/schema.org\",\"@graph\":[{\"@type\":\"WebPage\",\"@id\":\"https:\/\/www.coop-acasa.pt\/index.php\/projeto-de-arquitetura\/\",\"url\":\"https:\/\/www.coop-acasa.pt\/index.php\/projeto-de-arquitetura\/\",\"name\":\"Projeto de Arquitetura - A Casa\",\"isPartOf\":{\"@id\":\"https:\/\/www.coop-acasa.pt\/#website\"},\"primaryImageOfPage\":{\"@id\":\"https:\/\/www.coop-acasa.pt\/index.php\/projeto-de-arquitetura\/#primaryimage\"},\"image\":{\"@id\":\"https:\/\/www.coop-acasa.pt\/index.php\/projeto-de-arquitetura\/#primaryimage\"},\"thumbnailUrl\":\"http:\/\/www.coop-acasa.pt\/wp-content\/uploads\/2025\/10\/091_EP_Tipologia-T0_page-0001.jpg\",\"datePublished\":\"2025-10-01T11:45:41+00:00\",\"dateModified\":\"2026-04-08T09:38:58+00:00\",\"breadcrumb\":{\"@id\":\"https:\/\/www.coop-acasa.pt\/index.php\/projeto-de-arquitetura\/#breadcrumb\"},\"inLanguage\":\"pt-PT\",\"potentialAction\":[{\"@type\":\"ReadAction\",\"target\":[\"https:\/\/www.coop-acasa.pt\/index.php\/projeto-de-arquitetura\/\"]}]},{\"@type\":\"ImageObject\",\"inLanguage\":\"pt-PT\",\"@id\":\"https:\/\/www.coop-acasa.pt\/index.php\/projeto-de-arquitetura\/#primaryimage\",\"url\":\"http:\/\/www.coop-acasa.pt\/wp-content\/uploads\/2025\/10\/091_EP_Tipologia-T0_page-0001.jpg\",\"contentUrl\":\"http:\/\/www.coop-acasa.pt\/wp-content\/uploads\/2025\/10\/091_EP_Tipologia-T0_page-0001.jpg\"},{\"@type\":\"BreadcrumbList\",\"@id\":\"https:\/\/www.coop-acasa.pt\/index.php\/projeto-de-arquitetura\/#breadcrumb\",\"itemListElement\":[{\"@type\":\"ListItem\",\"position\":1,\"name\":\"In\u00edcio\",\"item\":\"https:\/\/www.coop-acasa.pt\/\"},{\"@type\":\"ListItem\",\"position\":2,\"name\":\"Projeto de Arquitetura\"}]},{\"@type\":\"WebSite\",\"@id\":\"https:\/\/www.coop-acasa.pt\/#website\",\"url\":\"https:\/\/www.coop-acasa.pt\/\",\"name\":\"HCAC\",\"description\":\"Habita\u00e7\u00e3o Colaborativa\",\"publisher\":{\"@id\":\"https:\/\/www.coop-acasa.pt\/#organization\"},\"potentialAction\":[{\"@type\":\"SearchAction\",\"target\":{\"@type\":\"EntryPoint\",\"urlTemplate\":\"https:\/\/www.coop-acasa.pt\/?s={search_term_string}\"},\"query-input\":{\"@type\":\"PropertyValueSpecification\",\"valueRequired\":true,\"valueName\":\"search_term_string\"}}],\"inLanguage\":\"pt-PT\"},{\"@type\":\"Organization\",\"@id\":\"https:\/\/www.coop-acasa.pt\/#organization\",\"name\":\"HCAC\",\"url\":\"https:\/\/www.coop-acasa.pt\/\",\"logo\":{\"@type\":\"ImageObject\",\"inLanguage\":\"pt-PT\",\"@id\":\"https:\/\/www.coop-acasa.pt\/#\/schema\/logo\/image\/\",\"url\":\"http:\/\/www.coop-acasa.pt\/wp-content\/uploads\/2024\/02\/cropped-logotipo-1.jpg\",\"contentUrl\":\"http:\/\/www.coop-acasa.pt\/wp-content\/uploads\/2024\/02\/cropped-logotipo-1.jpg\",\"width\":512,\"height\":512,\"caption\":\"HCAC\"},\"image\":{\"@id\":\"https:\/\/www.coop-acasa.pt\/#\/schema\/logo\/image\/\"}}]}<\/script>\n<!-- \/ Yoast SEO plugin. -->","yoast_head_json":{"title":"Projeto de Arquitetura - A Casa","robots":{"index":"index","follow":"follow","max-snippet":"max-snippet:-1","max-image-preview":"max-image-preview:large","max-video-preview":"max-video-preview:-1"},"canonical":"https:\/\/www.coop-acasa.pt\/index.php\/projeto-de-arquitetura\/","schema":{"@context":"https:\/\/schema.org","@graph":[{"@type":"WebPage","@id":"https:\/\/www.coop-acasa.pt\/index.php\/projeto-de-arquitetura\/","url":"https:\/\/www.coop-acasa.pt\/index.php\/projeto-de-arquitetura\/","name":"Projeto de Arquitetura - A Casa","isPartOf":{"@id":"https:\/\/www.coop-acasa.pt\/#website"},"primaryImageOfPage":{"@id":"https:\/\/www.coop-acasa.pt\/index.php\/projeto-de-arquitetura\/#primaryimage"},"image":{"@id":"https:\/\/www.coop-acasa.pt\/index.php\/projeto-de-arquitetura\/#primaryimage"},"thumbnailUrl":"http:\/\/www.coop-acasa.pt\/wp-content\/uploads\/2025\/10\/091_EP_Tipologia-T0_page-0001.jpg","datePublished":"2025-10-01T11:45:41+00:00","dateModified":"2026-04-08T09:38:58+00:00","breadcrumb":{"@id":"https:\/\/www.coop-acasa.pt\/index.php\/projeto-de-arquitetura\/#breadcrumb"},"inLanguage":"pt-PT","potentialAction":[{"@type":"ReadAction","target":["https:\/\/www.coop-acasa.pt\/index.php\/projeto-de-arquitetura\/"]}]},{"@type":"ImageObject","inLanguage":"pt-PT","@id":"https:\/\/www.coop-acasa.pt\/index.php\/projeto-de-arquitetura\/#primaryimage","url":"http:\/\/www.coop-acasa.pt\/wp-content\/uploads\/2025\/10\/091_EP_Tipologia-T0_page-0001.jpg","contentUrl":"http:\/\/www.coop-acasa.pt\/wp-content\/uploads\/2025\/10\/091_EP_Tipologia-T0_page-0001.jpg"},{"@type":"BreadcrumbList","@id":"https:\/\/www.coop-acasa.pt\/index.php\/projeto-de-arquitetura\/#breadcrumb","itemListElement":[{"@type":"ListItem","position":1,"name":"In\u00edcio","item":"https:\/\/www.coop-acasa.pt\/"},{"@type":"ListItem","position":2,"name":"Projeto de Arquitetura"}]},{"@type":"WebSite","@id":"https:\/\/www.coop-acasa.pt\/#website","url":"https:\/\/www.coop-acasa.pt\/","name":"HCAC","description":"Habita\u00e7\u00e3o Colaborativa","publisher":{"@id":"https:\/\/www.coop-acasa.pt\/#organization"},"potentialAction":[{"@type":"SearchAction","target":{"@type":"EntryPoint","urlTemplate":"https:\/\/www.coop-acasa.pt\/?s={search_term_string}"},"query-input":{"@type":"PropertyValueSpecification","valueRequired":true,"valueName":"search_term_string"}}],"inLanguage":"pt-PT"},{"@type":"Organization","@id":"https:\/\/www.coop-acasa.pt\/#organization","name":"HCAC","url":"https:\/\/www.coop-acasa.pt\/","logo":{"@type":"ImageObject","inLanguage":"pt-PT","@id":"https:\/\/www.coop-acasa.pt\/#\/schema\/logo\/image\/","url":"http:\/\/www.coop-acasa.pt\/wp-content\/uploads\/2024\/02\/cropped-logotipo-1.jpg","contentUrl":"http:\/\/www.coop-acasa.pt\/wp-content\/uploads\/2024\/02\/cropped-logotipo-1.jpg","width":512,"height":512,"caption":"HCAC"},"image":{"@id":"https:\/\/www.coop-acasa.pt\/#\/schema\/logo\/image\/"}}]}},"_links":{"self":[{"href":"https:\/\/www.coop-acasa.pt\/index.php\/wp-json\/wp\/v2\/pages\/1610","targetHints":{"allow":["GET"]}}],"collection":[{"href":"https:\/\/www.coop-acasa.pt\/index.php\/wp-json\/wp\/v2\/pages"}],"about":[{"href":"https:\/\/www.coop-acasa.pt\/index.php\/wp-json\/wp\/v2\/types\/page"}],"author":[{"embeddable":true,"href":"https:\/\/www.coop-acasa.pt\/index.php\/wp-json\/wp\/v2\/users\/1"}],"replies":[{"embeddable":true,"href":"https:\/\/www.coop-acasa.pt\/index.php\/wp-json\/wp\/v2\/comments?post=1610"}],"version-history":[{"count":49,"href":"https:\/\/www.coop-acasa.pt\/index.php\/wp-json\/wp\/v2\/pages\/1610\/revisions"}],"predecessor-version":[{"id":2392,"href":"https:\/\/www.coop-acasa.pt\/index.php\/wp-json\/wp\/v2\/pages\/1610\/revisions\/2392"}],"wp:attachment":[{"href":"https:\/\/www.coop-acasa.pt\/index.php\/wp-json\/wp\/v2\/media?parent=1610"}],"curies":[{"name":"wp","href":"https:\/\/api.w.org\/{rel}","templated":true}]}}