{"id":2364,"date":"2026-03-29T08:11:42","date_gmt":"2026-03-29T08:11:42","guid":{"rendered":"https:\/\/www.coop-acasa.pt\/?page_id=2364"},"modified":"2026-03-29T08:11:42","modified_gmt":"2026-03-29T08:11:42","slug":"os-grandes-principios-que-configuram-a-gestao-economica-e-financeira-de-a-casa","status":"publish","type":"page","link":"https:\/\/www.coop-acasa.pt\/index.php\/os-grandes-principios-que-configuram-a-gestao-economica-e-financeira-de-a-casa\/","title":{"rendered":"Os grandes princ\u00edpios que configuram a Gest\u00e3o Econ\u00f3mica e Financeira de A Casa"},"content":{"rendered":"<div style=\"text-align:justify; display: flex; flex-wrap: wrap;\">\n<div class=\"designbox\" style=\"width:65%; min-width:300px; background-color: #516a43; border-radius: 20px; color:white; padding:15px\">\n<ul>\n<li>O nosso projeto para S. Isidro de Peg\u00f5es alicer\u00e7a-se na nossa capacidade de <b>AUTOFINACIAMENTO, SOLV\u00caNCIA ECON\u00d3MICA e RESPONSABILIDADE FINANCEIRA<\/b> dos Cooperadores.<\/li>\n<li><b>AUTOFINANCIAMENTO<\/b> (complementado por empr\u00e9stimo banc\u00e1rio) porque, apesar de acreditarmos que ser\u00e1 poss\u00edvel ter financiamento estatal ou encontrar mecenato, at\u00e9 hoje, n\u00e3o conseguimos identificar nenhuma oportunidade real.<\/li>\n<li><b>SOLV\u00caNCIA ECON\u00d3MICA<\/b> porque a viabilidade do coletivo, assenta na solvabilidade econ\u00f3mica individual.<\/li>\n<li><b>RESPONSABILIDADE FINANCEIRA<\/b> porque teremos de ser muito rigorosos no cumprimento dos compromissos individuais que viermos a assumir.<\/li>\n<li><b>SOLIDARIEDADE:<\/b> A Cooperativa criar\u00e1 mecanismos, como o financiamento atrav\u00e9s de cr\u00e9dito banc\u00e1rio obtido pela cooperativa, de parte do investimento do cooperador. Tamb\u00e9m se perspetiva a cria\u00e7\u00e3o de um Fundo Solid\u00e1rio, a ser financiado ao longo do tempo, e que permita acomodar varia\u00e7\u00f5es financeiras dos Cooperadores, em particular, perante a perda da sua autonomia.<\/li>\n<\/ul>\n<\/div>\n<div style=\"width:30%; margin:auto\">\n<img style=\"max-height: 300px;min-width:200px;\" src=\"https:\/\/www.coop-acasa.pt\/wp-content\/uploads\/2025\/02\/esta-feito8.jpg\" class=\"neve-site-logo skip-lazy\" alt=\"\" data-variant=\"logo\" decoding=\"async\">\n<\/div>\n<\/div>\n<p style=\"height:20px\">\n","protected":false},"excerpt":{"rendered":"<p>O nosso projeto para S. Isidro de Peg\u00f5es alicer\u00e7a-se na nossa capacidade de AUTOFINACIAMENTO, SOLV\u00caNCIA ECON\u00d3MICA e RESPONSABILIDADE FINANCEIRA dos Cooperadores. AUTOFINANCIAMENTO (complementado por empr\u00e9stimo banc\u00e1rio) porque, apesar de acreditarmos que ser\u00e1 poss\u00edvel ter financiamento estatal ou encontrar mecenato, at\u00e9 hoje, n\u00e3o conseguimos identificar nenhuma oportunidade real. SOLV\u00caNCIA ECON\u00d3MICA porque a viabilidade do coletivo, assenta [&hellip;]<\/p>\n","protected":false},"author":1,"featured_media":0,"parent":0,"menu_order":0,"comment_status":"closed","ping_status":"closed","template":"","meta":{"footnotes":""},"class_list":["post-2364","page","type-page","status-publish","hentry"],"blocksy_meta":[],"yoast_head":"<!-- This site is optimized with the Yoast SEO plugin v25.5 - https:\/\/yoast.com\/wordpress\/plugins\/seo\/ -->\n<title>Os grandes princ\u00edpios que configuram a Gest\u00e3o Econ\u00f3mica e Financeira de A Casa - A Casa<\/title>\n<meta name=\"robots\" content=\"index, follow, max-snippet:-1, max-image-preview:large, max-video-preview:-1\" \/>\n<link rel=\"canonical\" href=\"https:\/\/www.coop-acasa.pt\/index.php\/os-grandes-principios-que-configuram-a-gestao-economica-e-financeira-de-a-casa\/\" \/>\n<script type=\"application\/ld+json\" class=\"yoast-schema-graph\">{\"@context\":\"https:\/\/schema.org\",\"@graph\":[{\"@type\":\"WebPage\",\"@id\":\"https:\/\/www.coop-acasa.pt\/index.php\/os-grandes-principios-que-configuram-a-gestao-economica-e-financeira-de-a-casa\/\",\"url\":\"https:\/\/www.coop-acasa.pt\/index.php\/os-grandes-principios-que-configuram-a-gestao-economica-e-financeira-de-a-casa\/\",\"name\":\"Os grandes princ\u00edpios que configuram a Gest\u00e3o Econ\u00f3mica e Financeira de A Casa - A Casa\",\"isPartOf\":{\"@id\":\"https:\/\/www.coop-acasa.pt\/#website\"},\"primaryImageOfPage\":{\"@id\":\"https:\/\/www.coop-acasa.pt\/index.php\/os-grandes-principios-que-configuram-a-gestao-economica-e-financeira-de-a-casa\/#primaryimage\"},\"image\":{\"@id\":\"https:\/\/www.coop-acasa.pt\/index.php\/os-grandes-principios-que-configuram-a-gestao-economica-e-financeira-de-a-casa\/#primaryimage\"},\"thumbnailUrl\":\"https:\/\/www.coop-acasa.pt\/wp-content\/uploads\/2025\/02\/esta-feito8.jpg\",\"datePublished\":\"2026-03-29T08:11:42+00:00\",\"breadcrumb\":{\"@id\":\"https:\/\/www.coop-acasa.pt\/index.php\/os-grandes-principios-que-configuram-a-gestao-economica-e-financeira-de-a-casa\/#breadcrumb\"},\"inLanguage\":\"pt-PT\",\"potentialAction\":[{\"@type\":\"ReadAction\",\"target\":[\"https:\/\/www.coop-acasa.pt\/index.php\/os-grandes-principios-que-configuram-a-gestao-economica-e-financeira-de-a-casa\/\"]}]},{\"@type\":\"ImageObject\",\"inLanguage\":\"pt-PT\",\"@id\":\"https:\/\/www.coop-acasa.pt\/index.php\/os-grandes-principios-que-configuram-a-gestao-economica-e-financeira-de-a-casa\/#primaryimage\",\"url\":\"https:\/\/www.coop-acasa.pt\/wp-content\/uploads\/2025\/02\/esta-feito8.jpg\",\"contentUrl\":\"https:\/\/www.coop-acasa.pt\/wp-content\/uploads\/2025\/02\/esta-feito8.jpg\"},{\"@type\":\"BreadcrumbList\",\"@id\":\"https:\/\/www.coop-acasa.pt\/index.php\/os-grandes-principios-que-configuram-a-gestao-economica-e-financeira-de-a-casa\/#breadcrumb\",\"itemListElement\":[{\"@type\":\"ListItem\",\"position\":1,\"name\":\"In\u00edcio\",\"item\":\"https:\/\/www.coop-acasa.pt\/\"},{\"@type\":\"ListItem\",\"position\":2,\"name\":\"Os grandes princ\u00edpios que configuram a Gest\u00e3o Econ\u00f3mica e Financeira de A Casa\"}]},{\"@type\":\"WebSite\",\"@id\":\"https:\/\/www.coop-acasa.pt\/#website\",\"url\":\"https:\/\/www.coop-acasa.pt\/\",\"name\":\"HCAC\",\"description\":\"Habita\u00e7\u00e3o Colaborativa\",\"publisher\":{\"@id\":\"https:\/\/www.coop-acasa.pt\/#organization\"},\"potentialAction\":[{\"@type\":\"SearchAction\",\"target\":{\"@type\":\"EntryPoint\",\"urlTemplate\":\"https:\/\/www.coop-acasa.pt\/?s={search_term_string}\"},\"query-input\":{\"@type\":\"PropertyValueSpecification\",\"valueRequired\":true,\"valueName\":\"search_term_string\"}}],\"inLanguage\":\"pt-PT\"},{\"@type\":\"Organization\",\"@id\":\"https:\/\/www.coop-acasa.pt\/#organization\",\"name\":\"HCAC\",\"url\":\"https:\/\/www.coop-acasa.pt\/\",\"logo\":{\"@type\":\"ImageObject\",\"inLanguage\":\"pt-PT\",\"@id\":\"https:\/\/www.coop-acasa.pt\/#\/schema\/logo\/image\/\",\"url\":\"http:\/\/www.coop-acasa.pt\/wp-content\/uploads\/2024\/02\/cropped-logotipo-1.jpg\",\"contentUrl\":\"http:\/\/www.coop-acasa.pt\/wp-content\/uploads\/2024\/02\/cropped-logotipo-1.jpg\",\"width\":512,\"height\":512,\"caption\":\"HCAC\"},\"image\":{\"@id\":\"https:\/\/www.coop-acasa.pt\/#\/schema\/logo\/image\/\"}}]}<\/script>\n<!-- \/ Yoast SEO plugin. -->","yoast_head_json":{"title":"Os grandes princ\u00edpios que configuram a Gest\u00e3o Econ\u00f3mica e Financeira de A Casa - A Casa","robots":{"index":"index","follow":"follow","max-snippet":"max-snippet:-1","max-image-preview":"max-image-preview:large","max-video-preview":"max-video-preview:-1"},"canonical":"https:\/\/www.coop-acasa.pt\/index.php\/os-grandes-principios-que-configuram-a-gestao-economica-e-financeira-de-a-casa\/","schema":{"@context":"https:\/\/schema.org","@graph":[{"@type":"WebPage","@id":"https:\/\/www.coop-acasa.pt\/index.php\/os-grandes-principios-que-configuram-a-gestao-economica-e-financeira-de-a-casa\/","url":"https:\/\/www.coop-acasa.pt\/index.php\/os-grandes-principios-que-configuram-a-gestao-economica-e-financeira-de-a-casa\/","name":"Os grandes princ\u00edpios que configuram a Gest\u00e3o Econ\u00f3mica e Financeira de A Casa - A Casa","isPartOf":{"@id":"https:\/\/www.coop-acasa.pt\/#website"},"primaryImageOfPage":{"@id":"https:\/\/www.coop-acasa.pt\/index.php\/os-grandes-principios-que-configuram-a-gestao-economica-e-financeira-de-a-casa\/#primaryimage"},"image":{"@id":"https:\/\/www.coop-acasa.pt\/index.php\/os-grandes-principios-que-configuram-a-gestao-economica-e-financeira-de-a-casa\/#primaryimage"},"thumbnailUrl":"https:\/\/www.coop-acasa.pt\/wp-content\/uploads\/2025\/02\/esta-feito8.jpg","datePublished":"2026-03-29T08:11:42+00:00","breadcrumb":{"@id":"https:\/\/www.coop-acasa.pt\/index.php\/os-grandes-principios-que-configuram-a-gestao-economica-e-financeira-de-a-casa\/#breadcrumb"},"inLanguage":"pt-PT","potentialAction":[{"@type":"ReadAction","target":["https:\/\/www.coop-acasa.pt\/index.php\/os-grandes-principios-que-configuram-a-gestao-economica-e-financeira-de-a-casa\/"]}]},{"@type":"ImageObject","inLanguage":"pt-PT","@id":"https:\/\/www.coop-acasa.pt\/index.php\/os-grandes-principios-que-configuram-a-gestao-economica-e-financeira-de-a-casa\/#primaryimage","url":"https:\/\/www.coop-acasa.pt\/wp-content\/uploads\/2025\/02\/esta-feito8.jpg","contentUrl":"https:\/\/www.coop-acasa.pt\/wp-content\/uploads\/2025\/02\/esta-feito8.jpg"},{"@type":"BreadcrumbList","@id":"https:\/\/www.coop-acasa.pt\/index.php\/os-grandes-principios-que-configuram-a-gestao-economica-e-financeira-de-a-casa\/#breadcrumb","itemListElement":[{"@type":"ListItem","position":1,"name":"In\u00edcio","item":"https:\/\/www.coop-acasa.pt\/"},{"@type":"ListItem","position":2,"name":"Os grandes princ\u00edpios que configuram a Gest\u00e3o Econ\u00f3mica e Financeira de A Casa"}]},{"@type":"WebSite","@id":"https:\/\/www.coop-acasa.pt\/#website","url":"https:\/\/www.coop-acasa.pt\/","name":"HCAC","description":"Habita\u00e7\u00e3o Colaborativa","publisher":{"@id":"https:\/\/www.coop-acasa.pt\/#organization"},"potentialAction":[{"@type":"SearchAction","target":{"@type":"EntryPoint","urlTemplate":"https:\/\/www.coop-acasa.pt\/?s={search_term_string}"},"query-input":{"@type":"PropertyValueSpecification","valueRequired":true,"valueName":"search_term_string"}}],"inLanguage":"pt-PT"},{"@type":"Organization","@id":"https:\/\/www.coop-acasa.pt\/#organization","name":"HCAC","url":"https:\/\/www.coop-acasa.pt\/","logo":{"@type":"ImageObject","inLanguage":"pt-PT","@id":"https:\/\/www.coop-acasa.pt\/#\/schema\/logo\/image\/","url":"http:\/\/www.coop-acasa.pt\/wp-content\/uploads\/2024\/02\/cropped-logotipo-1.jpg","contentUrl":"http:\/\/www.coop-acasa.pt\/wp-content\/uploads\/2024\/02\/cropped-logotipo-1.jpg","width":512,"height":512,"caption":"HCAC"},"image":{"@id":"https:\/\/www.coop-acasa.pt\/#\/schema\/logo\/image\/"}}]}},"_links":{"self":[{"href":"https:\/\/www.coop-acasa.pt\/index.php\/wp-json\/wp\/v2\/pages\/2364","targetHints":{"allow":["GET"]}}],"collection":[{"href":"https:\/\/www.coop-acasa.pt\/index.php\/wp-json\/wp\/v2\/pages"}],"about":[{"href":"https:\/\/www.coop-acasa.pt\/index.php\/wp-json\/wp\/v2\/types\/page"}],"author":[{"embeddable":true,"href":"https:\/\/www.coop-acasa.pt\/index.php\/wp-json\/wp\/v2\/users\/1"}],"replies":[{"embeddable":true,"href":"https:\/\/www.coop-acasa.pt\/index.php\/wp-json\/wp\/v2\/comments?post=2364"}],"version-history":[{"count":1,"href":"https:\/\/www.coop-acasa.pt\/index.php\/wp-json\/wp\/v2\/pages\/2364\/revisions"}],"predecessor-version":[{"id":2366,"href":"https:\/\/www.coop-acasa.pt\/index.php\/wp-json\/wp\/v2\/pages\/2364\/revisions\/2366"}],"wp:attachment":[{"href":"https:\/\/www.coop-acasa.pt\/index.php\/wp-json\/wp\/v2\/media?parent=2364"}],"curies":[{"name":"wp","href":"https:\/\/api.w.org\/{rel}","templated":true}]}}