{"id":2398,"date":"2026-04-08T09:45:05","date_gmt":"2026-04-08T09:45:05","guid":{"rendered":"https:\/\/www.coop-acasa.pt\/?page_id=2398"},"modified":"2026-04-08T09:45:05","modified_gmt":"2026-04-08T09:45:05","slug":"selecao-de-fornecedores","status":"publish","type":"page","link":"https:\/\/www.coop-acasa.pt\/index.php\/selecao-de-fornecedores\/","title":{"rendered":"Sele\u00e7\u00e3o de Fornecedores"},"content":{"rendered":"<h6>No \u00e2mbito da sele\u00e7\u00e3o de fornecedores, t\u00eam sido efetuadas visitas a construtores de fabrica\u00e7\u00e3o modular. Estas tecnologias permitir\u00e3o acelerar a constru\u00e7\u00e3o do complexo de S. Isidro de Peg\u00f5es<\/h6>\n<div style=\"display:flex\">\n<div style=\"max-width:40%\">\n<a href=\"#img1\"><img decoding=\"async\" style=\"max-height: 250px;\" src=\"http:\/\/www.coop-acasa.pt\/wp-content\/uploads\/2026\/04\/20260204_113439-scaled.jpg\" alt=\"Imagem\" class=\"thumbnail\"><\/a><\/p>\n<div id=\"img1\" class=\"overlay\"><a href=\"javascript:void(0)\" class=\"close\" onclick=\"history.back();\">&times;<\/a><img decoding=\"async\" src=\"http:\/\/www.coop-acasa.pt\/wp-content\/uploads\/2026\/04\/20260204_113439-scaled.jpg\"><\/div>\n<\/div>\n<div style=\"max-width:5%\">\n<a href=\"#img1\"><\/p>\n<div style=\"width: 20px;\"><\/div>\n<\/div>\n<div style=\"max-width:40%\">\n<a href=\"#img2\"><img decoding=\"async\" style=\"max-height: 250px;\" src=\"http:\/\/www.coop-acasa.pt\/wp-content\/uploads\/2026\/04\/20260204_114725-scaled.jpg\" alt=\"Imagem\" class=\"thumbnail\"><\/a><\/p>\n<div id=\"img2\" class=\"overlay\"><a href=\"javascript:void(0)\" class=\"close\" onclick=\"history.back();\">&times;<\/a><img decoding=\"async\" src=\"http:\/\/www.coop-acasa.pt\/wp-content\/uploads\/2026\/04\/20260204_114725-scaled.jpg\"><\/div>\n<\/div>\n<\/div>\n","protected":false},"excerpt":{"rendered":"<p>No \u00e2mbito da sele\u00e7\u00e3o de fornecedores, t\u00eam sido efetuadas visitas a construtores de fabrica\u00e7\u00e3o modular. Estas tecnologias permitir\u00e3o acelerar a constru\u00e7\u00e3o do complexo de S. Isidro de Peg\u00f5es &times; &times;<\/p>\n","protected":false},"author":1,"featured_media":0,"parent":0,"menu_order":0,"comment_status":"closed","ping_status":"closed","template":"","meta":{"footnotes":""},"class_list":["post-2398","page","type-page","status-publish","hentry"],"blocksy_meta":[],"yoast_head":"<!-- This site is optimized with the Yoast SEO plugin v25.5 - https:\/\/yoast.com\/wordpress\/plugins\/seo\/ -->\n<title>Sele\u00e7\u00e3o de Fornecedores - A Casa<\/title>\n<meta name=\"robots\" content=\"index, follow, max-snippet:-1, max-image-preview:large, max-video-preview:-1\" \/>\n<link rel=\"canonical\" href=\"https:\/\/www.coop-acasa.pt\/index.php\/selecao-de-fornecedores\/\" \/>\n<script type=\"application\/ld+json\" class=\"yoast-schema-graph\">{\"@context\":\"https:\/\/schema.org\",\"@graph\":[{\"@type\":\"WebPage\",\"@id\":\"https:\/\/www.coop-acasa.pt\/index.php\/selecao-de-fornecedores\/\",\"url\":\"https:\/\/www.coop-acasa.pt\/index.php\/selecao-de-fornecedores\/\",\"name\":\"Sele\u00e7\u00e3o de Fornecedores - A Casa\",\"isPartOf\":{\"@id\":\"https:\/\/www.coop-acasa.pt\/#website\"},\"primaryImageOfPage\":{\"@id\":\"https:\/\/www.coop-acasa.pt\/index.php\/selecao-de-fornecedores\/#primaryimage\"},\"image\":{\"@id\":\"https:\/\/www.coop-acasa.pt\/index.php\/selecao-de-fornecedores\/#primaryimage\"},\"thumbnailUrl\":\"http:\/\/www.coop-acasa.pt\/wp-content\/uploads\/2026\/04\/20260204_113439-scaled.jpg\",\"datePublished\":\"2026-04-08T09:45:05+00:00\",\"breadcrumb\":{\"@id\":\"https:\/\/www.coop-acasa.pt\/index.php\/selecao-de-fornecedores\/#breadcrumb\"},\"inLanguage\":\"pt-PT\",\"potentialAction\":[{\"@type\":\"ReadAction\",\"target\":[\"https:\/\/www.coop-acasa.pt\/index.php\/selecao-de-fornecedores\/\"]}]},{\"@type\":\"ImageObject\",\"inLanguage\":\"pt-PT\",\"@id\":\"https:\/\/www.coop-acasa.pt\/index.php\/selecao-de-fornecedores\/#primaryimage\",\"url\":\"http:\/\/www.coop-acasa.pt\/wp-content\/uploads\/2026\/04\/20260204_113439-scaled.jpg\",\"contentUrl\":\"http:\/\/www.coop-acasa.pt\/wp-content\/uploads\/2026\/04\/20260204_113439-scaled.jpg\"},{\"@type\":\"BreadcrumbList\",\"@id\":\"https:\/\/www.coop-acasa.pt\/index.php\/selecao-de-fornecedores\/#breadcrumb\",\"itemListElement\":[{\"@type\":\"ListItem\",\"position\":1,\"name\":\"In\u00edcio\",\"item\":\"https:\/\/www.coop-acasa.pt\/\"},{\"@type\":\"ListItem\",\"position\":2,\"name\":\"Sele\u00e7\u00e3o de Fornecedores\"}]},{\"@type\":\"WebSite\",\"@id\":\"https:\/\/www.coop-acasa.pt\/#website\",\"url\":\"https:\/\/www.coop-acasa.pt\/\",\"name\":\"HCAC\",\"description\":\"Habita\u00e7\u00e3o Colaborativa\",\"publisher\":{\"@id\":\"https:\/\/www.coop-acasa.pt\/#organization\"},\"potentialAction\":[{\"@type\":\"SearchAction\",\"target\":{\"@type\":\"EntryPoint\",\"urlTemplate\":\"https:\/\/www.coop-acasa.pt\/?s={search_term_string}\"},\"query-input\":{\"@type\":\"PropertyValueSpecification\",\"valueRequired\":true,\"valueName\":\"search_term_string\"}}],\"inLanguage\":\"pt-PT\"},{\"@type\":\"Organization\",\"@id\":\"https:\/\/www.coop-acasa.pt\/#organization\",\"name\":\"HCAC\",\"url\":\"https:\/\/www.coop-acasa.pt\/\",\"logo\":{\"@type\":\"ImageObject\",\"inLanguage\":\"pt-PT\",\"@id\":\"https:\/\/www.coop-acasa.pt\/#\/schema\/logo\/image\/\",\"url\":\"http:\/\/www.coop-acasa.pt\/wp-content\/uploads\/2024\/02\/cropped-logotipo-1.jpg\",\"contentUrl\":\"http:\/\/www.coop-acasa.pt\/wp-content\/uploads\/2024\/02\/cropped-logotipo-1.jpg\",\"width\":512,\"height\":512,\"caption\":\"HCAC\"},\"image\":{\"@id\":\"https:\/\/www.coop-acasa.pt\/#\/schema\/logo\/image\/\"}}]}<\/script>\n<!-- \/ Yoast SEO plugin. -->","yoast_head_json":{"title":"Sele\u00e7\u00e3o de Fornecedores - A Casa","robots":{"index":"index","follow":"follow","max-snippet":"max-snippet:-1","max-image-preview":"max-image-preview:large","max-video-preview":"max-video-preview:-1"},"canonical":"https:\/\/www.coop-acasa.pt\/index.php\/selecao-de-fornecedores\/","schema":{"@context":"https:\/\/schema.org","@graph":[{"@type":"WebPage","@id":"https:\/\/www.coop-acasa.pt\/index.php\/selecao-de-fornecedores\/","url":"https:\/\/www.coop-acasa.pt\/index.php\/selecao-de-fornecedores\/","name":"Sele\u00e7\u00e3o de Fornecedores - A Casa","isPartOf":{"@id":"https:\/\/www.coop-acasa.pt\/#website"},"primaryImageOfPage":{"@id":"https:\/\/www.coop-acasa.pt\/index.php\/selecao-de-fornecedores\/#primaryimage"},"image":{"@id":"https:\/\/www.coop-acasa.pt\/index.php\/selecao-de-fornecedores\/#primaryimage"},"thumbnailUrl":"http:\/\/www.coop-acasa.pt\/wp-content\/uploads\/2026\/04\/20260204_113439-scaled.jpg","datePublished":"2026-04-08T09:45:05+00:00","breadcrumb":{"@id":"https:\/\/www.coop-acasa.pt\/index.php\/selecao-de-fornecedores\/#breadcrumb"},"inLanguage":"pt-PT","potentialAction":[{"@type":"ReadAction","target":["https:\/\/www.coop-acasa.pt\/index.php\/selecao-de-fornecedores\/"]}]},{"@type":"ImageObject","inLanguage":"pt-PT","@id":"https:\/\/www.coop-acasa.pt\/index.php\/selecao-de-fornecedores\/#primaryimage","url":"http:\/\/www.coop-acasa.pt\/wp-content\/uploads\/2026\/04\/20260204_113439-scaled.jpg","contentUrl":"http:\/\/www.coop-acasa.pt\/wp-content\/uploads\/2026\/04\/20260204_113439-scaled.jpg"},{"@type":"BreadcrumbList","@id":"https:\/\/www.coop-acasa.pt\/index.php\/selecao-de-fornecedores\/#breadcrumb","itemListElement":[{"@type":"ListItem","position":1,"name":"In\u00edcio","item":"https:\/\/www.coop-acasa.pt\/"},{"@type":"ListItem","position":2,"name":"Sele\u00e7\u00e3o de Fornecedores"}]},{"@type":"WebSite","@id":"https:\/\/www.coop-acasa.pt\/#website","url":"https:\/\/www.coop-acasa.pt\/","name":"HCAC","description":"Habita\u00e7\u00e3o Colaborativa","publisher":{"@id":"https:\/\/www.coop-acasa.pt\/#organization"},"potentialAction":[{"@type":"SearchAction","target":{"@type":"EntryPoint","urlTemplate":"https:\/\/www.coop-acasa.pt\/?s={search_term_string}"},"query-input":{"@type":"PropertyValueSpecification","valueRequired":true,"valueName":"search_term_string"}}],"inLanguage":"pt-PT"},{"@type":"Organization","@id":"https:\/\/www.coop-acasa.pt\/#organization","name":"HCAC","url":"https:\/\/www.coop-acasa.pt\/","logo":{"@type":"ImageObject","inLanguage":"pt-PT","@id":"https:\/\/www.coop-acasa.pt\/#\/schema\/logo\/image\/","url":"http:\/\/www.coop-acasa.pt\/wp-content\/uploads\/2024\/02\/cropped-logotipo-1.jpg","contentUrl":"http:\/\/www.coop-acasa.pt\/wp-content\/uploads\/2024\/02\/cropped-logotipo-1.jpg","width":512,"height":512,"caption":"HCAC"},"image":{"@id":"https:\/\/www.coop-acasa.pt\/#\/schema\/logo\/image\/"}}]}},"_links":{"self":[{"href":"https:\/\/www.coop-acasa.pt\/index.php\/wp-json\/wp\/v2\/pages\/2398","targetHints":{"allow":["GET"]}}],"collection":[{"href":"https:\/\/www.coop-acasa.pt\/index.php\/wp-json\/wp\/v2\/pages"}],"about":[{"href":"https:\/\/www.coop-acasa.pt\/index.php\/wp-json\/wp\/v2\/types\/page"}],"author":[{"embeddable":true,"href":"https:\/\/www.coop-acasa.pt\/index.php\/wp-json\/wp\/v2\/users\/1"}],"replies":[{"embeddable":true,"href":"https:\/\/www.coop-acasa.pt\/index.php\/wp-json\/wp\/v2\/comments?post=2398"}],"version-history":[{"count":1,"href":"https:\/\/www.coop-acasa.pt\/index.php\/wp-json\/wp\/v2\/pages\/2398\/revisions"}],"predecessor-version":[{"id":2401,"href":"https:\/\/www.coop-acasa.pt\/index.php\/wp-json\/wp\/v2\/pages\/2398\/revisions\/2401"}],"wp:attachment":[{"href":"https:\/\/www.coop-acasa.pt\/index.php\/wp-json\/wp\/v2\/media?parent=2398"}],"curies":[{"name":"wp","href":"https:\/\/api.w.org\/{rel}","templated":true}]}}