{"id":45,"date":"2024-02-25T19:40:26","date_gmt":"2024-02-25T19:40:26","guid":{"rendered":"https:\/\/www.hcac.pt\/wordpress\/?page_id=45"},"modified":"2025-07-22T19:44:55","modified_gmt":"2025-07-22T19:44:55","slug":"politica-de-privacidade","status":"publish","type":"page","link":"https:\/\/www.coop-acasa.pt\/index.php\/politica-de-privacidade\/","title":{"rendered":"Pol\u00edtica de Privacidade"},"content":{"rendered":"<p>Pol\u00edtica de Privacidade<br \/>\nA COOPERATIVA <i>A CASA<\/i> DE HABITA\u00c7\u00c3O COLABORATIVA, CRL, adiante designado por HCAC, \u00e9 respons\u00e1vel pelo <i>site<\/i> www.coop-acasa.pt, adiante designado por <i>site<\/i> da HCAC, e compromete-se a garantir a privacidade dos dados pessoais recolhidos e\/ou transmitidos <i>online<\/i>. A seguran\u00e7a e a privacidade dos dados dos utilizadores do <i>site<\/i> da HCAC s\u00e3o aspetos que assumem uma import\u00e2ncia crucial.<\/p>\n<p>Por favor leia o texto que se segue para compreender e tomar conhecimento da forma como as informa\u00e7\u00f5es que disponibilizar ser\u00e3o tratadas pela HCAC. A HCAC reserva-se o direito de alterar a pol\u00edtica de privacidade, pelo que se aconselha a leitura regular deste documento. Estes textos reproduzem fielmente a pol\u00edtica de privacidade seguida pelo <i>site<\/i> da HCAC.<\/p>\n<p>No presente documento poder\u00e1 encontrar a resposta \u00e0s seguintes quest\u00f5es:<\/p>\n<p>I. Qual \u00e9 a informa\u00e7\u00e3o que \u00e9 recolhida sobre os utilizadores registados?<br \/>\nII. Qual \u00e9 a entidade respons\u00e1vel pela recolha da informa\u00e7\u00e3o?<br \/>\nIII. O que s\u00e3o <i>cookie<\/i>s e como \u00e9 que a HCAC os utiliza?<br \/>\nIV. Como \u00e9 que a informa\u00e7\u00e3o recolhida \u00e9 utilizada?<br \/>\nV. Que procedimentos de seguran\u00e7a tem o <i>site<\/i> da HCAC que garanta aos utilizadores a prote\u00e7\u00e3o dos seus dados contra o acesso, a altera\u00e7\u00e3o ou a destrui\u00e7\u00e3o n\u00e3o autorizada?<br \/>\nVI. Qual o per\u00edodo de conserva\u00e7\u00e3o dos dados pessoais dos utilizadores?<br \/>\nVII. Como pode o utilizador retificar ou eliminar os seus dados pessoais?<\/p>\n<p>Outras quest\u00f5es de que dever\u00e1 ter conhecimento sobre a pol\u00edtica de privacidade da HCAC.<br \/>\nSe tiver qualquer d\u00favida sobre alguns dos pontos aqui apresentados, agradecemos que nos comunique por <i>e-mail<\/i> para acasa@coop-acasa.pt.<\/p>\n<p>I. Qual \u00e9 a informa\u00e7\u00e3o que \u00e9 recolhida sobre os utilizadores registados?<br \/>\nPara que se possa tornar um utilizador registado no <i>site<\/i> da HCAC \u00e9 necess\u00e1rio autoriza\u00e7\u00e3o do administrador.<\/p>\n<p>II. Qual \u00e9 a entidade respons\u00e1vel pela recolha da informa\u00e7\u00e3o?<br \/>\nA HCAC \u00e9 o \u00fanico respons\u00e1vel pela recolha de dados pessoais usados no <i>site<\/i>. Sempre que o utilizador termine a utiliza\u00e7\u00e3o deste servi\u00e7o, a HCAC n\u00e3o assume qualquer responsabilidade pela informa\u00e7\u00e3o recolhida fora das respectivas p\u00e1ginas electr\u00f3nicas.<\/p>\n<p>III. O que s\u00e3o <i>cookies<\/i> e como \u00e9 que a HCAC os utiliza?<br \/>\nPara poder prestar um servi\u00e7o mais personalizado e pr\u00e1tico aos utilizadores, a HCAC utiliza <i>cookies<\/i> para recolher e guardar informa\u00e7\u00e3o. Um <i>cookie<\/i> \u00e9 um pequeno ficheiro informativo que \u00e9 enviado do servidor do <i>site<\/i> HCAC para o <i>browser<\/i> do utilizador e armazenado no respetivo computador. Estes <i>cookies<\/i> ser\u00e3o apenas utilizados pela HCAC e a sua utiliza\u00e7\u00e3o limita-se \u00e0s seguintes finalidades:<\/p>\n<p>\u2013 Permitir \u00e0 HCAC saber quem \u00e9 o utilizador e, dessa forma, disponibilizar a informa\u00e7\u00e3o devida;<\/p>\n<p>\u2013 Estimar a utiliza\u00e7\u00e3o das informa\u00e7\u00f5es disponibilizadas.<\/p>\n<p>A cada utilizador corresponde uma <i>cookie<\/i> individual, garantindo desta forma a privacidade e a seguran\u00e7a dos dados. A apresenta\u00e7\u00e3o dos dados estat\u00edsticos \u00e9 feita de uma forma agregada e n\u00e3o individual, n\u00e3o permitindo a identifica\u00e7\u00e3o do utilizador. Desta forma, \u00e9 poss\u00edvel avaliar o desempenho do <i>site<\/i> da HCAC numa perspetiva de atualiza\u00e7\u00e3o e melhoria constantes, para que se possa satisfazer as necessidades do utilizador.<\/p>\n<p>IV. Como \u00e9 que a informa\u00e7\u00e3o recolhida \u00e9 utilizada?<br \/>\nA informa\u00e7\u00e3o recolhida servir\u00e1 apenas para os seguintes prop\u00f3sitos:<\/p>\n<p>\u2013 Autentica\u00e7\u00e3o no <i>site<\/i> da HCAC;<\/p>\n<p>\u2013 Elabora\u00e7\u00e3o de estat\u00edsticas que permitam perceber como a HCAC poder\u00e1 melhorar o n\u00edvel de informa\u00e7\u00e3o que disponibiliza e, dessa forma, corresponder mais eficazmente \u00e0s expectativas dos utilizadores.<\/p>\n<p>Os dados pessoais fornecidos pelo utilizador ser\u00e3o utilizados exclusivamente para fins ligados \u00e0 execu\u00e7\u00e3o do respetivo listado acima.<\/p>\n<p>A HCAC n\u00e3o proceder\u00e1 \u00e0 venda, aluguer, partilha ou oferta dos dados fornecidos.<\/p>\n<p>V. Que procedimentos de seguran\u00e7a tem o <i>site<\/i> da HCAC que garanta aos utilizadores a prote\u00e7\u00e3o dos seus dados contra o acesso, a altera\u00e7\u00e3o ou a destrui\u00e7\u00e3o n\u00e3o autorizada?<br \/>\nA HCAC toma todas as precau\u00e7\u00f5es necess\u00e1rias e legalmente exigidas para garantir a prote\u00e7\u00e3o da informa\u00e7\u00e3o recolhida junto dos seus utilizadores atrav\u00e9s do <i>site<\/i> da HCAC. Estas precau\u00e7\u00f5es garantem a seguran\u00e7a <i>online<\/i> e <i>offline<\/i> dessa informa\u00e7\u00e3o.<\/p>\n<p>Se tiver alguma quest\u00e3o a colocar-nos sobre a seguran\u00e7a e privacidade que a HCAC lhe garante, entre em contacto para acasa@coop-acasa.pt.<\/p>\n<p>VI. Qual o per\u00edodo de conserva\u00e7\u00e3o dos dados pessoais dos utilizadores?<br \/>\nA HCAC conserva os dados pessoais dos utilizadores durante o per\u00edodo de tempo necess\u00e1rio, ou para o cumprimento de obriga\u00e7\u00f5es a que esteja legalmente sujeita. Em qualquer caso, terminada a rela\u00e7\u00e3o com os titulares de dados pessoais, estes deixaram de ser armazenados para quaisquer efeitos.<\/p>\n<p>VII. Como pode o utilizador retificar ou eliminar os seus dados pessoais?<br \/>\nDe acordo com a legisla\u00e7\u00e3o em vigor, o utilizador tem direito ao acesso e retifica\u00e7\u00e3o dos seus dados, bem como o direito de solicitar a sua elimina\u00e7\u00e3o. Pode igualmente op\u00f4r-se a que os seus dados sejam utilizados com o fim de cria\u00e7\u00e3o do seu perfil de cliente.<\/p>\n<p>O exerc\u00edcio de algum dos direitos legalmente conferidos pelo respetivo titular deve ser feito por meio de mensagem de correio eletr\u00f3nico assinados pelo pr\u00f3prio e ser acompanhados por uma fotoc\u00f3pia de um documento de identifica\u00e7\u00e3o com a assinatura do titular que exerce o seu direito, atrav\u00e9s do acasa@coop-acasa.pt.<\/p>\n<p>O titular dos dados pessoais deve ter presente que, em certos casos, o seu pedido poder\u00e1 n\u00e3o ser imediatamente satisfeito. De qualquer modo, ser\u00e1 informado das medidas tomadas nesse sentido, no prazo m\u00e1ximo de um m\u00eas a partir do momento em que o pedido for efetuado.<\/p>\n<p>Outras quest\u00f5es de que dever\u00e1 ter conhecimento sobre a pol\u00edtica de privacidade do HCAC.<br \/>\nHiperliga\u00e7\u00f5es (<i>Links<\/i>)<br \/>\nO <i>site<\/i> da HCAC cont\u00e9m hiperliga\u00e7\u00f5es (<i>links<\/i>) para outros s\u00edtios electr\u00f3nicos (<i>sites<\/i>). A HCAC n\u00e3o se responsabiliza pelas pol\u00edticas de privacidade desses mesmos <i>sites<\/i>. Recomenda-se aos utilizadores do <i>site<\/i> da HCAC que, quando acedam a outros <i>sites<\/i>, consultem as p\u00e1ginas que, dentro desses <i>sites<\/i>, se refiram \u00e0s suas pol\u00edticas de privacidade. Este texto refere-se apenas \u00e0 pol\u00edtica de privacidade aplic\u00e1vel ao <i>site<\/i> da HCAC.<\/p>\n<p>Altera\u00e7\u00e3o de Condi\u00e7\u00f5es de Utiliza\u00e7\u00e3o do <i>site<\/i> da HCAC<br \/>\nSempre que houver uma altera\u00e7\u00e3o das condi\u00e7\u00f5es de utiliza\u00e7\u00e3o do <i>site<\/i> da HCAC, designadamente nas Condi\u00e7\u00f5es de Servi\u00e7o ou na Pol\u00edtica de Privacidade, a HCAC enviar\u00e1 um <i>e-mail<\/i> aos seus utilizadores registados.<\/p>\n<p>Autoriza\u00e7\u00e3o para Utiliza\u00e7\u00f5es Diversas<br \/>\nSe a HCAC pretender utilizar os dados dos seus utilizadores para finalidades distintas daquelas para as quais recebeu autoriza\u00e7\u00e3o inicial dos utilizadores, solicitar\u00e1 uma nova autoriza\u00e7\u00e3o dos utilizadores para essa utiliza\u00e7\u00e3o espec\u00edfica.<\/p>\n<p>Comiss\u00e3o Nacional de Prote\u00e7\u00e3o de Dados<br \/>\nOs dados pessoais recolhidos s\u00e3o integrados numa base de dados que se encontra devidamente regularizada junto da Comiss\u00e3o Nacional de Prote\u00e7\u00e3o de Dados (CNPD) e que cumpre a legisla\u00e7\u00e3o portuguesa sobre o tratamento de dados pessoais.<\/p>\n","protected":false},"excerpt":{"rendered":"<p>Pol\u00edtica de Privacidade A COOPERATIVA A CASA DE HABITA\u00c7\u00c3O COLABORATIVA, CRL, adiante designado por HCAC, \u00e9 respons\u00e1vel pelo site www.coop-acasa.pt, adiante designado por site da HCAC, e compromete-se a garantir a privacidade dos dados pessoais recolhidos e\/ou transmitidos online. A seguran\u00e7a e a privacidade dos dados dos utilizadores do site da HCAC s\u00e3o aspetos que [&hellip;]<\/p>\n","protected":false},"author":1,"featured_media":0,"parent":0,"menu_order":0,"comment_status":"closed","ping_status":"closed","template":"","meta":{"footnotes":""},"class_list":["post-45","page","type-page","status-publish","hentry"],"blocksy_meta":[],"yoast_head":"<!-- This site is optimized with the Yoast SEO plugin v25.5 - https:\/\/yoast.com\/wordpress\/plugins\/seo\/ -->\n<title>Pol\u00edtica de Privacidade - A Casa<\/title>\n<meta name=\"description\" content=\"cooperativas de habita\u00e7\u00e3o cohousing cooperativas de habita\u00e7\u00e3o envelhecimento ativo coop acasa portugal lisboa\" \/>\n<meta name=\"robots\" content=\"index, follow, max-snippet:-1, max-image-preview:large, max-video-preview:-1\" \/>\n<link rel=\"canonical\" href=\"https:\/\/www.coop-acasa.pt\/index.php\/politica-de-privacidade\/\" \/>\n<script type=\"application\/ld+json\" class=\"yoast-schema-graph\">{\"@context\":\"https:\/\/schema.org\",\"@graph\":[{\"@type\":\"WebPage\",\"@id\":\"https:\/\/www.coop-acasa.pt\/index.php\/politica-de-privacidade\/\",\"url\":\"https:\/\/www.coop-acasa.pt\/index.php\/politica-de-privacidade\/\",\"name\":\"Pol\u00edtica de Privacidade - A Casa\",\"isPartOf\":{\"@id\":\"https:\/\/www.coop-acasa.pt\/#website\"},\"datePublished\":\"2024-02-25T19:40:26+00:00\",\"dateModified\":\"2025-07-22T19:44:55+00:00\",\"description\":\"cooperativas de habita\u00e7\u00e3o cohousing cooperativas de habita\u00e7\u00e3o envelhecimento ativo coop acasa portugal lisboa\",\"breadcrumb\":{\"@id\":\"https:\/\/www.coop-acasa.pt\/index.php\/politica-de-privacidade\/#breadcrumb\"},\"inLanguage\":\"pt-PT\",\"potentialAction\":[{\"@type\":\"ReadAction\",\"target\":[\"https:\/\/www.coop-acasa.pt\/index.php\/politica-de-privacidade\/\"]}]},{\"@type\":\"BreadcrumbList\",\"@id\":\"https:\/\/www.coop-acasa.pt\/index.php\/politica-de-privacidade\/#breadcrumb\",\"itemListElement\":[{\"@type\":\"ListItem\",\"position\":1,\"name\":\"In\u00edcio\",\"item\":\"https:\/\/www.coop-acasa.pt\/\"},{\"@type\":\"ListItem\",\"position\":2,\"name\":\"Pol\u00edtica de Privacidade\"}]},{\"@type\":\"WebSite\",\"@id\":\"https:\/\/www.coop-acasa.pt\/#website\",\"url\":\"https:\/\/www.coop-acasa.pt\/\",\"name\":\"HCAC\",\"description\":\"Habita\u00e7\u00e3o Colaborativa\",\"publisher\":{\"@id\":\"https:\/\/www.coop-acasa.pt\/#organization\"},\"potentialAction\":[{\"@type\":\"SearchAction\",\"target\":{\"@type\":\"EntryPoint\",\"urlTemplate\":\"https:\/\/www.coop-acasa.pt\/?s={search_term_string}\"},\"query-input\":{\"@type\":\"PropertyValueSpecification\",\"valueRequired\":true,\"valueName\":\"search_term_string\"}}],\"inLanguage\":\"pt-PT\"},{\"@type\":\"Organization\",\"@id\":\"https:\/\/www.coop-acasa.pt\/#organization\",\"name\":\"HCAC\",\"url\":\"https:\/\/www.coop-acasa.pt\/\",\"logo\":{\"@type\":\"ImageObject\",\"inLanguage\":\"pt-PT\",\"@id\":\"https:\/\/www.coop-acasa.pt\/#\/schema\/logo\/image\/\",\"url\":\"http:\/\/www.coop-acasa.pt\/wp-content\/uploads\/2024\/02\/cropped-logotipo-1.jpg\",\"contentUrl\":\"http:\/\/www.coop-acasa.pt\/wp-content\/uploads\/2024\/02\/cropped-logotipo-1.jpg\",\"width\":512,\"height\":512,\"caption\":\"HCAC\"},\"image\":{\"@id\":\"https:\/\/www.coop-acasa.pt\/#\/schema\/logo\/image\/\"}}]}<\/script>\n<!-- \/ Yoast SEO plugin. -->","yoast_head_json":{"title":"Pol\u00edtica de Privacidade - A Casa","description":"cooperativas de habita\u00e7\u00e3o cohousing cooperativas de habita\u00e7\u00e3o envelhecimento ativo coop acasa portugal lisboa","robots":{"index":"index","follow":"follow","max-snippet":"max-snippet:-1","max-image-preview":"max-image-preview:large","max-video-preview":"max-video-preview:-1"},"canonical":"https:\/\/www.coop-acasa.pt\/index.php\/politica-de-privacidade\/","schema":{"@context":"https:\/\/schema.org","@graph":[{"@type":"WebPage","@id":"https:\/\/www.coop-acasa.pt\/index.php\/politica-de-privacidade\/","url":"https:\/\/www.coop-acasa.pt\/index.php\/politica-de-privacidade\/","name":"Pol\u00edtica de Privacidade - A Casa","isPartOf":{"@id":"https:\/\/www.coop-acasa.pt\/#website"},"datePublished":"2024-02-25T19:40:26+00:00","dateModified":"2025-07-22T19:44:55+00:00","description":"cooperativas de habita\u00e7\u00e3o cohousing cooperativas de habita\u00e7\u00e3o envelhecimento ativo coop acasa portugal lisboa","breadcrumb":{"@id":"https:\/\/www.coop-acasa.pt\/index.php\/politica-de-privacidade\/#breadcrumb"},"inLanguage":"pt-PT","potentialAction":[{"@type":"ReadAction","target":["https:\/\/www.coop-acasa.pt\/index.php\/politica-de-privacidade\/"]}]},{"@type":"BreadcrumbList","@id":"https:\/\/www.coop-acasa.pt\/index.php\/politica-de-privacidade\/#breadcrumb","itemListElement":[{"@type":"ListItem","position":1,"name":"In\u00edcio","item":"https:\/\/www.coop-acasa.pt\/"},{"@type":"ListItem","position":2,"name":"Pol\u00edtica de Privacidade"}]},{"@type":"WebSite","@id":"https:\/\/www.coop-acasa.pt\/#website","url":"https:\/\/www.coop-acasa.pt\/","name":"HCAC","description":"Habita\u00e7\u00e3o Colaborativa","publisher":{"@id":"https:\/\/www.coop-acasa.pt\/#organization"},"potentialAction":[{"@type":"SearchAction","target":{"@type":"EntryPoint","urlTemplate":"https:\/\/www.coop-acasa.pt\/?s={search_term_string}"},"query-input":{"@type":"PropertyValueSpecification","valueRequired":true,"valueName":"search_term_string"}}],"inLanguage":"pt-PT"},{"@type":"Organization","@id":"https:\/\/www.coop-acasa.pt\/#organization","name":"HCAC","url":"https:\/\/www.coop-acasa.pt\/","logo":{"@type":"ImageObject","inLanguage":"pt-PT","@id":"https:\/\/www.coop-acasa.pt\/#\/schema\/logo\/image\/","url":"http:\/\/www.coop-acasa.pt\/wp-content\/uploads\/2024\/02\/cropped-logotipo-1.jpg","contentUrl":"http:\/\/www.coop-acasa.pt\/wp-content\/uploads\/2024\/02\/cropped-logotipo-1.jpg","width":512,"height":512,"caption":"HCAC"},"image":{"@id":"https:\/\/www.coop-acasa.pt\/#\/schema\/logo\/image\/"}}]}},"_links":{"self":[{"href":"https:\/\/www.coop-acasa.pt\/index.php\/wp-json\/wp\/v2\/pages\/45","targetHints":{"allow":["GET"]}}],"collection":[{"href":"https:\/\/www.coop-acasa.pt\/index.php\/wp-json\/wp\/v2\/pages"}],"about":[{"href":"https:\/\/www.coop-acasa.pt\/index.php\/wp-json\/wp\/v2\/types\/page"}],"author":[{"embeddable":true,"href":"https:\/\/www.coop-acasa.pt\/index.php\/wp-json\/wp\/v2\/users\/1"}],"replies":[{"embeddable":true,"href":"https:\/\/www.coop-acasa.pt\/index.php\/wp-json\/wp\/v2\/comments?post=45"}],"version-history":[{"count":10,"href":"https:\/\/www.coop-acasa.pt\/index.php\/wp-json\/wp\/v2\/pages\/45\/revisions"}],"predecessor-version":[{"id":1360,"href":"https:\/\/www.coop-acasa.pt\/index.php\/wp-json\/wp\/v2\/pages\/45\/revisions\/1360"}],"wp:attachment":[{"href":"https:\/\/www.coop-acasa.pt\/index.php\/wp-json\/wp\/v2\/media?parent=45"}],"curies":[{"name":"wp","href":"https:\/\/api.w.org\/{rel}","templated":true}]}}