{"id":483,"date":"2025-02-12T21:08:48","date_gmt":"2025-02-12T21:08:48","guid":{"rendered":"https:\/\/www.hcac.pt\/wordpress\/?page_id=483"},"modified":"2026-02-22T13:25:59","modified_gmt":"2026-02-22T13:25:59","slug":"homepage","status":"publish","type":"page","link":"https:\/\/www.coop-acasa.pt\/","title":{"rendered":"Homepage"},"content":{"rendered":"<div class=\"anterior\">\n<form>\n <input type=\"button\" value=\"&#8249; P\u00e1gina anterior\" onclick=\"history.back()\"><br \/>\n<\/form>\n<\/div>\n<div class=\"mainbanner\"><img decoding=\"async\" src=\"http:\/\/www.coop-acasa.pt\/wp-content\/uploads\/2025\/09\/vale-v2.jpg\" style=\"max-width: 100%;height: auto;\"><\/p>\n<div class=\"maintitle\">\n<h1><i>A Casa<\/i><\/h1>\n<p><\/p>\n<h5> Um projeto de habita\u00e7\u00e3o colaborativa\/<i>cohousing<\/i><\/h5>\n<p style=\"font-weight: 600;\">Somos um Grupo de amigos que decidiu tomar o futuro nas suas pr\u00f3prias m\u00e3os<\/p>\n<\/div>\n<\/div>\n<div style=\"text-align:center; width: 100%; flex-direction: row;\">\n<h3>Quem somos?<\/h3>\n<div style=\"padding: 15px; margin: auto; text-align: justify; width: 80%;\">\n<i>A Casa Habita\u00e7\u00e3o Colaborativa, CRL<\/i> \u00e9 um projeto de Habita\u00e7\u00e3o Colaborativa\/<i>cohousing<\/i> criado por um coletivo que decidiu colocar o futuro nas suas m\u00e3os.<br \/>\n<i>A Casa<\/i> \u00e9 atualmente formada por um grupo de cerca de 50 cooperadores, focados e atra\u00eddos por um mesmo objetivo.<br \/>\n<i>A Casa<\/i> \u00e9 um projeto de propriedade coletiva, sem fins lucrativos. Afirma a sua voca\u00e7\u00e3o multissetorial e multigeracional, garantindo uma efetiva complementaridade e continuidade do projeto, aliando as vantagens de um grupo diverso e consequentemente mais completo, rico e resiliente.<\/div>\n<div><img style=\"max-width: 33.3%; max-height:200px; margin:20px\" src=\"http:\/\/www.coop-acasa.pt\/wp-content\/uploads\/2025\/07\/IMG-20250621-WA0021.jpg\" class=\"neve-site-logo skip-lazy\" alt=\"\" data-variant=\"logo\" decoding=\"async\"><img style=\"max-width: 33.3%; max-height:200px; margin:20px\" src=\"http:\/\/www.coop-acasa.pt\/wp-content\/uploads\/2025\/10\/091_EP_RENDER-02.jpg\" class=\"neve-site-logo skip-lazy\" alt=\"\" data-variant=\"logo\" decoding=\"async\"><img style=\"max-width: 33.3%; max-height:200px; margin:20px\" src=\"http:\/\/www.coop-acasa.pt\/wp-content\/uploads\/2024\/03\/os-encontros.jpg\" class=\"neve-site-logo skip-lazy\" alt=\"\" data-variant=\"logo\" decoding=\"async\"><\/div>\n<\/div>\n<section style=\"background-color: #f7f7f7; padding: 40px 20px; text-align: center; border-top: 1px solid #ccc; border-bottom: 1px solid #ccc;\">\n<div style=\"max-width: 800px;  margin: 0 auto;\">\n<p style=\"font-size: 1.2rem; font-style: italic; color: #2f2f2f; margin-bottom: 10px;\">Uma comunidade onde o envelhecimento \u00e9 vivido com dignidade, autonomia e afeto.<\/p>\n<p style=\"font-size: 1rem; color: #555; float: right;\">\u2014 A Casa<\/p>\n<\/p><\/div>\n<\/section>\n<p style=\"height:20px\">\n<div style=\"text-align: center; color: white; flex-wrap: wrap; display:flex\">\n<p style=\"height:20px\">\n<div style=\"max-width: 33%; padding:30px; color: white; background-color: #516a43; min-width: 180px;\">\n<p style=\"font-size:25px\">Miss\u00e3o<\/p>\n<hr>\n<p> Pretendemos ser uma comunidade autogerida e sem fins lucrativos, que potencie um ambiente de viv\u00eancia e de envelhecimento dignos e de qualidade, num ambiente de apoio rec\u00edproco.<\/p><\/div>\n<div style=\"max-width: 33%; padding:30px; color: white; background-color: #638b4e; min-width: 180px;\">\n<p style=\"font-size:25px\">Vis\u00e3o<\/p>\n<hr>\n<p> A Casa partilha uma vis\u00e3o de envelhecimento ativo e saud\u00e1vel, focado no cuidado integral de todos e de cada um, de uma forma solid\u00e1ria, autodeterminada e colaborativa<\/p><\/div>\n<div style=\"max-width: 33%; padding:30px; color: white; background-color: #516a43; min-width: 180px;\">\n<p style=\"font-size:25px\">Valores<\/p>\n<hr>\n<p>Pautamo-nos por valores baseados na sustentabilidade, solidariedade, coopera\u00e7\u00e3o, inclus\u00e3o, entre-ajuda e confian\u00e7a.<\/p><\/div>\n<\/div>\n<p style=\"height:100px\">\n<div style=\"text-align: center; height:200px; display: flex; justify-content: center; align-items: center;\">\n<div><img decoding=\"async\" style=\"max-height:300px; border-radius: 10px; min-width: 120px;\" src=\"http:\/\/www.coop-acasa.pt\/wp-content\/uploads\/2025\/10\/091_EP_RENDER-01.jpg\"><\/div>\n<div style=\"font-size: 1.1rem; color: #2f2f2f; padding:20px\">Veja o nosso projeto de Arquitetura em avalia\u00e7\u00e3o na C. Municipal do Montijo<\/p>\n<p style=\"height:20px\"><a href=\"https:\/\/www.coop-acasa.pt\/index.php\/projeto-de-arquitetura\/\" class=\"botaoarquitetura\">Conhecer Projeto de Arquitetura<\/a><\/div>\n<div><img decoding=\"async\" style=\"max-height:300px; border-radius: 10px; min-width: 120px;\" src=\"http:\/\/www.coop-acasa.pt\/wp-content\/uploads\/2025\/10\/091_EP_RENDER-04.jpg\"><\/div>\n<\/div>\n<p style=\"height:20px\">\n<!-- \n\n<div style=\"text-align: center;\">\n\n<h2><i>\u201cA Casa\u201d<\/i>, um projeto de habita\u00e7\u00e3o colaborativa<\/h2>\n\n<\/div>\n\n\n\n\n<div style=\"display: flex; flex-wrap: wrap;\">\n\n\n<div class=\"designbox\" style=\"font-size:25px; width:40%; margin:auto; min-width: 270px; padding-bottom: 20px;\"><span style=\"font-size: 80px; font-family: fantasy; line-height: 50px;\">\"<\/span>Somos um Grupo de amigos que decidiu tomar o futuro nas suas pr\u00f3prias m\u00e3os <br \/><span style=\"font-size: 80px; font-family: fantasy; float: right;line-height: 25px;\">\u201d<\/span>\n\n\n\n<\/div>\n\n\n\n\n<div style=\"min-width: 300px; padding: 20px; text-align: right; margin: auto; width:50%\"><img src=\"https:\/\/www.coop-acasa.pt\/wp-content\/uploads\/2025\/02\/homepage.png\" class=\"neve-site-logo skip-lazy\" alt=\"\" data-variant=\"logo\" decoding=\"async\"><\/div>\n\n\n<\/div>\n\n\n<br \/>\n\n\n<h3 style=\"text-align:center\">Quem somos<\/h3>\n\n\n\n\n<div style=\"display: flex; flex-wrap: wrap;\">\n\n\n<div style=\"min-width: 300px; margin: auto; width:35% \"><img src=\"https:\/\/www.coop-acasa.pt\/wp-content\/uploads\/2025\/02\/Piquenique.Terreno.Julho_.24.jpeg\" class=\"neve-site-logo skip-lazy\" alt=\"\" data-variant=\"logo\" decoding=\"async\"><\/div>\n\n\n\n\n<div style=\"text-align: left; width: 65%; padding: 15px; margin: auto\">\n<i>A Casa Habita\u00e7\u00e3o Colaborativa, CRL<\/i> \u00e9 um projeto de Habita\u00e7\u00e3o Colaborativa criado por um coletivo que decidiu colocar o futuro nas suas m\u00e3os.\n<i>A Casa<\/i> \u00e9 atualmente formada por um grupo de cerca de 50 cooperadores, focados e atra\u00eddos por um mesmo objetivo: um envelhecimento ativo, garantindo a autonomia e a qualidade de vida dos seus participantes, de acordo com as melhores pr\u00e1ticas, num esp\u00edrito de partilha, entreajuda, colabora\u00e7\u00e3o e autogest\u00e3o.\n<i>A Casa<\/i> \u00e9 um projeto de propriedade coletiva, sem fins lucrativos. Afirma a sua voca\u00e7\u00e3o multissetorial e multigeracional, garantindo uma efetiva complementaridade e continuidade do projeto, aliando as vantagens de um grupo diverso e consequentemente mais completo, rico e resiliente.\nNeste momento <i>A Casa<\/i> assinou j\u00e1 a escritura de um terreno com 14ha em St\u00ba.Isidro de Peg\u00f5es e o PIP, submetido ao Munic\u00edpio do Montijo, encontra-se aprovado de forma condicionada.<\/div>\n\n\n<\/div>\n\n\n<br \/>\n\n\n\n<h3 style=\"text-align:center\">Miss\u00e3o, vis\u00e3o e valores<\/h3>\n\n\n\n\n<div style=\"display: flex; flex-wrap: wrap; display:flex\">\n\n\n<div class=\"designbox\" style=\"width: 30%; text-align: center;\">\n\n<h4>Miss\u00e3o<\/h4>\n\n\n\n Pretendemos ser uma comunidade autogerida e sem fins lucrativos, que potencie um ambiente de viv\u00eancia e de envelhecimento dignos e de qualidade, num ambiente de apoio rec\u00edproco.<\/div>\n\n\n\n\n<div class=\"designbox\" style=\"width: 30%; text-align: center\">\n\n<h4>Vis\u00e3o<\/h4>\n\n<br \/> A Casa partilha uma vis\u00e3o de\nenvelhecimento ativo e saud\u00e1vel, focado no cuidado integral de todos e de cada um, de uma forma solid\u00e1ria, autodeterminada e colaborativa<\/div>\n\n\n\n\n<div class=\"designbox\" style=\"width: 30%;text-align: center\">\n\n<h4>Valores<\/h4>\n\n\n\nPautamo-nos por valores baseados na sustentabilidade, solidariedade, coopera\u00e7\u00e3o, inclus\u00e3o, entre-ajuda e confian\u00e7a.<\/div>\n\n\n<\/div>\n\n--><\/p>\n<p style=\"height:30px;\">\n","protected":false},"excerpt":{"rendered":"<p>A Casa Um projeto de habita\u00e7\u00e3o colaborativa\/cohousing Somos um Grupo de amigos que decidiu tomar o futuro nas suas pr\u00f3prias m\u00e3os Quem somos? A Casa Habita\u00e7\u00e3o Colaborativa, CRL \u00e9 um projeto de Habita\u00e7\u00e3o Colaborativa\/cohousing criado por um coletivo que decidiu colocar o futuro nas suas m\u00e3os. A Casa \u00e9 atualmente formada por um grupo de [&hellip;]<\/p>\n","protected":false},"author":1,"featured_media":0,"parent":0,"menu_order":0,"comment_status":"closed","ping_status":"closed","template":"","meta":{"footnotes":""},"class_list":["post-483","page","type-page","status-publish","hentry"],"blocksy_meta":[],"yoast_head":"<!-- This site is optimized with the Yoast SEO plugin v25.5 - https:\/\/yoast.com\/wordpress\/plugins\/seo\/ -->\n<title>Homepage - A Casa<\/title>\n<meta name=\"description\" content=\"cooperativas de habita\u00e7\u00e3o cohousing cooperativas de habita\u00e7\u00e3o envelhecimento ativo coop acasa portugal lisboa\" \/>\n<meta name=\"robots\" content=\"index, follow, max-snippet:-1, max-image-preview:large, max-video-preview:-1\" \/>\n<link rel=\"canonical\" href=\"https:\/\/www.coop-acasa.pt\/\" \/>\n<script type=\"application\/ld+json\" class=\"yoast-schema-graph\">{\"@context\":\"https:\/\/schema.org\",\"@graph\":[{\"@type\":\"WebPage\",\"@id\":\"https:\/\/www.coop-acasa.pt\/\",\"url\":\"https:\/\/www.coop-acasa.pt\/\",\"name\":\"Homepage - A Casa\",\"isPartOf\":{\"@id\":\"https:\/\/www.coop-acasa.pt\/#website\"},\"primaryImageOfPage\":{\"@id\":\"https:\/\/www.coop-acasa.pt\/#primaryimage\"},\"image\":{\"@id\":\"https:\/\/www.coop-acasa.pt\/#primaryimage\"},\"thumbnailUrl\":\"http:\/\/www.coop-acasa.pt\/wp-content\/uploads\/2025\/09\/vale-v2.jpg\",\"datePublished\":\"2025-02-12T21:08:48+00:00\",\"dateModified\":\"2026-02-22T13:25:59+00:00\",\"description\":\"cooperativas de habita\u00e7\u00e3o cohousing cooperativas de habita\u00e7\u00e3o envelhecimento ativo coop acasa portugal lisboa\",\"breadcrumb\":{\"@id\":\"https:\/\/www.coop-acasa.pt\/#breadcrumb\"},\"inLanguage\":\"pt-PT\",\"potentialAction\":[{\"@type\":\"ReadAction\",\"target\":[\"https:\/\/www.coop-acasa.pt\/\"]}]},{\"@type\":\"ImageObject\",\"inLanguage\":\"pt-PT\",\"@id\":\"https:\/\/www.coop-acasa.pt\/#primaryimage\",\"url\":\"http:\/\/www.coop-acasa.pt\/wp-content\/uploads\/2025\/09\/vale-v2.jpg\",\"contentUrl\":\"http:\/\/www.coop-acasa.pt\/wp-content\/uploads\/2025\/09\/vale-v2.jpg\"},{\"@type\":\"BreadcrumbList\",\"@id\":\"https:\/\/www.coop-acasa.pt\/#breadcrumb\",\"itemListElement\":[{\"@type\":\"ListItem\",\"position\":1,\"name\":\"In\u00edcio\",\"item\":\"https:\/\/www.coop-acasa.pt\/\"},{\"@type\":\"ListItem\",\"position\":2,\"name\":\"Homepage\"}]},{\"@type\":\"WebSite\",\"@id\":\"https:\/\/www.coop-acasa.pt\/#website\",\"url\":\"https:\/\/www.coop-acasa.pt\/\",\"name\":\"HCAC\",\"description\":\"Habita\u00e7\u00e3o Colaborativa\",\"publisher\":{\"@id\":\"https:\/\/www.coop-acasa.pt\/#organization\"},\"potentialAction\":[{\"@type\":\"SearchAction\",\"target\":{\"@type\":\"EntryPoint\",\"urlTemplate\":\"https:\/\/www.coop-acasa.pt\/?s={search_term_string}\"},\"query-input\":{\"@type\":\"PropertyValueSpecification\",\"valueRequired\":true,\"valueName\":\"search_term_string\"}}],\"inLanguage\":\"pt-PT\"},{\"@type\":\"Organization\",\"@id\":\"https:\/\/www.coop-acasa.pt\/#organization\",\"name\":\"HCAC\",\"url\":\"https:\/\/www.coop-acasa.pt\/\",\"logo\":{\"@type\":\"ImageObject\",\"inLanguage\":\"pt-PT\",\"@id\":\"https:\/\/www.coop-acasa.pt\/#\/schema\/logo\/image\/\",\"url\":\"http:\/\/www.coop-acasa.pt\/wp-content\/uploads\/2024\/02\/cropped-logotipo-1.jpg\",\"contentUrl\":\"http:\/\/www.coop-acasa.pt\/wp-content\/uploads\/2024\/02\/cropped-logotipo-1.jpg\",\"width\":512,\"height\":512,\"caption\":\"HCAC\"},\"image\":{\"@id\":\"https:\/\/www.coop-acasa.pt\/#\/schema\/logo\/image\/\"}}]}<\/script>\n<!-- \/ Yoast SEO plugin. -->","yoast_head_json":{"title":"Homepage - A Casa","description":"cooperativas de habita\u00e7\u00e3o cohousing cooperativas de habita\u00e7\u00e3o envelhecimento ativo coop acasa portugal lisboa","robots":{"index":"index","follow":"follow","max-snippet":"max-snippet:-1","max-image-preview":"max-image-preview:large","max-video-preview":"max-video-preview:-1"},"canonical":"https:\/\/www.coop-acasa.pt\/","schema":{"@context":"https:\/\/schema.org","@graph":[{"@type":"WebPage","@id":"https:\/\/www.coop-acasa.pt\/","url":"https:\/\/www.coop-acasa.pt\/","name":"Homepage - A Casa","isPartOf":{"@id":"https:\/\/www.coop-acasa.pt\/#website"},"primaryImageOfPage":{"@id":"https:\/\/www.coop-acasa.pt\/#primaryimage"},"image":{"@id":"https:\/\/www.coop-acasa.pt\/#primaryimage"},"thumbnailUrl":"http:\/\/www.coop-acasa.pt\/wp-content\/uploads\/2025\/09\/vale-v2.jpg","datePublished":"2025-02-12T21:08:48+00:00","dateModified":"2026-02-22T13:25:59+00:00","description":"cooperativas de habita\u00e7\u00e3o cohousing cooperativas de habita\u00e7\u00e3o envelhecimento ativo coop acasa portugal lisboa","breadcrumb":{"@id":"https:\/\/www.coop-acasa.pt\/#breadcrumb"},"inLanguage":"pt-PT","potentialAction":[{"@type":"ReadAction","target":["https:\/\/www.coop-acasa.pt\/"]}]},{"@type":"ImageObject","inLanguage":"pt-PT","@id":"https:\/\/www.coop-acasa.pt\/#primaryimage","url":"http:\/\/www.coop-acasa.pt\/wp-content\/uploads\/2025\/09\/vale-v2.jpg","contentUrl":"http:\/\/www.coop-acasa.pt\/wp-content\/uploads\/2025\/09\/vale-v2.jpg"},{"@type":"BreadcrumbList","@id":"https:\/\/www.coop-acasa.pt\/#breadcrumb","itemListElement":[{"@type":"ListItem","position":1,"name":"In\u00edcio","item":"https:\/\/www.coop-acasa.pt\/"},{"@type":"ListItem","position":2,"name":"Homepage"}]},{"@type":"WebSite","@id":"https:\/\/www.coop-acasa.pt\/#website","url":"https:\/\/www.coop-acasa.pt\/","name":"HCAC","description":"Habita\u00e7\u00e3o Colaborativa","publisher":{"@id":"https:\/\/www.coop-acasa.pt\/#organization"},"potentialAction":[{"@type":"SearchAction","target":{"@type":"EntryPoint","urlTemplate":"https:\/\/www.coop-acasa.pt\/?s={search_term_string}"},"query-input":{"@type":"PropertyValueSpecification","valueRequired":true,"valueName":"search_term_string"}}],"inLanguage":"pt-PT"},{"@type":"Organization","@id":"https:\/\/www.coop-acasa.pt\/#organization","name":"HCAC","url":"https:\/\/www.coop-acasa.pt\/","logo":{"@type":"ImageObject","inLanguage":"pt-PT","@id":"https:\/\/www.coop-acasa.pt\/#\/schema\/logo\/image\/","url":"http:\/\/www.coop-acasa.pt\/wp-content\/uploads\/2024\/02\/cropped-logotipo-1.jpg","contentUrl":"http:\/\/www.coop-acasa.pt\/wp-content\/uploads\/2024\/02\/cropped-logotipo-1.jpg","width":512,"height":512,"caption":"HCAC"},"image":{"@id":"https:\/\/www.coop-acasa.pt\/#\/schema\/logo\/image\/"}}]}},"_links":{"self":[{"href":"https:\/\/www.coop-acasa.pt\/index.php\/wp-json\/wp\/v2\/pages\/483","targetHints":{"allow":["GET"]}}],"collection":[{"href":"https:\/\/www.coop-acasa.pt\/index.php\/wp-json\/wp\/v2\/pages"}],"about":[{"href":"https:\/\/www.coop-acasa.pt\/index.php\/wp-json\/wp\/v2\/types\/page"}],"author":[{"embeddable":true,"href":"https:\/\/www.coop-acasa.pt\/index.php\/wp-json\/wp\/v2\/users\/1"}],"replies":[{"embeddable":true,"href":"https:\/\/www.coop-acasa.pt\/index.php\/wp-json\/wp\/v2\/comments?post=483"}],"version-history":[{"count":178,"href":"https:\/\/www.coop-acasa.pt\/index.php\/wp-json\/wp\/v2\/pages\/483\/revisions"}],"predecessor-version":[{"id":2293,"href":"https:\/\/www.coop-acasa.pt\/index.php\/wp-json\/wp\/v2\/pages\/483\/revisions\/2293"}],"wp:attachment":[{"href":"https:\/\/www.coop-acasa.pt\/index.php\/wp-json\/wp\/v2\/media?parent=483"}],"curies":[{"name":"wp","href":"https:\/\/api.w.org\/{rel}","templated":true}]}}