{"id":717,"date":"2025-02-16T17:13:22","date_gmt":"2025-02-16T17:13:22","guid":{"rendered":"https:\/\/www.hcac.pt\/wordpress\/?page_id=717"},"modified":"2026-03-03T19:16:49","modified_gmt":"2026-03-03T19:16:49","slug":"novas-adesoes","status":"publish","type":"page","link":"https:\/\/www.coop-acasa.pt\/index.php\/novas-adesoes\/","title":{"rendered":"Como aderir ao projeto"},"content":{"rendered":"<div class=\"anterior\">\n<form>\n <input type=\"button\" value=\"&#8249; P\u00e1gina anterior\" onclick=\"history.back()\"><br \/>\n<\/form>\n<\/div>\n<div class=\"aderirflex\" style=\"width:100%; display:flex; flex-direction: row;\">\n<div onmouseover=\"bigImg(this)\" onmouseout=\"normalImg(this)\" style=\"background-color: #3f5f39; color:white; padding:20px; text-align:center; border-radius:10px\" >\n<h4 class=\"aderirhover\" style=\"color:white\">Amigo convida amigo<\/h4>\n<div id=\"ponto1\" style=\"display:none\">\n<h5 style=\"color:white\">Ouviu falar do projeto<\/h5>\n<p>Indica e-mail e telem\u00f3vel. <br \/>Ser\u00e1 contactado pelo CA.<\/p>\n<\/div>\n<\/div>\n<p><img decoding=\"async\" style=\"width: 100px; margin-top: 30px;\" src=\"http:\/\/www.coop-acasa.pt\/wp-content\/uploads\/2025\/11\/seta-verde-claro.png\"><\/p>\n<div class=\"aderirflex\" style=\"background-color: #3f5f39; color:white; padding:20px; text-align:center; border-radius:10px\" onmouseover=\"bigImg2(this)\" onmouseout=\"normalImg2(this)\">\n<h4 class=\"aderirhover\" style=\"color:white\">Observador<\/h4>\n<div id=\"ponto2\" style=\"display:none\">\n<h5 style=\"color:white\">Tem interesse e quer acompanhar o projeto<\/h5>\n<p>Recebe documenta\u00e7\u00e3o \u2013 informa\u00e7\u00e3o geral, estatutos e regulamento interno. <br \/> Entra na mailing list e nos grupos WhatsApp. <br \/>Recebe informa\u00e7\u00e3o regular.  <br \/>Participa nos eventos sociais promovidos pela HCAC. <br \/>Participa nas Assembleias Gerais, sem direito de voto. <br \/>  Participa em sess\u00f5es de esclarecimento com o CA. <br \/>Ades\u00e3o sem custos.<\/p>\n<\/div>\n<\/div>\n<p><img decoding=\"async\" style=\"width: 100px; margin-top: 30px;\" src=\"http:\/\/www.coop-acasa.pt\/wp-content\/uploads\/2025\/11\/seta-verde-claro.png\"><\/p>\n<div class=\"aderirflex\" onmouseover=\"bigImg3(this)\" onmouseout=\"normalImg3(this)\" style=\"background-color: #3f5f39; color:white; padding:20px; text-align:center; border-radius:10px\">\n<h4 class=\"aderirhover\" style=\"color:white\">Candidato a cooperador<\/h4>\n<div id=\"ponto3\" style=\"display:none\">\n<h5 style=\"color:white\">Est\u00e1 esclarecido e quer aderir<\/h5>\n<p>Submete ficha de inscri\u00e7\u00e3o, subscrita por 2 cooperadores. <br \/>Em caso de aceita\u00e7\u00e3o pelo CA, \u00e9 atribu\u00eddo um n\u00ba de cooperador. <br \/>Caso o grupo esteja completo, integra a lista de espera.<\/p>\n<\/div>\n<\/div>\n<p><img decoding=\"async\" style=\"width: 100px; margin-top: 30px;\" src=\"http:\/\/www.coop-acasa.pt\/wp-content\/uploads\/2025\/11\/seta-verde-claro.png\"><\/p>\n<div class=\"aderirflex\" style=\"background-color: #3f5f39; color:white; padding:20px; text-align:center; border-radius:10px\" onmouseover=\"bigImg4(this)\" onmouseout=\"normalImg4(this)\">\n<h4 class=\"aderirhover\" style=\"color:white\">Cooperador efetivo<\/h4>\n<div id=\"ponto4\" style=\"display:none\">\n<h5 style=\"color:white\">Estou onde quero<\/h5>\n<p>\u00c9 solicitado o pagamento de: Joia, T\u00edtulos de capital, T\u00edtulos de participa\u00e7\u00e3o, Quota mensal.<br \/> Em caso de necessidade, poder\u00e1 ser aceite plano de pagamento ap\u00f3s aprova\u00e7\u00e3o pelo CA.<\/p>\n<\/div>\n<\/div>\n<\/div>\n<p><script>\nfunction bigImg(x) {\n  document.getElementById(\"ponto1\").style.display = \"block\";\n}\nfunction normalImg(x) {\n  document.getElementById(\"ponto1\").style.display = \"none\";\n}\nfunction bigImg2(x) {\n  document.getElementById(\"ponto2\").style.display = \"block\";\n}\nfunction normalImg2(x) {\n  document.getElementById(\"ponto2\").style.display = \"none\";\n}\nfunction bigImg3(x) {\n  document.getElementById(\"ponto3\").style.display = \"block\";\n}\nfunction normalImg3(x) {\n  document.getElementById(\"ponto3\").style.display = \"none\";\n}\nfunction bigImg4(x) {\n  document.getElementById(\"ponto4\").style.display = \"block\";\n}\nfunction normalImg4(x) {\n  document.getElementById(\"ponto4\").style.display = \"none\";\n}\n<\/script><br \/>\n<!--\n\n\n<div class=\"container\">\n\n\n\n<div class=\"box\">\n        \n\n<h5 style=\"color:white\">Ouviu falar do projeto<\/h5>\n\n\n        \n\n<h4 style=\"color:white\">Amigo convida amigo<\/h4>\n\n\n        \n\n<p>Indica e-mail e telem\u00f3vel. Ser\u00e1 contactado pelo CA.<\/p>\n\n\n<img decoding=\"async\" src=\"http:\/\/www.coop-acasa.pt\/wp-content\/uploads\/2025\/11\/Seta.png\" class=\"arrow\">\n    <\/div>\n\n\n\n    \n\n<div class=\"box\">\n<img decoding=\"async\" src=\"http:\/\/www.coop-acasa.pt\/wp-content\/uploads\/2025\/11\/Seta1.png\" class=\"arrow2\">\n        \n\n<h5 style=\"color:white\">Tem interesse e quer acompanhar o projeto<\/h5>\n\n\n        \n\n<h4 style=\"color:white\">Observador<\/h4>\n\n\n        \n\n<p>\n            Recebe documenta\u00e7\u00e3o \u2013 informa\u00e7\u00e3o geral, estatutos e regulamento interno.  \n            Entra na mailing list e nos grupos WhatsApp. Recebe informa\u00e7\u00e3o regular.  \n            Participa nos eventos sociais promovidos pela HCAC. Participa nas Assembleias Gerais, sem direito de voto.  \n            Participa em sess\u00f5es de esclarecimento com o CA. Ades\u00e3o sem custos.\n        <\/p>\n\n\n    <\/div>\n\n\n\n\n\n<div class=\"box\">\n        \n\n<h5 style=\"color:white\">Est\u00e1 esclarecido e quer aderir<\/h5>\n\n\n        \n\n<h4 style=\"color:white\">Candidato a cooperador<\/h4>\n\n\n        \n\n<p>Submete ficha de inscri\u00e7\u00e3o, subscrita por 2 cooperadores. Em caso de aceita\u00e7\u00e3o pelo CA, \u00e9 atribu\u00eddo um n\u00ba de cooperador. Caso o grupo esteja completo, integra a lista de espera.<\/p>\n\n\n<img decoding=\"async\" src=\"http:\/\/www.coop-acasa.pt\/wp-content\/uploads\/2025\/11\/Seta2.png\" class=\"arrow\">\n    <\/div>\n\n\n\n\n\n<div class=\"box\">\n        \n\n<h5 style=\"color:white\">Estou onde quero<\/h5>\n\n\n        \n\n<h4 style=\"color:white\">Cooperador efetivo<\/h4>\n\n\n        \n\n<p>\u00c9 solicitado o pagamento de: Joia, T\u00edtulos de capital, T\u00edtulos de participa\u00e7\u00e3o, Mensalidade. Em caso de necessidade, poder\u00e1 ser aceite plano de pagamento ap\u00f3s aprova\u00e7\u00e3o pelo CA.<\/p>\n\n\n    <\/div>\n\n\n\n<\/div>\n\n\n\n\n\n\n\n<table class=\"adesao-table\">\n  \n\n<thead>\n    \n\n<tr>\n      \n\n<th>Ouviu falar do projeto<\/th>\n\n\n      \n\n<th>Tem interesse e quer acompanhar o projeto<\/th>\n\n\n      \n\n<th>Est\u00e1 esclarecido e quer aderir<\/th>\n\n\n      \n\n<th>Estou onde quero<\/th>\n\n\n    <\/tr>\n\n\n  <\/thead>\n\n\n\n  \n\n<tbody>\n    \n\n<tr>\n      \n\n<td data-label=\"Ouviu falar do projeto\">Amigo convida amigo<\/td>\n\n\n      \n\n<td data-label=\"Tem interesse e quer acompanhar o projeto\">Observador<\/td>\n\n\n      \n\n<td data-label=\"Est\u00e1 esclarecido e quer aderir\">Candidato a cooperador<\/td>\n\n\n      \n\n<td data-label=\"Estou onde quero\">Cooperador efetivo<\/td>\n\n\n    <\/tr>\n\n\n  <\/tbody>\n\n\n\n  \n\n<tfoot>\n    \n\n<tr>\n      \n\n<td data-label=\"Ouviu falar do projeto\">\n        Indica e-mail e telem\u00f3vel. Ser\u00e1 contactado pelo CA.\n      <\/td>\n\n\n      \n\n<td data-label=\"Tem interesse e quer acompanhar o projeto\">\n        Recebe documenta\u00e7\u00e3o \u2013 informa\u00e7\u00e3o geral, estatutos e regulamento interno. Entra na mailing list e nos grupos Whatsapp. Recebe informa\u00e7\u00e3o regular. Participa nos eventos sociais promovidos pela HCAC. Participa nas Assembleias Gerais, sem direito de voto. Participa em sess\u00f5es de esclarecimento com o CA. Ades\u00e3o sem custos.\n      <\/td>\n\n\n      \n\n<td data-label=\"Est\u00e1 esclarecido e quer aderir\">\n        Submete ficha de inscri\u00e7\u00e3o, subscrita por 2 cooperadores. Em caso de aceita\u00e7\u00e3o pelo CA, \u00e9 atribu\u00eddo um n\u00ba de cooperador. Caso o grupo esteja completo, integra a lista de espera.\n      <\/td>\n\n\n      \n\n<td data-label=\"Estou onde quero\">\n        \u00c9 solicitado o pagamento de: Joia, T\u00edtulos de capital, T\u00edtulos de participa\u00e7\u00e3o, Mensalidade. Em caso de necessidade, poder\u00e1 ser aceite plano de pagamento ap\u00f3s aprova\u00e7\u00e3o pelo CA.\n      <\/td>\n\n\n    <\/tr>\n\n\n  <\/tfoot>\n\n\n<\/table>\n\n\n\n<!--\n\n\n<div style=\"text-align: center; background-color: #516a43; color: white; flex-wrap: wrap; display:flex; align-items: center; margin-bottom: 0px;border-radius: 20px 20px 0px 0px;\">\n\n\n<div style=\"width: 25%; padding:30px;\">\n\n<p style=\"font-size:20px\">Ouviu falar do projeto<\/p>\n\n<\/div>\n\n\n\n\n<div style=\"width: 25%; padding:30px;\">\n\n<p style=\"font-size:20px\">Tem interesse e quer acompanhar o projeto<\/p>\n\n<\/div>\n\n\n\n\n<div style=\"width: 25%; padding:30px;\">\n\n<p style=\"font-size:20px\">Est\u00e1 esclarecido e quer aderir<\/p>\n\n<\/div>\n\n\n\n\n<div style=\"width: 25%; padding:30px;\">\n\n<p style=\"font-size:20px\">Estou onde quero<\/p>\n\n<\/div>\n\n\n<\/div>\n\n\n\n\n\n<div style=\"text-align: center; color: #516a43; flex-wrap: wrap; display:flex; align-items: center; border-width: 1px !important; border: solid; margin-bottom: 0px;\">\n\n\n<div style=\"width: 25%; padding:30px;\">\n\n<p style=\"font-size:20px\">Amigo convida amigo<\/p>\n\n<\/div>\n\n\n\n\n<div style=\"width: 25%; padding:30px;\">\n\n<p style=\"font-size:20px\">Obervador<\/p>\n\n<\/div>\n\n\n\n\n<div style=\"width: 25%; padding:30px;\">\n\n<p style=\"font-size:20px\">Candidato a cooperador<\/p>\n\n<\/div>\n\n\n\n\n<div style=\"width: 25%; padding:30px;\">\n\n<p style=\"font-size:20px\">Cooperador efetivo<\/p>\n\n<\/div>\n\n\n<\/div>\n\n\n\n\n\n<div style=\"text-align: center; background-color: #516a43; color: white; flex-wrap: wrap; display:flex; align-items: center;border-radius: 0px 0px 20px 20px;\">\n\n\n<div style=\"width: 25%; padding:30px;\">\n\n<p style=\"font-size:15px\">Indica e-mail e telem\u00f3vel.\nSer\u00e1 contactado pelo CA.<\/p>\n\n<\/div>\n\n\n\n\n<div style=\"width: 25%; padding:30px;\">\n\n<p style=\"font-size:15px\">Recebe documenta\u00e7\u00e3o \u2013 informa\u00e7\u00e3o geral, estatutos e regulamento interno. Entra na mailing list e nos grupos Whatsapp. Recebe informa\u00e7\u00e3o regular. Participa nos eventos sociais promovidos pela HCAC.\nParticipa nas Assembleias Gerais, sem direito de voto. Participa em sess\u00f5es de esclarecimento com o CA. Ades\u00e3o sem custos.<\/p>\n\n<\/div>\n\n\n\n\n<div style=\"width: 25%; padding:30px;\">\n\n<p style=\"font-size:15px\">Submete ficha de inscri\u00e7\u00e3o, subscrita por 2 cooperadores. Em caso de aceita\u00e7\u00e3o pelo CA, \u00e9 atribu\u00eddo um n\u00ba de cooperador. Caso o grupo esteja completo, integra a lista de espera.<\/p>\n\n<\/div>\n\n\n\n\n<div style=\"width: 25%; padding:30px;\">\n\n<p style=\"font-size:15px\">\u00c9 solicitado o pagamento de:\nJoia\nT\u00edtulos de capital\nT\u00edtulos de participa\u00e7\u00e3o\nMensalidade\nEm caso de necessidade, poder\u00e1 ser aceite plano de pagamento ap\u00f3s aprova\u00e7\u00e3o pelo CA<\/p>\n\n<\/div>\n\n\n<\/div>\n\n\n\n<!--\n\n\n<div style=\"display: flex; flex-wrap: wrap;\">\n\n\n<div style=\"width:25%; text-align:center; min-width:180px\">\n\n<div style=\"background-color: #99c68b; text-align: center; width: 150px; margin-top: 20px; border-radius: 50%; height: 150px; padding: 35px; margin-left: 35px;\">Ouviu falar do projeto<\/div>\n\n<img style=\"max-height: 300px; margin-top: 15px;\" src=\"https:\/\/www.coop-acasa.pt\/wp-content\/uploads\/2025\/02\/Amigo-convida-amigo.png\" class=\"neve-site-logo skip-lazy\" alt=\"\" data-variant=\"logo\" decoding=\"async\"> \n\n<p style=\"margin-top:5px; padding: 20px; text-align: left\">Indica e-mail e telem\u00f3vel.<br \/>Ser\u00e1 contactado pelo CA.<\/p>\n\n<\/div>\n\n\n\n\n<div style=\"width:25%; text-align:center; min-width:180px\">\n\n<div style=\"background-color: #99c68b; text-align: center; width: 150px; margin-top: 20px; border-radius: 50%; height: 150px; padding: 20px; margin-left: 35px;\">Tem interesse e quer acompanhar o projeto<\/div>\n\n<img style=\"max-height: 300px; margin-top: 15px;\" src=\"https:\/\/www.coop-acasa.pt\/wp-content\/uploads\/2025\/02\/Observador.png\" class=\"neve-site-logo skip-lazy\" alt=\"\" data-variant=\"logo\" decoding=\"async\"> \n\n<p style=\"margin-top:5px; padding: 20px; text-align: left\">Recebe documenta\u00e7\u00e3o \u2013 informa\u00e7\u00e3o geral, estatutos e regulamento interno. Entra na mailing list e nos grupos Whatsapp. Recebe informa\u00e7\u00e3o regular. Participa nos eventos sociais promovidos pela HCAC. \nParticipa nas Assembleias Gerais, sem direito de voto. Participa em sess\u00f5es de esclarecimento com o CA. Ades\u00e3o sem custos.<\/p>\n\n<\/div>\n\n\n\n\n<div style=\"width:25%; text-align:center; min-width:180px\">\n\n<div style=\"background-color: #99c68b; text-align: center; width: 150px; margin-top: 20px; border-radius: 50%; height: 150px; padding: 25px; margin-left: 35px;\">Est\u00e1 esclarecido e quer aderir<\/div>\n\n<img style=\"max-height: 300px; margin-top: 15px;\" src=\"https:\/\/www.coop-acasa.pt\/wp-content\/uploads\/2025\/02\/Candidato-a-cooperador.png\" class=\"neve-site-logo skip-lazy\" alt=\"\" data-variant=\"logo\" decoding=\"async\">\n\n<p style=\"margin-top:5px; padding: 20px; text-align: left\">Submete ficha de inscri\u00e7\u00e3o, subscrita por 2 cooperadores. Em caso de aceita\u00e7\u00e3o pelo CA, \u00e9 atribu\u00eddo um n\u00ba de cooperador. Caso o grupo esteja completo, integra a lista de espera. <\/p>\n\n<\/div>\n\n\n\n\n<div style=\"width:25%; text-align:center; min-width:180px\">\n\n<div style=\"background-color: #99c68b; text-align: center; width: 150px; margin-top: 20px; border-radius: 50%; height: 150px; padding: 35px; margin-left: 35px;\">Estou onde quero<\/div>\n\n<img style=\"max-height: 300px; margin-top: 15px;\" src=\"https:\/\/www.coop-acasa.pt\/wp-content\/uploads\/2025\/02\/Cooperador-efetivo.png\" class=\"neve-site-logo skip-lazy\" alt=\"\" data-variant=\"logo\" decoding=\"async\">\n\n<p style=\"margin-top:5px; padding: 20px; text-align: left\">\u00c9 solicitado o pagamento de: <br \/>Joia<br \/>T\u00edtulos de capital<br \/>T\u00edtulos de participa\u00e7\u00e3o<br \/>Mensalidade<br \/>Em caso de necessidade, poder\u00e1 ser aceite plano de pagamento ap\u00f3s aprova\u00e7\u00e3o pelo CA<br \/>\n<\/div>\n\n\n<\/div>\n\n--><\/p>\n<hr>\n<div class=\"designbox\" style=\"text-align:center; display: flex; flex-wrap: wrap;\">\n<div style=\"width:65%;\">\n<h3>Se estiver interessado em ser Observador<\/h3>\n<p>Envie email para <span style=\"text-decoration:underline\"><i><a href=\"mailto:acasa@coop-acasa.pt\"> acasa@coop-acasa.pt <\/a><\/i><\/span><br \/>\nOu para o Cooperador que o convidou mostrando o interesse em ser Observador, indicando:<br \/>\nNome, email e n\u00ba telefone.<\/p>\n<p>Ser\u00e1 contactado(a)!\n<\/p><\/div>\n<div style=\"width:30%; margin:auto\">\n<img style=\"max-height: 300px;\" src=\"https:\/\/www.coop-acasa.pt\/wp-content\/uploads\/2024\/03\/terreno-4.png\" class=\"neve-site-logo skip-lazy\" alt=\"\" data-variant=\"logo\" decoding=\"async\">\n<\/div>\n<\/div>\n<p style=\"margin-top:25px;\">\n","protected":false},"excerpt":{"rendered":"<p>Amigo convida amigo Ouviu falar do projeto Indica e-mail e telem\u00f3vel. Ser\u00e1 contactado pelo CA. Observador Tem interesse e quer acompanhar o projeto Recebe documenta\u00e7\u00e3o \u2013 informa\u00e7\u00e3o geral, estatutos e regulamento interno. Entra na mailing list e nos grupos WhatsApp. Recebe informa\u00e7\u00e3o regular. Participa nos eventos sociais promovidos pela HCAC. Participa nas Assembleias Gerais, sem [&hellip;]<\/p>\n","protected":false},"author":1,"featured_media":0,"parent":0,"menu_order":0,"comment_status":"closed","ping_status":"closed","template":"","meta":{"footnotes":""},"class_list":["post-717","page","type-page","status-publish","hentry"],"blocksy_meta":[],"yoast_head":"<!-- This site is optimized with the Yoast SEO plugin v25.5 - https:\/\/yoast.com\/wordpress\/plugins\/seo\/ -->\n<title>Como aderir ao projeto - A Casa<\/title>\n<meta name=\"description\" content=\"cooperativas de habita\u00e7\u00e3o cohousing cooperativas de habita\u00e7\u00e3o envelhecimento ativo coop acasa portugal lisboa\" \/>\n<meta name=\"robots\" content=\"index, follow, max-snippet:-1, max-image-preview:large, max-video-preview:-1\" \/>\n<link rel=\"canonical\" href=\"https:\/\/www.coop-acasa.pt\/index.php\/novas-adesoes\/\" \/>\n<script type=\"application\/ld+json\" class=\"yoast-schema-graph\">{\"@context\":\"https:\/\/schema.org\",\"@graph\":[{\"@type\":\"WebPage\",\"@id\":\"https:\/\/www.coop-acasa.pt\/index.php\/novas-adesoes\/\",\"url\":\"https:\/\/www.coop-acasa.pt\/index.php\/novas-adesoes\/\",\"name\":\"Como aderir ao projeto - A Casa\",\"isPartOf\":{\"@id\":\"https:\/\/www.coop-acasa.pt\/#website\"},\"primaryImageOfPage\":{\"@id\":\"https:\/\/www.coop-acasa.pt\/index.php\/novas-adesoes\/#primaryimage\"},\"image\":{\"@id\":\"https:\/\/www.coop-acasa.pt\/index.php\/novas-adesoes\/#primaryimage\"},\"thumbnailUrl\":\"http:\/\/www.coop-acasa.pt\/wp-content\/uploads\/2025\/11\/seta-verde-claro.png\",\"datePublished\":\"2025-02-16T17:13:22+00:00\",\"dateModified\":\"2026-03-03T19:16:49+00:00\",\"description\":\"cooperativas de habita\u00e7\u00e3o cohousing cooperativas de habita\u00e7\u00e3o envelhecimento ativo coop acasa portugal lisboa\",\"breadcrumb\":{\"@id\":\"https:\/\/www.coop-acasa.pt\/index.php\/novas-adesoes\/#breadcrumb\"},\"inLanguage\":\"pt-PT\",\"potentialAction\":[{\"@type\":\"ReadAction\",\"target\":[\"https:\/\/www.coop-acasa.pt\/index.php\/novas-adesoes\/\"]}]},{\"@type\":\"ImageObject\",\"inLanguage\":\"pt-PT\",\"@id\":\"https:\/\/www.coop-acasa.pt\/index.php\/novas-adesoes\/#primaryimage\",\"url\":\"http:\/\/www.coop-acasa.pt\/wp-content\/uploads\/2025\/11\/seta-verde-claro.png\",\"contentUrl\":\"http:\/\/www.coop-acasa.pt\/wp-content\/uploads\/2025\/11\/seta-verde-claro.png\"},{\"@type\":\"BreadcrumbList\",\"@id\":\"https:\/\/www.coop-acasa.pt\/index.php\/novas-adesoes\/#breadcrumb\",\"itemListElement\":[{\"@type\":\"ListItem\",\"position\":1,\"name\":\"In\u00edcio\",\"item\":\"https:\/\/www.coop-acasa.pt\/\"},{\"@type\":\"ListItem\",\"position\":2,\"name\":\"Como aderir ao projeto\"}]},{\"@type\":\"WebSite\",\"@id\":\"https:\/\/www.coop-acasa.pt\/#website\",\"url\":\"https:\/\/www.coop-acasa.pt\/\",\"name\":\"HCAC\",\"description\":\"Habita\u00e7\u00e3o Colaborativa\",\"publisher\":{\"@id\":\"https:\/\/www.coop-acasa.pt\/#organization\"},\"potentialAction\":[{\"@type\":\"SearchAction\",\"target\":{\"@type\":\"EntryPoint\",\"urlTemplate\":\"https:\/\/www.coop-acasa.pt\/?s={search_term_string}\"},\"query-input\":{\"@type\":\"PropertyValueSpecification\",\"valueRequired\":true,\"valueName\":\"search_term_string\"}}],\"inLanguage\":\"pt-PT\"},{\"@type\":\"Organization\",\"@id\":\"https:\/\/www.coop-acasa.pt\/#organization\",\"name\":\"HCAC\",\"url\":\"https:\/\/www.coop-acasa.pt\/\",\"logo\":{\"@type\":\"ImageObject\",\"inLanguage\":\"pt-PT\",\"@id\":\"https:\/\/www.coop-acasa.pt\/#\/schema\/logo\/image\/\",\"url\":\"http:\/\/www.coop-acasa.pt\/wp-content\/uploads\/2024\/02\/cropped-logotipo-1.jpg\",\"contentUrl\":\"http:\/\/www.coop-acasa.pt\/wp-content\/uploads\/2024\/02\/cropped-logotipo-1.jpg\",\"width\":512,\"height\":512,\"caption\":\"HCAC\"},\"image\":{\"@id\":\"https:\/\/www.coop-acasa.pt\/#\/schema\/logo\/image\/\"}}]}<\/script>\n<!-- \/ Yoast SEO plugin. -->","yoast_head_json":{"title":"Como aderir ao projeto - A Casa","description":"cooperativas de habita\u00e7\u00e3o cohousing cooperativas de habita\u00e7\u00e3o envelhecimento ativo coop acasa portugal lisboa","robots":{"index":"index","follow":"follow","max-snippet":"max-snippet:-1","max-image-preview":"max-image-preview:large","max-video-preview":"max-video-preview:-1"},"canonical":"https:\/\/www.coop-acasa.pt\/index.php\/novas-adesoes\/","schema":{"@context":"https:\/\/schema.org","@graph":[{"@type":"WebPage","@id":"https:\/\/www.coop-acasa.pt\/index.php\/novas-adesoes\/","url":"https:\/\/www.coop-acasa.pt\/index.php\/novas-adesoes\/","name":"Como aderir ao projeto - A Casa","isPartOf":{"@id":"https:\/\/www.coop-acasa.pt\/#website"},"primaryImageOfPage":{"@id":"https:\/\/www.coop-acasa.pt\/index.php\/novas-adesoes\/#primaryimage"},"image":{"@id":"https:\/\/www.coop-acasa.pt\/index.php\/novas-adesoes\/#primaryimage"},"thumbnailUrl":"http:\/\/www.coop-acasa.pt\/wp-content\/uploads\/2025\/11\/seta-verde-claro.png","datePublished":"2025-02-16T17:13:22+00:00","dateModified":"2026-03-03T19:16:49+00:00","description":"cooperativas de habita\u00e7\u00e3o cohousing cooperativas de habita\u00e7\u00e3o envelhecimento ativo coop acasa portugal lisboa","breadcrumb":{"@id":"https:\/\/www.coop-acasa.pt\/index.php\/novas-adesoes\/#breadcrumb"},"inLanguage":"pt-PT","potentialAction":[{"@type":"ReadAction","target":["https:\/\/www.coop-acasa.pt\/index.php\/novas-adesoes\/"]}]},{"@type":"ImageObject","inLanguage":"pt-PT","@id":"https:\/\/www.coop-acasa.pt\/index.php\/novas-adesoes\/#primaryimage","url":"http:\/\/www.coop-acasa.pt\/wp-content\/uploads\/2025\/11\/seta-verde-claro.png","contentUrl":"http:\/\/www.coop-acasa.pt\/wp-content\/uploads\/2025\/11\/seta-verde-claro.png"},{"@type":"BreadcrumbList","@id":"https:\/\/www.coop-acasa.pt\/index.php\/novas-adesoes\/#breadcrumb","itemListElement":[{"@type":"ListItem","position":1,"name":"In\u00edcio","item":"https:\/\/www.coop-acasa.pt\/"},{"@type":"ListItem","position":2,"name":"Como aderir ao projeto"}]},{"@type":"WebSite","@id":"https:\/\/www.coop-acasa.pt\/#website","url":"https:\/\/www.coop-acasa.pt\/","name":"HCAC","description":"Habita\u00e7\u00e3o Colaborativa","publisher":{"@id":"https:\/\/www.coop-acasa.pt\/#organization"},"potentialAction":[{"@type":"SearchAction","target":{"@type":"EntryPoint","urlTemplate":"https:\/\/www.coop-acasa.pt\/?s={search_term_string}"},"query-input":{"@type":"PropertyValueSpecification","valueRequired":true,"valueName":"search_term_string"}}],"inLanguage":"pt-PT"},{"@type":"Organization","@id":"https:\/\/www.coop-acasa.pt\/#organization","name":"HCAC","url":"https:\/\/www.coop-acasa.pt\/","logo":{"@type":"ImageObject","inLanguage":"pt-PT","@id":"https:\/\/www.coop-acasa.pt\/#\/schema\/logo\/image\/","url":"http:\/\/www.coop-acasa.pt\/wp-content\/uploads\/2024\/02\/cropped-logotipo-1.jpg","contentUrl":"http:\/\/www.coop-acasa.pt\/wp-content\/uploads\/2024\/02\/cropped-logotipo-1.jpg","width":512,"height":512,"caption":"HCAC"},"image":{"@id":"https:\/\/www.coop-acasa.pt\/#\/schema\/logo\/image\/"}}]}},"_links":{"self":[{"href":"https:\/\/www.coop-acasa.pt\/index.php\/wp-json\/wp\/v2\/pages\/717","targetHints":{"allow":["GET"]}}],"collection":[{"href":"https:\/\/www.coop-acasa.pt\/index.php\/wp-json\/wp\/v2\/pages"}],"about":[{"href":"https:\/\/www.coop-acasa.pt\/index.php\/wp-json\/wp\/v2\/types\/page"}],"author":[{"embeddable":true,"href":"https:\/\/www.coop-acasa.pt\/index.php\/wp-json\/wp\/v2\/users\/1"}],"replies":[{"embeddable":true,"href":"https:\/\/www.coop-acasa.pt\/index.php\/wp-json\/wp\/v2\/comments?post=717"}],"version-history":[{"count":164,"href":"https:\/\/www.coop-acasa.pt\/index.php\/wp-json\/wp\/v2\/pages\/717\/revisions"}],"predecessor-version":[{"id":2354,"href":"https:\/\/www.coop-acasa.pt\/index.php\/wp-json\/wp\/v2\/pages\/717\/revisions\/2354"}],"wp:attachment":[{"href":"https:\/\/www.coop-acasa.pt\/index.php\/wp-json\/wp\/v2\/media?parent=717"}],"curies":[{"name":"wp","href":"https:\/\/api.w.org\/{rel}","templated":true}]}}