{"id":916,"date":"2025-02-25T19:16:18","date_gmt":"2025-02-25T19:16:18","guid":{"rendered":"https:\/\/www.hcac.pt\/wordpress\/?page_id=916"},"modified":"2025-07-22T19:44:40","modified_gmt":"2025-07-22T19:44:40","slug":"servicos-de-saude","status":"publish","type":"page","link":"https:\/\/www.coop-acasa.pt\/index.php\/servicos-de-saude\/","title":{"rendered":"Servi\u00e7os de Sa\u00fade"},"content":{"rendered":"<div class=\"anterior\">\n<form>\n <input type=\"button\" value=\"&#8249; P\u00e1gina anterior\" onclick=\"history.back()\"><br \/>\n<\/form>\n<\/div>\n<p>Pretendemos ter no local todo o apoio at\u00e9 \u00e0 interven\u00e7\u00e3o pr\u00e9-hospitalar.<\/p>\n<div style=\"display: flex; flex-wrap: wrap; text-align:center\">\n<div class=\"designbox\" style=\"width: 30%;\">\n<h4>Fisioterapia<\/h4>\n<p><img style=\"max-height: 120px;\" src=\"https:\/\/www.coop-acasa.pt\/wp-content\/uploads\/2025\/02\/saude1.jpg\" class=\"neve-site-logo skip-lazy\" alt=\"\" data-variant=\"logo\" decoding=\"async\"><\/p>\n<p> 2 gin\u00e1sios e 10 salas de tratamento <br \/> Fisioterapia no local <br \/>Plano individual<\/div>\n<div class=\"designbox\" style=\"width: 30%;\">\n<h4>Medicina<\/h4>\n<p><img style=\"max-height: 120px;\" src=\"https:\/\/www.coop-acasa.pt\/wp-content\/uploads\/2025\/02\/saude2.jpg\" class=\"neve-site-logo skip-lazy\" alt=\"\" data-variant=\"logo\" decoding=\"async\"><\/p>\n<p> Consultas no local <br \/>Videoconsultas <br \/>Articula\u00e7\u00e3o com o SNS e seguros privados<\/div>\n<div class=\"designbox\" style=\"width: 30%; \">\n<h4>Enfermagem<\/h4>\n<p><img style=\"max-height: 120px;\" src=\"https:\/\/www.coop-acasa.pt\/wp-content\/uploads\/2025\/02\/saude3.jpg\" class=\"neve-site-logo skip-lazy\" alt=\"\" data-variant=\"logo\" decoding=\"async\"><\/p>\n<p>Servi\u00e7o permanente<br \/>Servi\u00e7o noturno<br \/>Servi\u00e7o na resid\u00eancia<\/div>\n<\/div>\n<p style=\"height:10px\">\n","protected":false},"excerpt":{"rendered":"<p>Pretendemos ter no local todo o apoio at\u00e9 \u00e0 interven\u00e7\u00e3o pr\u00e9-hospitalar. Fisioterapia 2 gin\u00e1sios e 10 salas de tratamento Fisioterapia no local Plano individual Medicina Consultas no local Videoconsultas Articula\u00e7\u00e3o com o SNS e seguros privados Enfermagem Servi\u00e7o permanenteServi\u00e7o noturnoServi\u00e7o na resid\u00eancia<\/p>\n","protected":false},"author":1,"featured_media":0,"parent":0,"menu_order":0,"comment_status":"closed","ping_status":"closed","template":"","meta":{"footnotes":""},"class_list":["post-916","page","type-page","status-publish","hentry"],"blocksy_meta":[],"yoast_head":"<!-- This site is optimized with the Yoast SEO plugin v25.5 - https:\/\/yoast.com\/wordpress\/plugins\/seo\/ -->\n<title>Servi\u00e7os de Sa\u00fade - A Casa<\/title>\n<meta name=\"description\" content=\"cooperativas de habita\u00e7\u00e3o cohousing cooperativas de habita\u00e7\u00e3o envelhecimento ativo coop acasa portugal lisboa\" \/>\n<meta name=\"robots\" content=\"index, follow, max-snippet:-1, max-image-preview:large, max-video-preview:-1\" \/>\n<link rel=\"canonical\" href=\"https:\/\/www.coop-acasa.pt\/index.php\/servicos-de-saude\/\" \/>\n<script type=\"application\/ld+json\" class=\"yoast-schema-graph\">{\"@context\":\"https:\/\/schema.org\",\"@graph\":[{\"@type\":\"WebPage\",\"@id\":\"https:\/\/www.coop-acasa.pt\/index.php\/servicos-de-saude\/\",\"url\":\"https:\/\/www.coop-acasa.pt\/index.php\/servicos-de-saude\/\",\"name\":\"Servi\u00e7os de Sa\u00fade - A Casa\",\"isPartOf\":{\"@id\":\"https:\/\/www.coop-acasa.pt\/#website\"},\"primaryImageOfPage\":{\"@id\":\"https:\/\/www.coop-acasa.pt\/index.php\/servicos-de-saude\/#primaryimage\"},\"image\":{\"@id\":\"https:\/\/www.coop-acasa.pt\/index.php\/servicos-de-saude\/#primaryimage\"},\"thumbnailUrl\":\"https:\/\/www.coop-acasa.pt\/wp-content\/uploads\/2025\/02\/saude1.jpg\",\"datePublished\":\"2025-02-25T19:16:18+00:00\",\"dateModified\":\"2025-07-22T19:44:40+00:00\",\"description\":\"cooperativas de habita\u00e7\u00e3o cohousing cooperativas de habita\u00e7\u00e3o envelhecimento ativo coop acasa portugal lisboa\",\"breadcrumb\":{\"@id\":\"https:\/\/www.coop-acasa.pt\/index.php\/servicos-de-saude\/#breadcrumb\"},\"inLanguage\":\"pt-PT\",\"potentialAction\":[{\"@type\":\"ReadAction\",\"target\":[\"https:\/\/www.coop-acasa.pt\/index.php\/servicos-de-saude\/\"]}]},{\"@type\":\"ImageObject\",\"inLanguage\":\"pt-PT\",\"@id\":\"https:\/\/www.coop-acasa.pt\/index.php\/servicos-de-saude\/#primaryimage\",\"url\":\"https:\/\/www.coop-acasa.pt\/wp-content\/uploads\/2025\/02\/saude1.jpg\",\"contentUrl\":\"https:\/\/www.coop-acasa.pt\/wp-content\/uploads\/2025\/02\/saude1.jpg\"},{\"@type\":\"BreadcrumbList\",\"@id\":\"https:\/\/www.coop-acasa.pt\/index.php\/servicos-de-saude\/#breadcrumb\",\"itemListElement\":[{\"@type\":\"ListItem\",\"position\":1,\"name\":\"In\u00edcio\",\"item\":\"https:\/\/www.coop-acasa.pt\/\"},{\"@type\":\"ListItem\",\"position\":2,\"name\":\"Servi\u00e7os de Sa\u00fade\"}]},{\"@type\":\"WebSite\",\"@id\":\"https:\/\/www.coop-acasa.pt\/#website\",\"url\":\"https:\/\/www.coop-acasa.pt\/\",\"name\":\"HCAC\",\"description\":\"Habita\u00e7\u00e3o Colaborativa\",\"publisher\":{\"@id\":\"https:\/\/www.coop-acasa.pt\/#organization\"},\"potentialAction\":[{\"@type\":\"SearchAction\",\"target\":{\"@type\":\"EntryPoint\",\"urlTemplate\":\"https:\/\/www.coop-acasa.pt\/?s={search_term_string}\"},\"query-input\":{\"@type\":\"PropertyValueSpecification\",\"valueRequired\":true,\"valueName\":\"search_term_string\"}}],\"inLanguage\":\"pt-PT\"},{\"@type\":\"Organization\",\"@id\":\"https:\/\/www.coop-acasa.pt\/#organization\",\"name\":\"HCAC\",\"url\":\"https:\/\/www.coop-acasa.pt\/\",\"logo\":{\"@type\":\"ImageObject\",\"inLanguage\":\"pt-PT\",\"@id\":\"https:\/\/www.coop-acasa.pt\/#\/schema\/logo\/image\/\",\"url\":\"http:\/\/www.coop-acasa.pt\/wp-content\/uploads\/2024\/02\/cropped-logotipo-1.jpg\",\"contentUrl\":\"http:\/\/www.coop-acasa.pt\/wp-content\/uploads\/2024\/02\/cropped-logotipo-1.jpg\",\"width\":512,\"height\":512,\"caption\":\"HCAC\"},\"image\":{\"@id\":\"https:\/\/www.coop-acasa.pt\/#\/schema\/logo\/image\/\"}}]}<\/script>\n<!-- \/ Yoast SEO plugin. -->","yoast_head_json":{"title":"Servi\u00e7os de Sa\u00fade - A Casa","description":"cooperativas de habita\u00e7\u00e3o cohousing cooperativas de habita\u00e7\u00e3o envelhecimento ativo coop acasa portugal lisboa","robots":{"index":"index","follow":"follow","max-snippet":"max-snippet:-1","max-image-preview":"max-image-preview:large","max-video-preview":"max-video-preview:-1"},"canonical":"https:\/\/www.coop-acasa.pt\/index.php\/servicos-de-saude\/","schema":{"@context":"https:\/\/schema.org","@graph":[{"@type":"WebPage","@id":"https:\/\/www.coop-acasa.pt\/index.php\/servicos-de-saude\/","url":"https:\/\/www.coop-acasa.pt\/index.php\/servicos-de-saude\/","name":"Servi\u00e7os de Sa\u00fade - A Casa","isPartOf":{"@id":"https:\/\/www.coop-acasa.pt\/#website"},"primaryImageOfPage":{"@id":"https:\/\/www.coop-acasa.pt\/index.php\/servicos-de-saude\/#primaryimage"},"image":{"@id":"https:\/\/www.coop-acasa.pt\/index.php\/servicos-de-saude\/#primaryimage"},"thumbnailUrl":"https:\/\/www.coop-acasa.pt\/wp-content\/uploads\/2025\/02\/saude1.jpg","datePublished":"2025-02-25T19:16:18+00:00","dateModified":"2025-07-22T19:44:40+00:00","description":"cooperativas de habita\u00e7\u00e3o cohousing cooperativas de habita\u00e7\u00e3o envelhecimento ativo coop acasa portugal lisboa","breadcrumb":{"@id":"https:\/\/www.coop-acasa.pt\/index.php\/servicos-de-saude\/#breadcrumb"},"inLanguage":"pt-PT","potentialAction":[{"@type":"ReadAction","target":["https:\/\/www.coop-acasa.pt\/index.php\/servicos-de-saude\/"]}]},{"@type":"ImageObject","inLanguage":"pt-PT","@id":"https:\/\/www.coop-acasa.pt\/index.php\/servicos-de-saude\/#primaryimage","url":"https:\/\/www.coop-acasa.pt\/wp-content\/uploads\/2025\/02\/saude1.jpg","contentUrl":"https:\/\/www.coop-acasa.pt\/wp-content\/uploads\/2025\/02\/saude1.jpg"},{"@type":"BreadcrumbList","@id":"https:\/\/www.coop-acasa.pt\/index.php\/servicos-de-saude\/#breadcrumb","itemListElement":[{"@type":"ListItem","position":1,"name":"In\u00edcio","item":"https:\/\/www.coop-acasa.pt\/"},{"@type":"ListItem","position":2,"name":"Servi\u00e7os de Sa\u00fade"}]},{"@type":"WebSite","@id":"https:\/\/www.coop-acasa.pt\/#website","url":"https:\/\/www.coop-acasa.pt\/","name":"HCAC","description":"Habita\u00e7\u00e3o Colaborativa","publisher":{"@id":"https:\/\/www.coop-acasa.pt\/#organization"},"potentialAction":[{"@type":"SearchAction","target":{"@type":"EntryPoint","urlTemplate":"https:\/\/www.coop-acasa.pt\/?s={search_term_string}"},"query-input":{"@type":"PropertyValueSpecification","valueRequired":true,"valueName":"search_term_string"}}],"inLanguage":"pt-PT"},{"@type":"Organization","@id":"https:\/\/www.coop-acasa.pt\/#organization","name":"HCAC","url":"https:\/\/www.coop-acasa.pt\/","logo":{"@type":"ImageObject","inLanguage":"pt-PT","@id":"https:\/\/www.coop-acasa.pt\/#\/schema\/logo\/image\/","url":"http:\/\/www.coop-acasa.pt\/wp-content\/uploads\/2024\/02\/cropped-logotipo-1.jpg","contentUrl":"http:\/\/www.coop-acasa.pt\/wp-content\/uploads\/2024\/02\/cropped-logotipo-1.jpg","width":512,"height":512,"caption":"HCAC"},"image":{"@id":"https:\/\/www.coop-acasa.pt\/#\/schema\/logo\/image\/"}}]}},"_links":{"self":[{"href":"https:\/\/www.coop-acasa.pt\/index.php\/wp-json\/wp\/v2\/pages\/916","targetHints":{"allow":["GET"]}}],"collection":[{"href":"https:\/\/www.coop-acasa.pt\/index.php\/wp-json\/wp\/v2\/pages"}],"about":[{"href":"https:\/\/www.coop-acasa.pt\/index.php\/wp-json\/wp\/v2\/types\/page"}],"author":[{"embeddable":true,"href":"https:\/\/www.coop-acasa.pt\/index.php\/wp-json\/wp\/v2\/users\/1"}],"replies":[{"embeddable":true,"href":"https:\/\/www.coop-acasa.pt\/index.php\/wp-json\/wp\/v2\/comments?post=916"}],"version-history":[{"count":8,"href":"https:\/\/www.coop-acasa.pt\/index.php\/wp-json\/wp\/v2\/pages\/916\/revisions"}],"predecessor-version":[{"id":1356,"href":"https:\/\/www.coop-acasa.pt\/index.php\/wp-json\/wp\/v2\/pages\/916\/revisions\/1356"}],"wp:attachment":[{"href":"https:\/\/www.coop-acasa.pt\/index.php\/wp-json\/wp\/v2\/media?parent=916"}],"curies":[{"name":"wp","href":"https:\/\/api.w.org\/{rel}","templated":true}]}}